{"id":993,"date":"2019-06-07T16:38:07","date_gmt":"2019-06-07T15:38:07","guid":{"rendered":"http:\/\/lemuseedelacolo.fr\/?page_id=993"},"modified":"2020-05-26T08:42:08","modified_gmt":"2020-05-26T07:42:08","slug":"recherche-animateurs-volontaires","status":"publish","type":"page","link":"https:\/\/lemuseedelacolo.fr\/?page_id=993","title":{"rendered":"Recherche animateurs volontaires"},"content":{"rendered":"\n<p>Nous avons \u00e9t\u00e9 contact\u00e9 par deux responsables associatifs. Ils ont \u00e9t\u00e9 interview\u00e9s sur le manque d&rsquo;animateurs cet \u00e9t\u00e9 et les incidences dans certains centres. D\u00e9\u00e7u de l&rsquo;article (La presse de la Manche, jeudi 30 mai 2019), ils nous ont demand\u00e9 de diffuser leur avis commun.<\/p>\n\n\n\n<p>Si nous ne sommes pas tout \u00e0 fait d&rsquo;accord sur certains points (comme le b\u00e9n\u00e9volat historique ou l&rsquo;\u00e9volution des formations), cet article a le m\u00e9rite de montrer des points importants principalement sur l&rsquo;encadrement des Accueils Collectifs de Mineurs.  Les deux auteurs se sont pr\u00e9sent\u00e9s dans le texte ci-apr\u00e8s :<\/p>\n\n\n\n<p>\u00a0\u00bb Vu qu&rsquo;on parle de nous dans cet article\/interview, il nous semble important de r\u00e9agir, d\u2019avoir un droit de r\u00e9ponse, d\u2019autant qu\u2019on le trouve bien pourri. <\/p>\n\n\n\n<p>D\u2019avance,\nd\u00e9sol\u00e9s pour la mise en page\u2026 Facebook n\u2019est pas encore au point \u00e0 ce niveau. <\/p>\n\n\n\n<p>L&rsquo;OCLVO\nest une association d\u2019Education Populaire implant\u00e9e \u00e0 Cherbourg en Cotentin, au\nbout du bout de la Normandie, le bras tendu (voire le poing) juste devant\nl\u2019Angleterre&#8230;<\/p>\n\n\n\n<p>Au\nbout de cette presqu&rsquo;\u00eele, nous, Julien et Guylaine, tous deux coordonnateurs de\ncette association (accessoirement les deux seuls permanents), sommes entour\u00e9s\nde 15 b\u00e9n\u00e9voles et d\u00e9fendons le droit et l\u2019acc\u00e8s aux vacances des enfants en\norganisant diff\u00e9rents types de s\u00e9jours (centre de loisirs, mini-camps et\ncolos).<\/p>\n\n\n\n<p>L&rsquo;asso\nest n\u00e9e en 1959 (pas nous ! Quoique dans notre CA, nous avons Andr\u00e9, qui a\nconnu l&rsquo;asso pour l&rsquo;avoir fr\u00e9quent\u00e9e enfant et plus tard en tant que\nmoniteur&#8230;. c&rsquo;est lui le t\u00e9moin de notre histoire&#8230;.lui qui nous raconte\ncomment c&rsquo;\u00e9tait avant&#8230;. le b\u00e9n\u00e9volat des moniteurs, les cars bond\u00e9s\nd&rsquo;enfants, les sorties ritualis\u00e9es tous les vendredis&#8230;. lui qui nous a\nexpliqu\u00e9 la cr\u00e9ation de l&rsquo;OCLVO, les luttes des militants la\u00efques de l&rsquo;\u00e9poque.\nIl a aujourd&rsquo;hui plus de 70 ans et toujours un membre actif de l&rsquo;asso ! <\/p>\n\n\n\n<p>Bref,\nnous puisons nos racines sur les mouvements la\u00efques de l&rsquo;Education\nPopulaire&#8230;. et cela, pour nous, c&rsquo;est politique ! Avec une volont\u00e9 de\ntransformation sociale toujours aussi affirm\u00e9e aujourd&rsquo;hui : l&rsquo;\u00e9galit\u00e9 et la\njustice sociale pour tous, pour faire court ! Juste pour resituer qui nous\nsommes et d&rsquo;o\u00f9 nous venons&#8230; <\/p>\n\n\n\n<p>Derni\u00e8re\npr\u00e9cision sur qui parle : nous sommes tous les deux BAFA, BAFD, DEJEPS et\nsurtout nous avons tous les 2 fr\u00e9quent\u00e9 des colos lorsque nous \u00e9tions enfants\net en gardons des exp\u00e9riences m\u00e9morables&#8230;qui nous ont fait grandir ! Nous ne\nsommes donc pas l\u00e0 par hasard ! Et dans le cadre de nos missions, nous\ndirigeons r\u00e9guli\u00e8rement des s\u00e9jours. <\/p>\n\n\n\n<p>Pourquoi\non s\u2019immisce dans le d\u00e9bat ? <\/p>\n\n\n\n<p>Parce\nqu&rsquo;apr\u00e8s avoir fait appel \u00e0 des animateurs b\u00e9n\u00e9voles (c\u2019\u00e9tait encore l\u2019\u00e9poque\no\u00f9 des instituteurs et des militants de l\u2019Education Populaire encadraient des\ns\u00e9jours), l&rsquo;OCLVO s&rsquo;est progressivement orient\u00e9e vers le volontariat. Nos\n\u00e9quipes sont depuis exclusivement constitu\u00e9es d&rsquo;animateurs et directeurs\nvolontaires, autrement dit de jeunes (pas de volont\u00e9 discriminatoire, mais un\nsimple constat) qui font le choix de s&rsquo;engager sur un parcours BAFA (possible \u00e0\npartir de 17 ans) ou BAFD (21 ans). Le volontariat, rappelons-le, est cadr\u00e9 par\nun contrat sp\u00e9cifique : le Contrat d\u2019Engagement \u00c9ducatif (en vigueur depuis\n2006). Ce contrat m\u00e9riterait certainement d&rsquo;\u00eatre revu, ses conditions\nd&rsquo;application \u00e9galement mais c&rsquo;est surtout la m\u00e9connaissance du volontariat, de\nson sens, la confusion avec l\u2019animation professionnelle qui nous motive \u00e0 nous\nexprimer. L\u2019avenir du volontariat dans l\u2019animation nous interroge \u00e9galement, et\npar extension, celui de l\u2019OCLVO. <\/p>\n\n\n\n<p>La\nsituation de \u00ab p\u00e9nurie \u00bb d\u2019animateurs et de directeurs volontaires mentionn\u00e9e\ndans l\u2019interview n&rsquo;est pas nouvelle. De notre c\u00f4t\u00e9, cela fait plusieurs ann\u00e9es\nque nous alertons les services de la DDCS de notre d\u00e9partement et les\ncollectivit\u00e9s territoriales&#8230; sans aucun retour et prise de conscience\u2026 <\/p>\n\n\n\n<p>Pourquoi\nnous continuons de d\u00e9fendre le volontariat dans l&rsquo;animation? <\/p>\n\n\n\n<p>Parce\nque nous souhaitons faire confiance \u00e0 la jeunesse ! Un projet de vacances\ncollectives d&rsquo;enfants que l&rsquo;on confie \u00e0 d&rsquo;autres&#8230; jeunes ! <\/p>\n\n\n\n<p>Parce\nque nous sommes conscients de leur implication, de leur \u00e9nergie et de leurs\ncapacit\u00e9s cr\u00e9atives ! <\/p>\n\n\n\n<p>Parce\nque les jeunes sont aussi capables de s&rsquo;interroger sur des questions\n\u00e9ducatives. <\/p>\n\n\n\n<p>Parce\nque nous pensons cette exp\u00e9rience formatrice pour les animateurs, si elle est\naccompagn\u00e9e (se confronter \u00e0 la vraie vie : aux r\u00e9alit\u00e9s sociales, au travail\nd&rsquo;\u00e9quipe, la relation parents etc). <\/p>\n\n\n\n<p>Parce\nque promouvoir le volontariat, c&rsquo;est non seulement d\u00e9fendre une vision\naltruiste de notre soci\u00e9t\u00e9 mais c&rsquo;est aussi r\u00e9affirmer que, non, l\u2019app\u00e2t du\ngain ne doit pas \u00eatre une unique fin en soi. <\/p>\n\n\n\n<p>Parce\nque certains animateurs volontaires sont sensibles aux projets de vacances que\nnous d\u00e9fendons pour les enfants. <\/p>\n\n\n\n<p>Parce\nque l&rsquo;animation volontaire permet de s&rsquo;essayer, de se (r\u00e9)orienter et parfois\nde se d\u00e9couvrir une vocation, pour ensuite en faire son m\u00e9tier (avec un vrai\ndipl\u00f4me professionnel). <\/p>\n\n\n\n<p>Bien\ns\u00fbr, les indemnisations forfaitaires de nos \u00e9quipes d&rsquo;animation se r\u00e9percutent\nsur nos co\u00fbts de s\u00e9jours&#8230;. et tant mieux ! Et pour \u00eatre honn\u00eate, les\nfinancements de la ville de Cherbourg y participent \u00e9galement, tout comme nos\nrecherches de financements avec les \u00ab sacres saints \u00bb appel \u00e0 projets ! Nous\nrevendiquons des s\u00e9jours accessibles pour tous, adapt\u00e9s aux revenus des\nfamilles ! Condition indispensable pour rendre effective la mixit\u00e9 sociale ! Et\nnos tarifs, solidaires, en sont l&rsquo;illustration : <\/p>\n\n\n\n<p>-entre\n13 et 97\u20ac pour une semaine en centre de loisirs (repas\/transport\/forfait 5\njours en centre de loisirs)&nbsp;;<\/p>\n\n\n\n<p>-entre\n23 et 172\u20ac pour un mini-camp de 5 jours&nbsp;;<\/p>\n\n\n\n<p>-entre\n114 et 400\u20ac pour un s\u00e9jour de 12 jours en colo.<\/p>\n\n\n\n<p>Des\ns\u00e9jours qui se veulent loin des tendances consum\u00e9ristes actuelles : pas de\ncatalogue d&rsquo;activit\u00e9s, pas de prestations \u00e0 outrance. Nous d\u00e9fendons, au\ncontraire, les s\u00e9jours centr\u00e9s sur les relations, le vivre ensemble, le partage\ndes d\u00e9cisions avec le groupe d&rsquo;enfants, des projets \u00e0 leur initiative etc. <\/p>\n\n\n\n<p>Au\nfait en 2019, c&rsquo;est quoi le BAFA et le BAFD ? <\/p>\n\n\n\n<p>Ces\nformations non dipl\u00f4mantes et non professionnalisantes (il s\u2019agit d\u2019un brevet)\nne sont pas accessibles \u00e0 tous. Leurs co\u00fbts sont r\u00e9dhibitoires pour nombre de\npersonnes qui souhaiteraient s\u2019y engager. De fait, elles sont aujourd&rsquo;hui\nr\u00e9serv\u00e9es \u00e0 une cat\u00e9gorie de population plut\u00f4t ais\u00e9e. Ce que nous regrettons et\nd\u00e9non\u00e7ons. <\/p>\n\n\n\n<p>Depuis\nquelques ann\u00e9es maintenant, les grandes f\u00e9d\u00e9rations d\u2019\u00e9ducation populaire ont\nessay\u00e9 de r\u00e9duire les co\u00fbts de ces formations en d\u00e9veloppant la demi-pension et\nl\u2019externat. Et pour continuer \u00e0 \u00eatre comp\u00e9titifs sur le march\u00e9 du BAFA (car il\ns\u2019agit bien d\u2019un march\u00e9 !), les autres se sont align\u00e9es, chacun s\u2019asseyant\nlamentablement sur beaucoup de valeurs et sur le sens m\u00eame du BAFA ! <\/p>\n\n\n\n<p>Est-ce\ncr\u00e9dible de pr\u00e9parer des animateurs volontaires \u00e0 la vie collective, aux\nrelations entre les individus, \u00e0 la vie quotidienne, \u00e0 la r\u00e9alit\u00e9 d\u2019un s\u00e9jour\nlorsque ces derniers vivent un stage en externat ? Sachant que certains\ncandidats n&rsquo;ont, eux-m\u00eames, aucune exp\u00e9rience de s\u00e9jours collectifs de\nvacances&#8230; <\/p>\n\n\n\n<p>Est-ce\ncr\u00e9dible de pr\u00e9parer des animateurs volontaires lorsque les formateurs\nn\u2019abordent pas l\u2019histoire du volontariat, le CEE, et le pourquoi de son\nexistence ? <\/p>\n\n\n\n<p>Est-ce\ncr\u00e9dible de pr\u00e9parer des animateurs volontaires sans parler d\u2019Education\nPopulaire, dont les f\u00e9d\u00e9rations qui organisent les stages se disent issues ? <\/p>\n\n\n\n<p>Nous\ncomprenons alors ais\u00e9ment le flou artistique qui entoure certains animateurs\nlorsqu\u2019ils d\u00e9barquent sur nos s\u00e9jours. <\/p>\n\n\n\n<p>Et\nl\u00e0 nous n\u2019abordons pas la question du BAFD et de l\u2019accompagnement des\ndirecteurs&#8230;. <\/p>\n\n\n\n<p>Comment\nces personnes peuvent-elles prendre conscience de leur r\u00f4le, de l&rsquo;engagement\nqu&rsquo;implique le volontariat ??? Comment peuvent-ils alors faire la diff\u00e9rence\nentre cet engagement et un autre travail \u00ab classique \u00bb ? <\/p>\n\n\n\n<p>Les\nformations BAFA et BAFD seraient-elles devenues de simples usines \u00e0 pognon pour\nfabriquer de la main d\u2019\u0153uvre sans r\u00e9flexion ? <\/p>\n\n\n\n<p>Voici\nune premi\u00e8re chose que nous d\u00e9plorons. <\/p>\n\n\n\n<p>Pour\nce qui est de la \u00abp\u00e9nurie\u00bb d\u2019animateurs ET de directeurs volontaires, des\nexplications sont possibles. <\/p>\n\n\n\n<p>1)\nPour nous, la baisse de la fr\u00e9quentation des colos dites traditionnelles peut\n\u00eatre mise en perspective. Les enfants et les jeunes sont de moins en moins\nnombreux \u00e0 participer \u00e0 des s\u00e9jours de vacances. De fait, moins de jeunes ont\nl\u2019envie et le souhait de partager leurs exp\u00e9riences en passant de l\u2019autre c\u00f4t\u00e9\nde la barri\u00e8re. Donc, moins de jeunes sur les BAFA ! <\/p>\n\n\n\n<p>2)\nLa question des indemnit\u00e9s journali\u00e8res, aujourd\u2019hui omnipr\u00e9sente sur les\nr\u00e9seaux sociaux (et dans l\u2019opinion publique ?), est souvent le seul argument\n(cela ne veut pas dire qu\u2019il ne faut pas l\u2019entendre) qui expliquerait cette \u00ab\np\u00e9nurie \u00bb d\u2019animateurs. <\/p>\n\n\n\n<p>Il\ns\u2019agit bien d\u2019indemnit\u00e9s et non pas d\u2019un salaire en tant que tel. Ces\nindemnit\u00e9s marquent la reconnaissance et la valorisation d\u2019un engagement. <\/p>\n\n\n\n<p>La\nl\u00e9gislation pr\u00e9voit un minimum de 2,2 fois le SMIC (horaire) par journ\u00e9e\ntravaill\u00e9e. Les indemnit\u00e9s journali\u00e8res chez certains gros organisateurs sont\nsouvent identiques \u00e0 ce minimum. Et on ne parle pas des stagiaires qui se\nretrouvent parfois sans indemnit\u00e9s. Pour plus de renseignements, vous pouvez\ncontacter l\u2019UCPA, ils sont rod\u00e9s sur le sujet. Si l\u2019on consid\u00e8re les prix\nauxquels sont vendus certains s\u00e9jours, on pourrait s\u2019attendre \u00e0 des indemnit\u00e9s\nproportionnelles au prix de vente\u2026 <\/p>\n\n\n\n<p>A\nl\u2019OCLVO, nous n\u2019avons pas \u00e0 rougir sur le plan des indemnit\u00e9s que nous\nproposons. Un animateur titulaire per\u00e7oit entre 41 (centre de loisirs) et 46\neuros brut par jour (s\u00e9jour en colo). Un stagiaire entre 36 et 41 euros brut.\nPour les directeurs, l\u2019indemnit\u00e9 oscille entre 70 et 75 euros brut. <\/p>\n\n\n\n<p>Nous\nparticipons aussi au remboursement de la formation BAFA (6,10 euros par jour en\nplus) et BAFD (7,62 euros par jour en plus). Ce remboursement s\u2019effectue\njusqu\u2019\u00e0 ce que nous atteignions 50 % du co\u00fbt de la formation. <\/p>\n\n\n\n<p>Il\nest bien \u00e9vident que travailler 80 jours (maximum car c\u2019est la loi) en Contrat\nd\u2019Engagement Educatif ne permet pas d\u2019assurer et d\u2019assumer les charges de la\nvie courante. Il est impossible de vivre de l\u2019animation volontaire (et par\nextension le CEE) car cela n\u2019est tout simplement pas fait pour \u00e7a. Pour vivre\nde l\u2019animation, il faut d\u2019abord se former \u00e0 un dipl\u00f4me professionnel. <\/p>\n\n\n\n<p>Et\nle sens dans tout \u00e7a ? Mais o\u00f9 est-il pass\u00e9 ? <\/p>\n\n\n\n<p>Arr\u00eatons-nous\nsur le d\u00e9veloppement des colos ultra consum\u00e9ristes. <\/p>\n\n\n\n<p>Attention,\nnous ne visons pas les personnes mais bien les organismes qui les mettent en\nrayons. <\/p>\n\n\n\n<p>Celles-ci\ntendent \u00e0 devenir la norme\u2026 et pourtant, nous les consid\u00e9rons comme vides de\nsens, sans projet \u00e0 vis\u00e9e sociale. Juste un planning avec des prestations\ntoutes plus attractives les unes que les autres ! Au regard de leurs prix,\nelles ne sont r\u00e9serv\u00e9es qu\u2019\u00e0 une population ais\u00e9e qui se retrouvent dans\nl\u2019entre soi. On nous dira que ces s\u00e9jours r\u00e9pondent \u00e0 des besoins. Besoins\ncr\u00e9\u00e9s par des grosses bo\u00eetes dont le seul int\u00e9r\u00eat est le profit\u2026 En quoi\nfont-elles de l\u2019Education Populaire ? Il est o\u00f9 l\u2019int\u00e9r\u00eat g\u00e9n\u00e9ral ? Et la\nmixit\u00e9 sociale ? <\/p>\n\n\n\n<p>Puisqu\u2019on\nassiste \u00e0 une sp\u00e9cialisation, une commercialisation massive et accrue des\ns\u00e9jours, ces derniers ont d\u00e9sormais une connotation uniquement mercantile. Des\nfamilles et des \u00e9quipes p\u00e9dagogiques choisissent aujourd\u2019hui une colo de la\nm\u00eame mani\u00e8re qu\u2019un produit dans les rayons d\u2019un supermarch\u00e9 ! <\/p>\n\n\n\n<p>Finalement,\nle sens, le pourquoi j\u2019envoie mon enfant sur tel s\u00e9jour ou le pourquoi je pars\nencadrer tel s\u00e9jour\u2026 on s\u2019en fout pourvu que j\u2019en ai pour mon argent ou que je\npuisse m\u2019\u00e9clater \u00e0 faire du jet-ski ou du parapente. Attention, ce constat\nn\u2019est pas g\u00e9n\u00e9ral. Certains organismes continuent de d\u00e9fendre et d\u00e9velopper des\nprojets \u00e0 vis\u00e9e politique (n\u2019ayons pas peur des mots) avec la volont\u00e9 de faire\n\u00e9voluer la soci\u00e9t\u00e9. <\/p>\n\n\n\n<p>Tout\ncela pos\u00e9, il est \u00e9vident que chacun dans son petit coin n\u2019aura pas de\nsolutions \u00e0 apporter. O\u00f9 sont les grandes f\u00e9d\u00e9rations d\u2019Education Populaire ?\nQuand vont-elles sortir de leur silence ? Quelles r\u00e9actions des pouvoirs\npublics ? Il est urgent d\u2019agir ! <\/p>\n\n\n\n<p>Et une petite touche de fin : pourquoi soutenir le SNU alors que les colos garantissent d\u00e9j\u00e0 un espace d\u2019engagement qui a fait ses preuves. A-t-on envie de voir crever les colos \u00e9mancipatrices au profit d\u2019un syst\u00e8me pseudo solidaire qui bride et enferme les personnes dans un moule ? \u00ab\u00a0<\/p>\n","protected":false},"excerpt":{"rendered":"<p>Nous avons \u00e9t\u00e9 contact\u00e9 par deux responsables associatifs. Ils ont \u00e9t\u00e9 interview\u00e9s sur le manque d&rsquo;animateurs cet \u00e9t\u00e9 et les incidences dans certains centres. D\u00e9\u00e7u de l&rsquo;article (La presse de la Manche, jeudi 30 mai 2019), ils nous ont demand\u00e9 de diffuser leur avis commun. Si nous ne sommes pas tout \u00e0 fait d&rsquo;accord sur [&hellip;]<\/p>\n","protected":false},"author":3,"featured_media":0,"parent":356,"menu_order":0,"comment_status":"closed","ping_status":"closed","template":"","meta":{"footnotes":""},"class_list":["post-993","page","type-page","status-publish","hentry"],"_links":{"self":[{"href":"https:\/\/lemuseedelacolo.fr\/index.php?rest_route=\/wp\/v2\/pages\/993","targetHints":{"allow":["GET"]}}],"collection":[{"href":"https:\/\/lemuseedelacolo.fr\/index.php?rest_route=\/wp\/v2\/pages"}],"about":[{"href":"https:\/\/lemuseedelacolo.fr\/index.php?rest_route=\/wp\/v2\/types\/page"}],"author":[{"embeddable":true,"href":"https:\/\/lemuseedelacolo.fr\/index.php?rest_route=\/wp\/v2\/users\/3"}],"replies":[{"embeddable":true,"href":"https:\/\/lemuseedelacolo.fr\/index.php?rest_route=%2Fwp%2Fv2%2Fcomments&post=993"}],"version-history":[{"count":1,"href":"https:\/\/lemuseedelacolo.fr\/index.php?rest_route=\/wp\/v2\/pages\/993\/revisions"}],"predecessor-version":[{"id":994,"href":"https:\/\/lemuseedelacolo.fr\/index.php?rest_route=\/wp\/v2\/pages\/993\/revisions\/994"}],"up":[{"embeddable":true,"href":"https:\/\/lemuseedelacolo.fr\/index.php?rest_route=\/wp\/v2\/pages\/356"}],"wp:attachment":[{"href":"https:\/\/lemuseedelacolo.fr\/index.php?rest_route=%2Fwp%2Fv2%2Fmedia&parent=993"}],"curies":[{"name":"wp","href":"https:\/\/api.w.org\/{rel}","templated":true}]}}