{"id":991,"date":"2019-06-03T14:17:14","date_gmt":"2019-06-03T13:17:14","guid":{"rendered":"http:\/\/lemuseedelacolo.fr\/?page_id=991"},"modified":"2020-02-29T14:57:19","modified_gmt":"2020-02-29T13:57:19","slug":"2019-06-juin-snu-premiers-dysfonctionnements-avant-louverture","status":"publish","type":"page","link":"https:\/\/lemuseedelacolo.fr\/?page_id=991","title":{"rendered":"2019 06 juin : SNU, premiers dysfonctionnements avant l&rsquo;ouverture"},"content":{"rendered":"\n<p>On commence \u00e0 comprendre comment cela va fonctionner, mais surtout ce qui dysfonctionne dans ce service militaire qui cache son nom et qui voudrait passer pour une colonie de vacances, tout au moins en prendre l&rsquo;image et le personnel !<\/p>\n\n\n\n<p>Les premi\u00e8res fiches de postes, pour les encadrants, sont parues en mai. Nous savons maintenant qui va encadrer sur le terrain. Il y aura des militaires et des personnels d&rsquo;Etat (Minist\u00e8re en charge de la Jeunesse) pour la direction, des directeurs et des animateurs d&rsquo;Accueils collectifs de mineurs sur le terrain. Autrement dit, ce service obligatoire \u00e0 terme va \u00eatre encadr\u00e9 par des sp\u00e9cialistes du loisirs. Pourtant les objectifs \u00e9taient la lutte contre l&rsquo;\u00e9chec scolaire (mais pas d&rsquo;enseignants), accompagner l&rsquo;insertion sociale (mais pas d&rsquo;\u00e9ducateurs sp\u00e9cialis\u00e9s, pourtant cit\u00e9s au d\u00e9but), avec des activit\u00e9s sportives (mais sans \u00e9ducateurs sportifs), non juste des sp\u00e9cialistes du loisirs (pas tous qualifi\u00e9s, ou avec des dipl\u00f4mes non professionnels) sous les ordres de militaires.<\/p>\n\n\n\n<p>Qu&rsquo;est-ce qui justifie ce choix ? Il n&rsquo;est pas \u00e9ducatif, mais il est \u00e9conomique. L&rsquo;enjeu est d&rsquo;utiliser un dispositif sp\u00e9cifique au champ de l&rsquo;animation. Il existe un statut particulier pour les animateurs occasionnels, Le Contrat d&rsquo;Engagement Educatif (C.E.E.). Ce contrat permet des horaires particuliers pour un salaire inf\u00e9rieur au SMIC. Il trouve ses origines dans l&rsquo;histoire des colos qui ne pourraient pas fonctionner sans. Il a \u00e9t\u00e9 ouvert aussi notamment aux accueils de loisirs. Afin de la diff\u00e9rentier d&rsquo;un contrat pour un professionnel, il est limit\u00e9 dans le temps. On ne peut pas d\u00e9passer 80 jours de C.E.E. par an (ce qui correspond aux vacances d&rsquo;un \u00e9tudiant).<\/p>\n\n\n\n<p>Or, il s&rsquo;agit ici de contrats en dehors de vacances et\/ou de loisirs, pour une activit\u00e9 sous l&rsquo;autorit\u00e9 de l&rsquo;Etat (m\u00eame si quelques associations ont accept\u00e9 de pr\u00eater leur nom !). D&rsquo;ailleurs quand on voit le programme (lever et \u00ab\u00a0extinction des feux\u00a0\u00bb \u00e0 heure fixe avec salut au drapeau et marseillaise, multiplication d&rsquo;ateliers pr\u00e9vus \u00e0 l&rsquo;avance, activit\u00e9s de jours et de nuit, groupe de 10 avec le m\u00eame tuteur pour les deux semaines&#8230; ), s&rsquo;il s&rsquo;agit d&rsquo;une colo, elle date au moins de l&rsquo;entre-deux-guerres ! <\/p>\n\n\n\n<p>Pour mieux comprendre, il faut aussi apprendre le nouveau langage. L&rsquo;encadrant de base s&rsquo;appelle \u00ab\u00a0Tuteur de Maisonn\u00e9e d&rsquo;appel\u00e9s\u00a0\u00bb. La maisonn\u00e9e \u00e9tant un groupe de 10 \u00ab\u00a0volontaires\u00a0\u00bb, cinq maisonn\u00e9es s&rsquo;appellent une compagnie. Et il y a plusieurs compagnies dans un centre (surement suivant les capacit\u00e9s d&rsquo;accueil.<\/p>\n\n\n\n<p>Que demande-t-on \u00e0 ces tuteurs (extrait) ?  \u00ab\u00a0Il partage, nuit et jour, la vie de la maisonn\u00e9e dont il a la charge. Il est responsable de la vie quotidienne de sa maisonn\u00e9e et de l\u2019esprit qui l\u2019anime pendant deux semaines. Il veille \u00e0 d\u00e9velopper l\u2019autonomie et la responsabilisation des volontaires et \u00e0 cr\u00e9er une ambiance de respect mutuel.\u00a0\u00bb<\/p>\n\n\n\n<p>Le tuteur de compagnie \u00ab\u00a0doit notamment&nbsp;:<\/p>\n\n\n\n<p>&#8211; accompagner les appel\u00e9s de jour et de nuit pour toutes les activit\u00e9s\n: vie courante, sport, formations, tests divers \u2026&nbsp;;<\/p>\n\n\n\n<p>&#8211; veiller \u00e0 l\u2019assiduit\u00e9 et au respect des horaires pour toute la\nmaisonn\u00e9e&nbsp;;<\/p>\n\n\n\n<p>&#8211; faire connaitre et respecter le r\u00e8glement int\u00e9rieur du centre&nbsp;;<\/p>\n\n\n\n<p>&#8211; signaler aux cadres de compagnie tous les manquements&nbsp;;<\/p>\n\n\n\n<p>&#8211; s\u2019assurer de la r\u00e9alit\u00e9 du brassage social dans la maisonn\u00e9e ou dans\nles activit\u00e9s&nbsp;;<\/p>\n\n\n\n<p>&#8211; cr\u00e9er une coh\u00e9sion de groupe fond\u00e9e sur un sentiment d\u2019appartenance \u00e0\nla cellule et sur une saine \u00e9mulation collective&nbsp;;<\/p>\n\n\n\n<p>&nbsp;&#8211; assurer l\u2019inclusion totale de\nvolontaires \u00e0 besoins particuliers&nbsp;;<\/p>\n\n\n\n<p>&#8211; faire respecter strictement les mesures de s\u00e9curit\u00e9&nbsp;;<\/p>\n\n\n\n<p>&#8211; identifier les risques, les situations probl\u00e9matiques et savoir agir\nseul ou en amont des cadres de compagnie&nbsp;;<\/p>\n\n\n\n<p>&#8211; assurer, si n\u00e9cessaire, le premier lien avec les familles (t\u00e9l\u00e9phone\nmobile).<\/p>\n\n\n\n<p>Enfin, \u00e0 la demande des cadres de compagnie et en fonction de ses connaissances et\/ou de son exp\u00e9rience, il peut assurer ponctuellement des interventions comme formateur. Si ses qualifications ou son exp\u00e9rience le permettent, il prend en charge, dans sa maisonn\u00e9e, des appel\u00e9s en situation de handicap ou \u00e0 besoins particuliers\u00a0\u00bb (extrait d&rsquo;une fiche de poste)<\/p>\n\n\n\n<p>Cela n&rsquo;a rien \u00e0 voir avec la formation des animateurs Bafa (dans le cadre du SNU, ils doivent d&rsquo;ailleurs avoir une formation compl\u00e9mentaire.<\/p>\n\n\n\n<p>L&rsquo;utilisation du C.E.E. va juste permettre \u00e0 l&rsquo;Etat de faire travailler des personnes 24 h sur 24, pendant 12 jours sans interruption pour un salaire de 60 \u20ac brut par jour travaill\u00e9 (auxquels il faut royalement ajouter 4 jours pour les repos non pris et des jours de formation). Notons que les responsables de compagnie seront eux pay\u00e9s 80 \u20ac brut par jour. Les salaires des dirigeants (au dessus de la compagnie) ne sont pas connus, il ne s&rsquo;agit plus de C.E.E..<\/p>\n\n\n\n<p>Bien s\u00fbr cela ne peut pas tenir. Et il faut esp\u00e9rer que les syndicats ou les tribunaux r\u00e9agissent rapidement. Le C.E.E. n&rsquo;est pas adapt\u00e9 au Service National Universel, qui n&rsquo;a rien \u00e0 voir avec les Accueils collectifs de Mineurs. D&rsquo;autant plus que M. Attal a expliqu\u00e9 que cela co\u00fbtait 2000 \u20ac par jeune. On peut se demander o\u00f9 va cet argent, comme on devrait se demander si tous les organisateurs (Ministre, secr\u00e9taire d&rsquo;Etat, Pr\u00e9fet, G\u00e9n\u00e9raux&#8230;) vont aussi ne percevoir que 60 \u20ac\/ jour.<\/p>\n\n\n\n<p>Il reste encore des inconnus. Quelles seront les sanctions si des jeunes (de 16 ans) refusent de se lever un matin ou que se passera-t-il dans les ann\u00e9es \u00e0 venir si des jeunes (toujours de 16 ans) refusent de partir au service national ? On peut s&rsquo;attendre au pire.<\/p>\n","protected":false},"excerpt":{"rendered":"<p>On commence \u00e0 comprendre comment cela va fonctionner, mais surtout ce qui dysfonctionne dans ce service militaire qui cache son nom et qui voudrait passer pour une colonie de vacances, tout au moins en prendre l&rsquo;image et le personnel ! Les premi\u00e8res fiches de postes, pour les encadrants, sont parues en mai. Nous savons maintenant [&hellip;]<\/p>\n","protected":false},"author":3,"featured_media":0,"parent":1013,"menu_order":0,"comment_status":"closed","ping_status":"closed","template":"","meta":{"footnotes":""},"class_list":["post-991","page","type-page","status-publish","hentry"],"_links":{"self":[{"href":"https:\/\/lemuseedelacolo.fr\/index.php?rest_route=\/wp\/v2\/pages\/991","targetHints":{"allow":["GET"]}}],"collection":[{"href":"https:\/\/lemuseedelacolo.fr\/index.php?rest_route=\/wp\/v2\/pages"}],"about":[{"href":"https:\/\/lemuseedelacolo.fr\/index.php?rest_route=\/wp\/v2\/types\/page"}],"author":[{"embeddable":true,"href":"https:\/\/lemuseedelacolo.fr\/index.php?rest_route=\/wp\/v2\/users\/3"}],"replies":[{"embeddable":true,"href":"https:\/\/lemuseedelacolo.fr\/index.php?rest_route=%2Fwp%2Fv2%2Fcomments&post=991"}],"version-history":[{"count":2,"href":"https:\/\/lemuseedelacolo.fr\/index.php?rest_route=\/wp\/v2\/pages\/991\/revisions"}],"predecessor-version":[{"id":1017,"href":"https:\/\/lemuseedelacolo.fr\/index.php?rest_route=\/wp\/v2\/pages\/991\/revisions\/1017"}],"up":[{"embeddable":true,"href":"https:\/\/lemuseedelacolo.fr\/index.php?rest_route=\/wp\/v2\/pages\/1013"}],"wp:attachment":[{"href":"https:\/\/lemuseedelacolo.fr\/index.php?rest_route=%2Fwp%2Fv2%2Fmedia&parent=991"}],"curies":[{"name":"wp","href":"https:\/\/api.w.org\/{rel}","templated":true}]}}