{"id":984,"date":"2019-04-12T14:48:46","date_gmt":"2019-04-12T13:48:46","guid":{"rendered":"http:\/\/lemuseedelacolo.fr\/?page_id=984"},"modified":"2020-02-29T14:56:12","modified_gmt":"2020-02-29T13:56:12","slug":"2019-04-avril-la-colonie-de-vacances-deductible-des-impots","status":"publish","type":"page","link":"https:\/\/lemuseedelacolo.fr\/?page_id=984","title":{"rendered":"2019 04 avril : La colonie de vacances d\u00e9ductible des imp\u00f4ts"},"content":{"rendered":"\n<p>Aussi invraisemblable que cela puisse para\u00eetre, il y a un organisme commercialisant des colos qui met en avant la possibilit\u00e9 de d\u00e9duire le co\u00fbt de la colo des imp\u00f4ts. La phrase lue dans la pub est la suivante : \u00ab\u00a0<em>Votre participation financi\u00e8re \u00e0 ces voyages est reconnue comme un don \u00e0 l&rsquo;ONG, dont une partie du montant sera d\u00e9duite de vos imp\u00f4ts (de 20 \u00e0 70 % selon votre pays de domicile fiscal).<\/em>\u00a0\u00bb Cette publicit\u00e9 est parue dans la revue \u00ab\u00a0<em>Sciences et vie junior<\/em>\u00ab\u00a0, n\u00b0356 de mai 2019, p 5).  <br>Rappelons que peu d&rsquo;organismes font de la publicit\u00e9 pour des colos dans des revues, c&rsquo;est consid\u00e9r\u00e9 comme une d\u00e9marche commerciale. <\/p>\n\n\n\n<p>Cela demande de plus amples informations, nous avons essay\u00e9 d&rsquo;en savoir plus. La pub pr\u00e9sentait des vacances scientifiques, avec des titres de s\u00e9jours comme Au fil de l&rsquo;arbre ou rencontre avec l&rsquo;excellence, des s\u00e9jours linguistiques&#8230; Le nom de l&rsquo;organisateur est \u00a0\u00bb Objectif sciences international\u00a0\u00bb. Sur le site de l&rsquo;organisateur (qui ne porte pas le m\u00eame nom !), on a acc\u00e8s \u00e0 de nombreux s\u00e9jours pour les enfants, les jeunes et m\u00eame les adultes. <\/p>\n\n\n\n<p>Par contre, on ne trouve pas le prix des s\u00e9jours. S&rsquo;il y a tout un paragraphe pour expliquer que les s\u00e9jours ne sont pas chers, que les tarifs sont calcul\u00e9s au plus juste, on trouve au mieux un tableaux pr\u00e9sentant des fourchettes de prix : le \u00ab\u00a0s\u00e9jour multi-activit\u00e9 \u00e0 encadrement l\u00e9ger\u00a0\u00bb co\u00fbte entre 400 et 850 \u20ac la semaine ; le \u00ab\u00a0s\u00e9jour sp\u00e9cialis\u00e9 accessible \u00e0 tous et \u00e0 encadrement \u00e9lev\u00e9\u00a0\u00bb co\u00fbte entre 1000 et 2000 \u20ac la semaine !<\/p>\n\n\n\n<p>Mais n&rsquo;ayons pas peur du montant, il est expliqu\u00e9 ensuite que les \u00ab\u00a0<em>frais engag\u00e9s pour le s\u00e9jour ainsi que pour le transport sont r\u00e9duits de vos imp\u00f4ts<\/em>\u00a0\u00bb (il est possible qu&rsquo;ils ont voulu dire d\u00e9duit de vos imp\u00f4ts). Il est rappel\u00e9 qu&rsquo;en France (\u00ab\u00a0<em>\u00e0 titre d&rsquo;exemple<\/em>\u00ab\u00a0); \u00ab\u00a0<em>la r\u00e9duction est de 66 %, avec un plafond \u00e9gal \u00e0 20 % du revenu imposable<\/em>\u00ab\u00a0. Pour mieux expliquer, on trouve un exemple : \u00ab\u00a0<em>un s\u00e9jour de 2 semaines au prix de 2450 \u20ac revient apr\u00e8s r\u00e9duction d&rsquo;imp\u00f4ts \u00e0 817\u20ac<\/em>\u00ab\u00a0. Ce que le site ne pr\u00e9cise pas c&rsquo;est d&rsquo;abord que 1633 \u20ac sont pris en charge par l&rsquo;\u00e9tat (donc par la collectivit\u00e9) et ensuite que, comme il faut que ces 1633 \u20ac ne repr\u00e9sente que 20 % des imp\u00f4ts, les parents paient au moins 8165 \u20ac d&rsquo;imp\u00f4ts, ce qui montre en m\u00eame temps le public vis\u00e9 par ces s\u00e9jours (m\u00eame s&rsquo;il est pr\u00e9cis\u00e9 que \u00ab\u00a0<em>si vous ne payez pas d&rsquo;imp\u00f4ts, vous relevez d&rsquo;un autre dispositif encore, contactez-nous<\/em>\u00ab\u00a0).<\/p>\n\n\n\n<p>Se pose maintenant la question du don. Comment peut-on transformer la vente d&rsquo;un s\u00e9jour de vacances (avec emploi de publicit\u00e9 dans une revue, sur un site internet&#8230;) en don \u00e0 une ONG ? La r\u00e9ponse est sur un site en lien avec le premier dans une pr\u00e9sentation de l&rsquo;organisme en 10 questions. La question 8 est justement \u00ab\u00a0<em>Pourquoi le montant du s\u00e9jour est d\u00e9duit des mes imp\u00f4ts ?<\/em>\u00a0\u00bb C&rsquo;est parce que les enfants (ou les jeunes) participent \u00e0 des \u00ab\u00a0o<em>p\u00e9rations de  Science Solidaire<\/em>\u00a0\u00bb en faisant \u00ab\u00a0av<em>ancer un projet de Recherche R\u00e9elle au service de la r\u00e9solution d&rsquo;une probl\u00e9matique du d\u00e9veloppement durable<\/em>\u00ab\u00a0. \u00ab\u00a0<em>La contribution financi\u00e8re qui vous est demand\u00e9e lors de l&rsquo;inscription, est donc consid\u00e9r\u00e9e comme un don<\/em>\u00ab\u00a0. Est-il possible que des personnes sens\u00e9es acceptent ce type de raisonnement ? C&rsquo;est curieux d&rsquo;appeler un co\u00fbt \u00ab\u00a0<em>une contribution<\/em>\u00a0\u00bb et de la consid\u00e9rer comme un don alors qu&rsquo;ailleurs, sur le m\u00eame site Internet, il s&rsquo;agit d&rsquo;un tarif, du montant du s\u00e9jour, d&rsquo;une participation&#8230; Serait-ce la m\u00eame chose ?<\/p>\n\n\n\n<p>Alors, comment savoir combien co\u00fbtent ces merveilleux s\u00e9jours ? L\u00e0 encore cela est surprenant. Pour connaitre le prix d&rsquo;un s\u00e9jour, il faut se pr\u00e9-inscrire sur le site (officiellement afin de v\u00e9rifier qu&rsquo;il reste de la place sur le s\u00e9jour) et apr\u00e8s, le \u00ab\u00a0candidat\u00a0\u00bb sera contact\u00e9 par t\u00e9l\u00e9phone. Ce n&rsquo;est que l\u00e0 qu&rsquo;il conna\u00eetra le co\u00fbt du s\u00e9jour&#8230; qu&rsquo;il pourra ensuite faire prendre en charge par la collectivit\u00e9. Est-ce l\u00e9gal que de devoir s&rsquo;inscrire pour conna\u00eetre un tarif ? <\/p>\n\n\n\n<p>En cherchant un peu, on trouve les statuts de l&rsquo;organisation, qui est une association suisse (donc ne cherchez pas un rapport avec la loi 1901&#8230;). D&rsquo;ailleurs, le fondateur est membre de droit \u00e0 vie de l&rsquo;instance dirigeante internationale (bonjour la d\u00e9mocratie associative).<\/p>\n\n\n\n<p>On peu aussi s&rsquo;\u00e9tonner que France 2 ait fait un reportage, leur offrant une belle page de publicit\u00e9. \u00ab\u00a0<em>La colonie dans les arbres<\/em>\u00ab\u00a0, est un reportage visible sur le site de vente des colos d\u00e9ductibles !<\/p>\n\n\n\n<p>En clair, voil\u00e0 un beau moyen de faire payer de belles vacances aux enfants de parents riches par l&rsquo;ensemble de la population. ONG veut simplement dire organisation non gouvernementale. On peut donc \u00eatre une ONG et \u00eatre une structure commerciale usant des pires arguments de vente&#8230; dont certains sont probablement ill\u00e9gaux.  <br>Je pense qu&rsquo;on a trouv\u00e9 l\u00e0 une belle niche fiscale qui pourrait \u00eatre supprim\u00e9e afin d&rsquo;avoir les moyens de financer des s\u00e9jours de vacances pour tous.<\/p>\n","protected":false},"excerpt":{"rendered":"<p>Aussi invraisemblable que cela puisse para\u00eetre, il y a un organisme commercialisant des colos qui met en avant la possibilit\u00e9 de d\u00e9duire le co\u00fbt de la colo des imp\u00f4ts. La phrase lue dans la pub est la suivante : \u00ab\u00a0Votre participation financi\u00e8re \u00e0 ces voyages est reconnue comme un don \u00e0 l&rsquo;ONG, dont une partie [&hellip;]<\/p>\n","protected":false},"author":3,"featured_media":0,"parent":1013,"menu_order":0,"comment_status":"closed","ping_status":"closed","template":"","meta":{"footnotes":""},"class_list":["post-984","page","type-page","status-publish","hentry"],"_links":{"self":[{"href":"https:\/\/lemuseedelacolo.fr\/index.php?rest_route=\/wp\/v2\/pages\/984","targetHints":{"allow":["GET"]}}],"collection":[{"href":"https:\/\/lemuseedelacolo.fr\/index.php?rest_route=\/wp\/v2\/pages"}],"about":[{"href":"https:\/\/lemuseedelacolo.fr\/index.php?rest_route=\/wp\/v2\/types\/page"}],"author":[{"embeddable":true,"href":"https:\/\/lemuseedelacolo.fr\/index.php?rest_route=\/wp\/v2\/users\/3"}],"replies":[{"embeddable":true,"href":"https:\/\/lemuseedelacolo.fr\/index.php?rest_route=%2Fwp%2Fv2%2Fcomments&post=984"}],"version-history":[{"count":1,"href":"https:\/\/lemuseedelacolo.fr\/index.php?rest_route=\/wp\/v2\/pages\/984\/revisions"}],"predecessor-version":[{"id":985,"href":"https:\/\/lemuseedelacolo.fr\/index.php?rest_route=\/wp\/v2\/pages\/984\/revisions\/985"}],"up":[{"embeddable":true,"href":"https:\/\/lemuseedelacolo.fr\/index.php?rest_route=\/wp\/v2\/pages\/1013"}],"wp:attachment":[{"href":"https:\/\/lemuseedelacolo.fr\/index.php?rest_route=%2Fwp%2Fv2%2Fmedia&parent=984"}],"curies":[{"name":"wp","href":"https:\/\/api.w.org\/{rel}","templated":true}]}}