{"id":981,"date":"2019-03-30T16:50:25","date_gmt":"2019-03-30T15:50:25","guid":{"rendered":"http:\/\/lemuseedelacolo.fr\/?page_id=981"},"modified":"2020-02-29T14:55:41","modified_gmt":"2020-02-29T13:55:41","slug":"2019-03-mars-le-s-n-u-sera-bien-une-colo","status":"publish","type":"page","link":"https:\/\/lemuseedelacolo.fr\/?page_id=981","title":{"rendered":"2019 03 Mars : Le S.N.U. sera bien une colo"},"content":{"rendered":"\n<p class=\"has-text-color has-text-align-left has-blue-color\">Dimanche 24 mars, Le Secr\u00e9taire d&rsquo;Etat en charge de la jeunesse a donn\u00e9 une interview \u00e0 la radio. Apr\u00e8s avoir abord\u00e9 de nombreux sujets, il a donn\u00e9 des informations compl\u00e9mentaires sur le Service National Universel.<\/p>\n\n\n\n<p>C&rsquo;est bien M. Attal qui a fait un parall\u00e8le entre A.C.M. (ce qui veut dire Accueils collectifs de Mineurs, dont font partie les colos) et Service National Universel, lorsqu&rsquo;il a parl\u00e9 du taux d&rsquo;encadrement. Il a pr\u00e9cis\u00e9 qu&rsquo;il y aurait 1 adulte (sans qualification ?) pour 5 jeunes au S.N.U. alors qu&rsquo;il y en avait 1 pour 12 voire 14 jeunes dans les A.C.M.. Pr\u00e9cisons qu&rsquo;un adulte pour 14 jeunes, c&rsquo;est lorsqu&rsquo;il n&rsquo;y a pas d&rsquo;h\u00e9bergement, Il aurait pu le savoir (c&rsquo;est son minist\u00e8re qui fixe les r\u00e8gles pour les A.C.M.).<\/p>\n\n\n\n<p>Ce qui est encore plus g\u00eanant, c&rsquo;est que cette comparaison est principalement un argument utilis\u00e9 par la soci\u00e9t\u00e9 Telligo, une entreprise commerciale de s\u00e9jours de vacances, assez agressive en mati\u00e8re de commercialisation. Il s&rsquo;agit de faire croire que l&rsquo;on fait mieux que les autres, que l&rsquo;encadrement est en nombre sup\u00e9rieur.<\/p>\n\n\n\n<p>On pourra bient\u00f4t conna\u00eetre les liens dans la conception des s\u00e9jours d\u00e8s que l&rsquo;on conna\u00eetra les 13 lieux o\u00f9 seront rassembl\u00e9s les jeunes. S&rsquo;agira-t-il de casernes, d&rsquo;internats (peu disponibles dans le courant du lois de juin) ou de colos ? Et s&rsquo;il s&rsquo;agit de colos, \u00e0 qui appartiennent-elles ? Y a-t-il eu un appel d&rsquo;offre ?<\/p>\n\n\n\n<p>M. Attal a aussi annonc\u00e9 une activit\u00e9 compl\u00e9mentaire. Il s&rsquo;agit de Self-d\u00e9fense&#8230; \u00e0 la demande de jeunes filles qu&rsquo;il aurait rencontr\u00e9. Cela va \u00eatre dur de tout faire en 15 jours (\u00e0 moins de tout survoler, bien s\u00fbr).<\/p>\n\n\n\n<p>M. Attal a aussi confirm\u00e9 la promesse pr\u00e9sidentielle sur le permis de conduire qui va se limiter \u00e0 une inscription sur un site pour r\u00e9viser le code et une inscription pour passer l&rsquo;examen qu&rsquo;il ne faudra pas rater. Dommage, c&rsquo;est le moins cher et aussi le moins adapt\u00e9 pour les jeunes en difficult\u00e9s qui auraient besoin d&rsquo;un adulte pouvant expliquer les situations, plut\u00f4t que d&rsquo;apprendre par c\u0153ur des s\u00e9ries de photos et de croix \u00e0 faire.<\/p>\n\n\n\n<p>Durant cette pr\u00e9sentation, il a aussi \u00e9t\u00e9 question de l&rsquo;uniforme (parfois appel\u00e9 tenue, ce qui n&rsquo;est pourtant pas la m\u00eame chose !). Il sera dessin\u00e9 par des jeunes, sera offert aux jeunes qui pourront le mettre quand, revenus \u00e0 la vie civile, ils interviendront dans la soci\u00e9t\u00e9&#8230; Je n&rsquo;ai pas entendu poser la question du nombre de \u00ab\u00a0polos\u00a0\u00bb qui seront remis \u00e0 chaque jeune, mais s&rsquo;il faut le porter pendant deux semaines en internat&#8230;, il vaudrait mieux qu&rsquo;il y en ait plusieurs ou que le lavage soit organis\u00e9.<\/p>\n\n\n\n<p>M. Attal a pr\u00e9cis\u00e9 que les inscriptions \u00e9tait pas encore compl\u00e8tes (il reste des places, d\u00e9p\u00eachez-vous). Par deux fois, il a pr\u00e9cis\u00e9 que pour trouver des jeunes de 15 ans, en classe de troisi\u00e8me, il s&rsquo;appuyait sur les Maisons des Jeunes et de la Culture (M.J.C.) et sur les missions locales. Pour les M.J.C. c&rsquo;est assez logique, il aurait pu parler de l&rsquo;ensemble des centres socioculturels, centres sociaux&#8230; mais cela \u00e9tait peut-\u00eatre trop technique. Par contre pour les missions locales, sachant que pour s&rsquo;y inscrire il faut avoir 16 ans et avoir quitt\u00e9 l&rsquo;\u00e9cole, il y a peu de chance de trouver l\u00e0 les jeunes recherch\u00e9s.<\/p>\n\n\n\n<p>Pour ma part, je pense que des jeunes de 15 ans, en classe de troisi\u00e8me, cela se trouve plus facilement dans les coll\u00e8ges !<\/p>\n\n\n\n<p>Enfin, il reste les dates de cette exp\u00e9rimentation. Ce sera courant juin. Autrement dit, c&rsquo;est en fin d&rsquo;ann\u00e9e de troisi\u00e8me, voire au moment des r\u00e9visions du Brevet que l&rsquo;Etat souhaite regrouper des jeunes durant 2 semaines dans une r\u00e9gion autre que celle o\u00f9 ils habitent.  S&rsquo;il s&rsquo;agit r\u00e9ellement d&rsquo;aider \u00e0 la r\u00e9ussite scolaire et sociale, de combattre l&rsquo;\u00e9chec scolaire, d&rsquo;\u00e9viter le  d\u00e9crochement scolaire, comment peut-on proposer l&rsquo;exp\u00e9rimentation du S.N.U. \u00e0 cette date ?<\/p>\n\n\n\n<p>Le dernier \u00e9l\u00e9ment, j&rsquo;aimerai bien savoir comment va \u00eatre valid\u00e9e l&rsquo;exp\u00e9rimentation. Qui sera charg\u00e9 de l&rsquo;\u00e9valuer ? L\u00e0 encore Y a-t-il un appel d&rsquo;offre ? Quels sont les profils recherch\u00e9s ? Voil\u00e0 encore une affaire \u00e0 suivre.<\/p>\n","protected":false},"excerpt":{"rendered":"<p>Dimanche 24 mars, Le Secr\u00e9taire d&rsquo;Etat en charge de la jeunesse a donn\u00e9 une interview \u00e0 la radio. Apr\u00e8s avoir abord\u00e9 de nombreux sujets, il a donn\u00e9 des informations compl\u00e9mentaires sur le Service National Universel. C&rsquo;est bien M. Attal qui a fait un parall\u00e8le entre A.C.M. (ce qui veut dire Accueils collectifs de Mineurs, dont [&hellip;]<\/p>\n","protected":false},"author":3,"featured_media":0,"parent":1013,"menu_order":0,"comment_status":"closed","ping_status":"closed","template":"","meta":{"footnotes":""},"class_list":["post-981","page","type-page","status-publish","hentry"],"_links":{"self":[{"href":"https:\/\/lemuseedelacolo.fr\/index.php?rest_route=\/wp\/v2\/pages\/981","targetHints":{"allow":["GET"]}}],"collection":[{"href":"https:\/\/lemuseedelacolo.fr\/index.php?rest_route=\/wp\/v2\/pages"}],"about":[{"href":"https:\/\/lemuseedelacolo.fr\/index.php?rest_route=\/wp\/v2\/types\/page"}],"author":[{"embeddable":true,"href":"https:\/\/lemuseedelacolo.fr\/index.php?rest_route=\/wp\/v2\/users\/3"}],"replies":[{"embeddable":true,"href":"https:\/\/lemuseedelacolo.fr\/index.php?rest_route=%2Fwp%2Fv2%2Fcomments&post=981"}],"version-history":[{"count":2,"href":"https:\/\/lemuseedelacolo.fr\/index.php?rest_route=\/wp\/v2\/pages\/981\/revisions"}],"predecessor-version":[{"id":1016,"href":"https:\/\/lemuseedelacolo.fr\/index.php?rest_route=\/wp\/v2\/pages\/981\/revisions\/1016"}],"up":[{"embeddable":true,"href":"https:\/\/lemuseedelacolo.fr\/index.php?rest_route=\/wp\/v2\/pages\/1013"}],"wp:attachment":[{"href":"https:\/\/lemuseedelacolo.fr\/index.php?rest_route=%2Fwp%2Fv2%2Fmedia&parent=981"}],"curies":[{"name":"wp","href":"https:\/\/api.w.org\/{rel}","templated":true}]}}