{"id":967,"date":"2019-02-04T16:41:09","date_gmt":"2019-02-04T15:41:09","guid":{"rendered":"http:\/\/lemuseedelacolo.fr\/?page_id=967"},"modified":"2020-02-29T14:53:57","modified_gmt":"2020-02-29T13:53:57","slug":"2019-01-janvier-le-service-national-universel","status":"publish","type":"page","link":"https:\/\/lemuseedelacolo.fr\/?page_id=967","title":{"rendered":"2019 01 Janvier : Le service national Universel"},"content":{"rendered":"\n<p>  <\/p>\n\n\n\n<p>Apr\u00e8s les colos chantiers, les colos \u00e0 l\u2019\u00e9tranger, les colos pour r\u00e9viser le bac, les colos pur apprendre \u00e0 conduire, voil\u00e0 les colos pour devenir citoyen&nbsp;: le Service National Universel !<\/p>\n\n\n\n<p>Bien s\u00fbr, on voudrait nous faire croire que ce n\u2019est pas une colo. Non c\u2019est autre chose, d\u2019ailleurs les sp\u00e9cialistes des colos n\u2019ont pas \u00e9t\u00e9 invit\u00e9s dans les discussions (ou si peu), mais alors qu\u2019est-ce&nbsp;? Pourquoi est-ce annonc\u00e9 par le minist\u00e8re de l\u2019\u00e9ducation et de la jeunesse et non par celui de la d\u00e9fense&nbsp; (alors que c\u2019est un g\u00e9n\u00e9ral qui pr\u00e9sidait la commission en charge du rapport pr\u00e9alable) ?<\/p>\n\n\n\n<p>&nbsp;&nbsp;&nbsp;&nbsp;&nbsp; A partir de ces r\u00e9flexions, nous avons d\u00e9cid\u00e9 de la cr\u00e9ation d\u2019une page sp\u00e9cifique afin de donner notre avis (surement un peu trop longuement) et de permettre \u00e0 chacun de mettre un commentaire.<\/p>\n\n\n\n<p>Quel dommage que le gouvernement ne propose pas un milliard (voire un  milliard et demi) pour permettre \u00e0 chaque enfant de pouvoir partir en vacances collectives.<\/p>\n","protected":false},"excerpt":{"rendered":"<p>Apr\u00e8s les colos chantiers, les colos \u00e0 l\u2019\u00e9tranger, les colos pour r\u00e9viser le bac, les colos pur apprendre \u00e0 conduire, voil\u00e0 les colos pour devenir citoyen&nbsp;: le Service National Universel ! Bien s\u00fbr, on voudrait nous faire croire que ce n\u2019est pas une colo. Non c\u2019est autre chose, d\u2019ailleurs les sp\u00e9cialistes des colos n\u2019ont pas [&hellip;]<\/p>\n","protected":false},"author":3,"featured_media":0,"parent":1013,"menu_order":0,"comment_status":"closed","ping_status":"closed","template":"","meta":{"footnotes":""},"class_list":["post-967","page","type-page","status-publish","hentry"],"_links":{"self":[{"href":"https:\/\/lemuseedelacolo.fr\/index.php?rest_route=\/wp\/v2\/pages\/967","targetHints":{"allow":["GET"]}}],"collection":[{"href":"https:\/\/lemuseedelacolo.fr\/index.php?rest_route=\/wp\/v2\/pages"}],"about":[{"href":"https:\/\/lemuseedelacolo.fr\/index.php?rest_route=\/wp\/v2\/types\/page"}],"author":[{"embeddable":true,"href":"https:\/\/lemuseedelacolo.fr\/index.php?rest_route=\/wp\/v2\/users\/3"}],"replies":[{"embeddable":true,"href":"https:\/\/lemuseedelacolo.fr\/index.php?rest_route=%2Fwp%2Fv2%2Fcomments&post=967"}],"version-history":[{"count":2,"href":"https:\/\/lemuseedelacolo.fr\/index.php?rest_route=\/wp\/v2\/pages\/967\/revisions"}],"predecessor-version":[{"id":1015,"href":"https:\/\/lemuseedelacolo.fr\/index.php?rest_route=\/wp\/v2\/pages\/967\/revisions\/1015"}],"up":[{"embeddable":true,"href":"https:\/\/lemuseedelacolo.fr\/index.php?rest_route=\/wp\/v2\/pages\/1013"}],"wp:attachment":[{"href":"https:\/\/lemuseedelacolo.fr\/index.php?rest_route=%2Fwp%2Fv2%2Fmedia&parent=967"}],"curies":[{"name":"wp","href":"https:\/\/api.w.org\/{rel}","templated":true}]}}