{"id":955,"date":"2018-11-07T18:54:05","date_gmt":"2018-11-07T17:54:05","guid":{"rendered":"http:\/\/lemuseedelacolo.fr\/?page_id=955"},"modified":"2019-02-04T16:33:21","modified_gmt":"2019-02-04T15:33:21","slug":"2018-10-un-film-sur-une-colo-de-greolieres","status":"publish","type":"page","link":"https:\/\/lemuseedelacolo.fr\/?page_id=955","title":{"rendered":"2018 10 : un film sur une colo de Gr\u00e9oli\u00e8res"},"content":{"rendered":"<p>Le site&nbsp; R\u00e9trocolo pr\u00e9sente des cartes postales et des films de colonies de vacances. Nous avons regard\u00e9 r\u00e9cemment le film \u00ab\u00a0L<span style=\"color: #ff0000;\">es colonies de vacances de Sud-Aviation<\/span>\u00ab\u00a0. Il s&rsquo;agit de colonies de vacances organis\u00e9es par un comit\u00e9 d&rsquo;entreprise qui a depuis chang\u00e9 de nom.<\/p>\n<p>Le film dure un peu plus d&rsquo;une demi-heure. Il pr\u00e9sente plusieurs centres probablement \u00e0 la fin des ann\u00e9es 50 (ou d\u00e9but 60).<\/p>\n<p>Parmi les diff\u00e9rents b\u00e2timents, il y en a un \u00e0 Gr\u00e9oli\u00e8res (environ entre 11 mn et 14,5 mn). Cette colonie a accueilli :<\/p>\n<ul>\n<li>les enfants du Cannet entre 1934 et 1951 ;<\/li>\n<li>les enfants de la SNCASE de 1953 \u00e0 1956, puis la SNCASE est devenue Sud-Aviation puis l&rsquo;A\u00e9rospatiale. La colonie a du fermer \u00e0 la fin des ann\u00e9es 90.<\/li>\n<\/ul>\n<p>Donc, si vous avez \u00e9t\u00e9 en colo \u00e0 Gr\u00e9oli\u00e8res avec l&rsquo;un de ces 4 organismes, vous pourrez au moins, reconna\u00eetre le b\u00e2timent et les paysages.<\/p>\n","protected":false},"excerpt":{"rendered":"<p>Le site&nbsp; R\u00e9trocolo pr\u00e9sente des cartes postales et des films de colonies de vacances. Nous avons regard\u00e9 r\u00e9cemment le film \u00ab\u00a0Les colonies de vacances de Sud-Aviation\u00ab\u00a0. Il s&rsquo;agit de colonies de vacances organis\u00e9es par un comit\u00e9 d&rsquo;entreprise qui a depuis chang\u00e9 de nom. Le film dure un peu plus d&rsquo;une demi-heure. Il pr\u00e9sente plusieurs centres [&hellip;]<\/p>\n","protected":false},"author":3,"featured_media":0,"parent":961,"menu_order":0,"comment_status":"closed","ping_status":"closed","template":"","meta":{"footnotes":""},"class_list":["post-955","page","type-page","status-publish","hentry"],"_links":{"self":[{"href":"https:\/\/lemuseedelacolo.fr\/index.php?rest_route=\/wp\/v2\/pages\/955","targetHints":{"allow":["GET"]}}],"collection":[{"href":"https:\/\/lemuseedelacolo.fr\/index.php?rest_route=\/wp\/v2\/pages"}],"about":[{"href":"https:\/\/lemuseedelacolo.fr\/index.php?rest_route=\/wp\/v2\/types\/page"}],"author":[{"embeddable":true,"href":"https:\/\/lemuseedelacolo.fr\/index.php?rest_route=\/wp\/v2\/users\/3"}],"replies":[{"embeddable":true,"href":"https:\/\/lemuseedelacolo.fr\/index.php?rest_route=%2Fwp%2Fv2%2Fcomments&post=955"}],"version-history":[{"count":2,"href":"https:\/\/lemuseedelacolo.fr\/index.php?rest_route=\/wp\/v2\/pages\/955\/revisions"}],"predecessor-version":[{"id":963,"href":"https:\/\/lemuseedelacolo.fr\/index.php?rest_route=\/wp\/v2\/pages\/955\/revisions\/963"}],"up":[{"embeddable":true,"href":"https:\/\/lemuseedelacolo.fr\/index.php?rest_route=\/wp\/v2\/pages\/961"}],"wp:attachment":[{"href":"https:\/\/lemuseedelacolo.fr\/index.php?rest_route=%2Fwp%2Fv2%2Fmedia&parent=955"}],"curies":[{"name":"wp","href":"https:\/\/api.w.org\/{rel}","templated":true}]}}