{"id":946,"date":"2018-07-02T09:53:31","date_gmt":"2018-07-02T08:53:31","guid":{"rendered":"http:\/\/lemuseedelacolo.fr\/?page_id=946"},"modified":"2019-02-04T16:35:29","modified_gmt":"2019-02-04T15:35:29","slug":"2018-6-a-quoi-servent-les-colonie-de-vacances","status":"publish","type":"page","link":"https:\/\/lemuseedelacolo.fr\/?page_id=946","title":{"rendered":"2018 6 : A quoi servent les Colonie de Vacances"},"content":{"rendered":"<p>C&rsquo;est surement une des questions les plus importantes lorsque l&rsquo;on essaie de faire vivre les colos : <span style=\"color: #ff0000;\">A quoi servent les colonies de vacances ?<\/span><\/p>\n<p>Nous pouvons remercier Jean-Marie Bataille de l&rsquo;avoir pos\u00e9e et trait\u00e9e dans un livre paru ce mois-ci :&nbsp;<a href=\"https:\/\/lemuseedelacolo.fr\/wp-content\/uploads\/2018\/07\/img104.jpg\"><img loading=\"lazy\" decoding=\"async\" class=\"aligncenter size-medium wp-image-947\" src=\"https:\/\/lemuseedelacolo.fr\/wp-content\/uploads\/2018\/07\/img104-248x300.jpg\" alt=\"\" width=\"248\" height=\"300\" srcset=\"https:\/\/lemuseedelacolo.fr\/wp-content\/uploads\/2018\/07\/img104-248x300.jpg 248w, https:\/\/lemuseedelacolo.fr\/wp-content\/uploads\/2018\/07\/img104-768x928.jpg 768w, https:\/\/lemuseedelacolo.fr\/wp-content\/uploads\/2018\/07\/img104-847x1024.jpg 847w, https:\/\/lemuseedelacolo.fr\/wp-content\/uploads\/2018\/07\/img104-624x754.jpg 624w, https:\/\/lemuseedelacolo.fr\/wp-content\/uploads\/2018\/07\/img104.jpg 1744w\" sizes=\"auto, (max-width: 248px) 100vw, 248px\" \/><\/a><a href=\"https:\/\/lemuseedelacolo.fr\/wp-content\/uploads\/2018\/07\/img105.jpg\"><img loading=\"lazy\" decoding=\"async\" class=\"aligncenter size-medium wp-image-948\" src=\"https:\/\/lemuseedelacolo.fr\/wp-content\/uploads\/2018\/07\/img105-248x300.jpg\" alt=\"\" width=\"248\" height=\"300\" srcset=\"https:\/\/lemuseedelacolo.fr\/wp-content\/uploads\/2018\/07\/img105-248x300.jpg 248w, https:\/\/lemuseedelacolo.fr\/wp-content\/uploads\/2018\/07\/img105-768x928.jpg 768w, https:\/\/lemuseedelacolo.fr\/wp-content\/uploads\/2018\/07\/img105-847x1024.jpg 847w, https:\/\/lemuseedelacolo.fr\/wp-content\/uploads\/2018\/07\/img105-624x754.jpg 624w, https:\/\/lemuseedelacolo.fr\/wp-content\/uploads\/2018\/07\/img105.jpg 1744w\" sizes=\"auto, (max-width: 248px) 100vw, 248px\" \/><\/a><\/p>\n<p>Le livre est paru aux \u00e9ditions le social en fabrique, et peut \u00eatre command\u00e9 sur le site Internet de l&rsquo;\u00e9diteur.<\/p>\n<p>Dans son livre, Jean-Marie Bataille propose une d\u00e9finition des colonies de vacances et une approche historique, en d\u00e9veloppant surtout les ann\u00e9es r\u00e9centes. Puis il s&rsquo;interroge que ce qu&rsquo;il se passe en colo en abordant le patrimoine, la socialisation, la mixit\u00e9, la prise de responsabilit\u00e9. Il termine en proposant des \u00ab\u00a0s\u00e9jours soutenables\u00a0\u00bb (qu&rsquo;il faut entendre par \u00ab\u00a0durables\u00a0\u00bb).<\/p>\n<p>Si ce livre propose des id\u00e9es int\u00e9ressantes, il aborde des points qui ne sont pas suffisamment d\u00e9velopp\u00e9s pour \u00eatre validables. La premi\u00e8re colonie de vacances est-elle r\u00e9serv\u00e9e \u00e0 des enfants ayant la tuberculose ? Quel rapport avec les vacances&#8230; que la plupart des enfants n&rsquo;avaient pas \u00e0 l&rsquo;\u00e9poque (en 1847) ? Est-ce que tout d\u00e9placement d&rsquo;enfants peut \u00eatre associ\u00e9 \u00e0 une colonie ? dans ce cas, il faut y mettre aussi les d\u00e9placements sportifs, les classes de d\u00e9couvertes&#8230;<\/p>\n<p>De plus, les remarques concernant&nbsp; \u00ab\u00a0les troisi\u00e8me repas arros\u00e9s suivis du viol d&rsquo;une animatrice\u00a0\u00bb que tout animateur exp\u00e9riment\u00e9 pourrait raconter me parait de nature \u00e0 ne pas vouloir faire survivre des institutions qui \u00ab\u00a0auraient ferm\u00e9 les yeux\u00a0\u00bb !<\/p>\n","protected":false},"excerpt":{"rendered":"<p>C&rsquo;est surement une des questions les plus importantes lorsque l&rsquo;on essaie de faire vivre les colos : A quoi servent les colonies de vacances ? Nous pouvons remercier Jean-Marie Bataille de l&rsquo;avoir pos\u00e9e et trait\u00e9e dans un livre paru ce mois-ci :&nbsp; Le livre est paru aux \u00e9ditions le social en fabrique, et peut \u00eatre [&hellip;]<\/p>\n","protected":false},"author":3,"featured_media":0,"parent":961,"menu_order":0,"comment_status":"closed","ping_status":"closed","template":"","meta":{"footnotes":""},"class_list":["post-946","page","type-page","status-publish","hentry"],"_links":{"self":[{"href":"https:\/\/lemuseedelacolo.fr\/index.php?rest_route=\/wp\/v2\/pages\/946","targetHints":{"allow":["GET"]}}],"collection":[{"href":"https:\/\/lemuseedelacolo.fr\/index.php?rest_route=\/wp\/v2\/pages"}],"about":[{"href":"https:\/\/lemuseedelacolo.fr\/index.php?rest_route=\/wp\/v2\/types\/page"}],"author":[{"embeddable":true,"href":"https:\/\/lemuseedelacolo.fr\/index.php?rest_route=\/wp\/v2\/users\/3"}],"replies":[{"embeddable":true,"href":"https:\/\/lemuseedelacolo.fr\/index.php?rest_route=%2Fwp%2Fv2%2Fcomments&post=946"}],"version-history":[{"count":2,"href":"https:\/\/lemuseedelacolo.fr\/index.php?rest_route=\/wp\/v2\/pages\/946\/revisions"}],"predecessor-version":[{"id":966,"href":"https:\/\/lemuseedelacolo.fr\/index.php?rest_route=\/wp\/v2\/pages\/946\/revisions\/966"}],"up":[{"embeddable":true,"href":"https:\/\/lemuseedelacolo.fr\/index.php?rest_route=\/wp\/v2\/pages\/961"}],"wp:attachment":[{"href":"https:\/\/lemuseedelacolo.fr\/index.php?rest_route=%2Fwp%2Fv2%2Fmedia&parent=946"}],"curies":[{"name":"wp","href":"https:\/\/api.w.org\/{rel}","templated":true}]}}