{"id":940,"date":"2018-04-14T13:42:04","date_gmt":"2018-04-14T12:42:04","guid":{"rendered":"http:\/\/lemuseedelacolo.fr\/?page_id=940"},"modified":"2019-02-04T16:34:41","modified_gmt":"2019-02-04T15:34:41","slug":"2018-4-des-inquietudes-sur-lavenir-des-colos","status":"publish","type":"page","link":"https:\/\/lemuseedelacolo.fr\/?page_id=940","title":{"rendered":"2018 4 : des inqui\u00e9tudes sur l&rsquo;avenir des colos"},"content":{"rendered":"<p>Dans les ann\u00e9es 1990, il y a eu une tentative pour que la r\u00e9glementation des soci\u00e9t\u00e9s de tourisme s&rsquo;applique pour les colonies de vacances (et les classes de d\u00e9couvertes). Suite \u00e0 l&rsquo;action de nombreux organisateurs, l&rsquo;\u00e9tat a limit\u00e9 le champ d&rsquo;application. Seuls les organisateurs de s\u00e9jours \u00e0 l&rsquo;\u00e9tranger \u00e9taient soumis \u00e0 cette r\u00e9glementation qui imposait un agr\u00e9ment tourisme (avec notamment une caution bancaire&nbsp; pour le rapatriement \u00e9ventuel des clients, un dipl\u00f4me du tourisme pour l&rsquo;un des dirigeants&#8230;).<\/p>\n<p>Certaines f\u00e9d\u00e9rations ou unions du champ ont alors obtenu l&rsquo;agr\u00e9ment afin d&rsquo;aider leurs adh\u00e9rents qui pouvaient en b\u00e9n\u00e9ficier.<\/p>\n<p>Et voil\u00e0 que cela recommence&#8230; sans raison. A moins qu&rsquo;il ne s&rsquo;agisse de favoriser les organisateurs importants qui font d\u00e9j\u00e0 des s\u00e9jours dans diff\u00e9rents pays et qui ont d\u00e9j\u00e0 l&rsquo;agr\u00e9ment.<\/p>\n<p>A part le concept, tr\u00e8s souvent utilis\u00e9, qu&rsquo;il s&rsquo;agit d&rsquo;une norme europ\u00e9enne qui doit s&rsquo;appliquer \u00e0 tous (et bien que de nombreux pays europ\u00e9ens l&rsquo;appliquent autrement), qu&rsquo;est-ce qui justifie cette loi ? Les colonies de vacances, les camps scouts&#8230; sont-ils des lieux de vacances \u00e9ducatives ou des biens de consommation ?<\/p>\n<p>Ceux qui souhaitent soutenir les colonies de vacances peuvent lire un communiqu\u00e9 et\/ou signer la p\u00e9tition sur :&nbsp;https:\/\/www.change.org\/p\/edouard-philippe-contre-la-directive-travel<\/p>\n<p>&nbsp;<\/p>\n","protected":false},"excerpt":{"rendered":"<p>Dans les ann\u00e9es 1990, il y a eu une tentative pour que la r\u00e9glementation des soci\u00e9t\u00e9s de tourisme s&rsquo;applique pour les colonies de vacances (et les classes de d\u00e9couvertes). Suite \u00e0 l&rsquo;action de nombreux organisateurs, l&rsquo;\u00e9tat a limit\u00e9 le champ d&rsquo;application. Seuls les organisateurs de s\u00e9jours \u00e0 l&rsquo;\u00e9tranger \u00e9taient soumis \u00e0 cette r\u00e9glementation qui imposait [&hellip;]<\/p>\n","protected":false},"author":3,"featured_media":0,"parent":961,"menu_order":0,"comment_status":"closed","ping_status":"closed","template":"","meta":{"footnotes":""},"class_list":["post-940","page","type-page","status-publish","hentry"],"_links":{"self":[{"href":"https:\/\/lemuseedelacolo.fr\/index.php?rest_route=\/wp\/v2\/pages\/940","targetHints":{"allow":["GET"]}}],"collection":[{"href":"https:\/\/lemuseedelacolo.fr\/index.php?rest_route=\/wp\/v2\/pages"}],"about":[{"href":"https:\/\/lemuseedelacolo.fr\/index.php?rest_route=\/wp\/v2\/types\/page"}],"author":[{"embeddable":true,"href":"https:\/\/lemuseedelacolo.fr\/index.php?rest_route=\/wp\/v2\/users\/3"}],"replies":[{"embeddable":true,"href":"https:\/\/lemuseedelacolo.fr\/index.php?rest_route=%2Fwp%2Fv2%2Fcomments&post=940"}],"version-history":[{"count":2,"href":"https:\/\/lemuseedelacolo.fr\/index.php?rest_route=\/wp\/v2\/pages\/940\/revisions"}],"predecessor-version":[{"id":965,"href":"https:\/\/lemuseedelacolo.fr\/index.php?rest_route=\/wp\/v2\/pages\/940\/revisions\/965"}],"up":[{"embeddable":true,"href":"https:\/\/lemuseedelacolo.fr\/index.php?rest_route=\/wp\/v2\/pages\/961"}],"wp:attachment":[{"href":"https:\/\/lemuseedelacolo.fr\/index.php?rest_route=%2Fwp%2Fv2%2Fmedia&parent=940"}],"curies":[{"name":"wp","href":"https:\/\/api.w.org\/{rel}","templated":true}]}}