{"id":937,"date":"2018-03-30T08:46:32","date_gmt":"2018-03-30T07:46:32","guid":{"rendered":"http:\/\/lemuseedelacolo.fr\/?page_id=937"},"modified":"2019-02-04T16:33:49","modified_gmt":"2019-02-04T15:33:49","slug":"2018-3-une-histoire-qui-se-repete","status":"publish","type":"page","link":"https:\/\/lemuseedelacolo.fr\/?page_id=937","title":{"rendered":"2018 3 : Une histoire qui se r\u00e9p\u00e8te"},"content":{"rendered":"<p>En lisant une introduction pr\u00e9sentant l&rsquo;ann\u00e9e pr\u00e9c\u00e9dente, j&rsquo;ai lu ceci dans un agenda :<\/p>\n<p>\u00a0\u00bb <em>Cette politique de l&rsquo;unit\u00e9 trouva sa conclusion en fin d&rsquo;ann\u00e9e par l&rsquo;encadrement de nombreuses colonies de vacances par les routiers, leur donnant ainsi l&rsquo;occasion de r\u00e9aliser un<span style=\"color: #ff0000;\"> service civique<\/span> de la <\/em><em style=\"font-size: 1rem;\"><span style=\"color: #ff0000;\">plus haute importance<\/span><\/em><em style=\"font-size: 1rem;\">&nbsp;dans les <span style=\"color: #ff0000;\">circonstances actuelles<\/span><\/em><span style=\"font-size: 1rem;\">\u00ab\u00a0.<\/span><\/p>\n<p>Il faut pr\u00e9ciser que les routiers ne sont pas des chauffeurs, mais des scouts a\u00een\u00e9s (jeunes de 17 \u00e0 19 ans).<\/p>\n<p>Le texte est extrait d&rsquo;un agenda scout (le Kim) de 1944. L&rsquo;ann\u00e9e cit\u00e9e est donc 1943. Le concept de \u00ab\u00a0service civique\u00a0\u00bb est donc ancien. En cette p\u00e9riode de guerre, il ne s&rsquo;est pas limit\u00e9 aux chantiers de la jeunesse.<\/p>\n<p>Face aux interrogations sur la n\u00e9cessit\u00e9 aujourd&rsquo;hui d&rsquo;un service civique mais dont on ne sait pas&nbsp; ce que les jeunes feront (et comme l&rsquo;arm\u00e9e n&rsquo;a plus les b\u00e2timents pour les accueillir !) ni \u00e0 quoi vont-ils servir, certains vont probablement proposer l&rsquo;encadrement des enfants et des jeunes (afin de r\u00e9duire la masse salariale ?). L&rsquo;id\u00e9e n&rsquo;est pas nouvelle, le texte le montre.<\/p>\n<p>Par contre est-elle pertinente ? Surement pas si c&rsquo;est g\u00e9n\u00e9ralis\u00e9. Tout le monde ne peut pas \u00eatre animateur. Et si c&rsquo;est seulement pour certains, alors le principe d&rsquo;\u00e9galit\u00e9 est d\u00e9j\u00e0 mis \u00e0 mal.<\/p>\n<p>Il reste que l&rsquo;apprentissage de la vie en collectivit\u00e9 avec h\u00e9bergement (colonies de vacances, mais aussi classes de d\u00e9couverte&#8230;) est un atout dans l&rsquo;apprentissage de la citoyennet\u00e9. Pourrait-on inclure dans une sorte de service civique pour les coll\u00e9giens des s\u00e9jours de vacances avec une th\u00e9matique sociale (cela changera certains de la consommation !) ? Nul doute que certains y pensent. Il reste \u00e0 esp\u00e9rer qu&rsquo;ils sauront avoir de bons partenaires.<\/p>\n<p>&nbsp;<\/p>\n","protected":false},"excerpt":{"rendered":"<p>En lisant une introduction pr\u00e9sentant l&rsquo;ann\u00e9e pr\u00e9c\u00e9dente, j&rsquo;ai lu ceci dans un agenda : \u00a0\u00bb Cette politique de l&rsquo;unit\u00e9 trouva sa conclusion en fin d&rsquo;ann\u00e9e par l&rsquo;encadrement de nombreuses colonies de vacances par les routiers, leur donnant ainsi l&rsquo;occasion de r\u00e9aliser un service civique de la plus haute importance&nbsp;dans les circonstances actuelles\u00ab\u00a0. Il faut pr\u00e9ciser [&hellip;]<\/p>\n","protected":false},"author":3,"featured_media":0,"parent":961,"menu_order":0,"comment_status":"closed","ping_status":"closed","template":"","meta":{"footnotes":""},"class_list":["post-937","page","type-page","status-publish","hentry"],"_links":{"self":[{"href":"https:\/\/lemuseedelacolo.fr\/index.php?rest_route=\/wp\/v2\/pages\/937","targetHints":{"allow":["GET"]}}],"collection":[{"href":"https:\/\/lemuseedelacolo.fr\/index.php?rest_route=\/wp\/v2\/pages"}],"about":[{"href":"https:\/\/lemuseedelacolo.fr\/index.php?rest_route=\/wp\/v2\/types\/page"}],"author":[{"embeddable":true,"href":"https:\/\/lemuseedelacolo.fr\/index.php?rest_route=\/wp\/v2\/users\/3"}],"replies":[{"embeddable":true,"href":"https:\/\/lemuseedelacolo.fr\/index.php?rest_route=%2Fwp%2Fv2%2Fcomments&post=937"}],"version-history":[{"count":3,"href":"https:\/\/lemuseedelacolo.fr\/index.php?rest_route=\/wp\/v2\/pages\/937\/revisions"}],"predecessor-version":[{"id":964,"href":"https:\/\/lemuseedelacolo.fr\/index.php?rest_route=\/wp\/v2\/pages\/937\/revisions\/964"}],"up":[{"embeddable":true,"href":"https:\/\/lemuseedelacolo.fr\/index.php?rest_route=\/wp\/v2\/pages\/961"}],"wp:attachment":[{"href":"https:\/\/lemuseedelacolo.fr\/index.php?rest_route=%2Fwp%2Fv2%2Fmedia&parent=937"}],"curies":[{"name":"wp","href":"https:\/\/api.w.org\/{rel}","templated":true}]}}