{"id":929,"date":"2017-11-09T19:16:39","date_gmt":"2017-11-09T18:16:39","guid":{"rendered":"http:\/\/lemuseedelacolo.fr\/?page_id=929"},"modified":"2018-03-30T08:23:13","modified_gmt":"2018-03-30T07:23:13","slug":"2017-octobre-josephine-nest-pas-lange-gardien-des-colos","status":"publish","type":"page","link":"https:\/\/lemuseedelacolo.fr\/?page_id=929","title":{"rendered":"2017-octobre : Jos\u00e9phine n&rsquo;est pas l&rsquo;ange gardien des colos"},"content":{"rendered":"<p>Le lundi 23 octobre, TFI a diffus\u00e9 le 2\u00e8me \u00e9pisode de la saison 18 de la s\u00e9rie \u00ab\u00a0Jos\u00e9phine, Ange gardien\u00a0\u00bb. Le titre \u00e9tait \u00ab\u00a0<span style=\"color: #ff0000;\">Le myst\u00e8re des Pierres qui chantent<\/span>\u00a0\u00bb et l&rsquo;\u00e9pisode se passait&#8230; en colo.<\/p>\n<p>Le moins que l&rsquo;on puisse dire, c&rsquo;est que si l&rsquo;on veut acc\u00e9l\u00e9rer la disparition des colos, il suffit de regarder cet \u00e9pisode.<\/p>\n<p>Il est difficile de citer toutes les aberrations ou le non respect de la r\u00e9glementation, je ne prendrais donc que quelques exemples :<\/p>\n<ul>\n<li>tout d&rsquo;abord, la directrice de la colo (ou du camp d&rsquo;ados) est propri\u00e9taire de la colo. Cela doit faire partie d&rsquo;un mythe r\u00e9serv\u00e9 aux auteurs des s\u00e9ries. S&rsquo;ils connaissaient leur sujet, ils sauraient qu&rsquo;il est tr\u00e8s rare qu&rsquo;un directeur soit propri\u00e9taire de sa colo. Par contre, c&rsquo;est syst\u00e9matique dans les s\u00e9ries. Il est\u00a0 surprenant que cela ne fasse r\u00e9agir personne, \u00e0 croire que dans toute l&rsquo;\u00e9quipe du film, personne ne connaisse les colonies de vacances ;<\/li>\n<li>Quand le groupe part en randonn\u00e9e, ils sont 7 jeunes et 2 animateurs. Ce sont alors 9 personnes qui sortent d&rsquo;un minibus&#8230; conduit par un chauffeur, soit 10 personnes&#8230; Le code de la route limite cependant \u00e0 9 personnes dans un minibus !<\/li>\n<li>Les animateurs ne connaissent pas le parcours de la randonn\u00e9e, ils ne savent pas o\u00f9 ils vont. La r\u00e9glementation impose aux animateurs (\u00e0 moins qu&rsquo;ils aient une formation sp\u00e9cifique) \u00e0 se d\u00e9placer sur des sentiers rep\u00e9r\u00e9s auparavant. De m\u00eame, les enfants ou les jeunes doivent rester sur des chemins (pas question de se d\u00e9placer hors des chemins, comme c&rsquo;est parfois le cas dans l&rsquo;\u00e9pisode) ;<\/li>\n<li>Pass\u00e9 6 ans, les gar\u00e7ons et les filles ne peuvent plus dormir ensemble. Il n&rsquo;est donc pas envisageable qu&rsquo;un gar\u00e7on et une fille partagent la m\u00eame tente (sous le regard de l&rsquo;animateur) &#8230;<\/li>\n<\/ul>\n<p>Ajoutons \u00e0 tous cela, la directrice d\u00e9pressive, qui rencontre de nombreux probl\u00e8mes avec sa fille, l&rsquo;arriv\u00e9e d&rsquo;une animatrice inconnue (Jos\u00e9phine) en d\u00e9but de colo (donc sans entretien pr\u00e9alable, ni v\u00e9rification de la formation&#8230;), l&rsquo;objectif de la colo qui serait de se d\u00e9connecter des t\u00e9l\u00e9phones et autres gadgets en r\u00e9seaux&#8230;<\/p>\n<p>On peut encore ajouter de nombreux clich\u00e9s sur les jeunes, leurs relations, leur sexualit\u00e9 et sur les activit\u00e9s en s\u00e9jours de vacances.<\/p>\n<p>Nul doute que ni les parents, ni les jeunes n&rsquo;auront envie de partir en camp d&rsquo;ados l&rsquo;\u00e9t\u00e9 prochain. A moins qu&rsquo;ils aient eu la bonne id\u00e9e de regarder autre chose.<\/p>\n<p>&nbsp;<\/p>\n","protected":false},"excerpt":{"rendered":"<p>Le lundi 23 octobre, TFI a diffus\u00e9 le 2\u00e8me \u00e9pisode de la saison 18 de la s\u00e9rie \u00ab\u00a0Jos\u00e9phine, Ange gardien\u00a0\u00bb. Le titre \u00e9tait \u00ab\u00a0Le myst\u00e8re des Pierres qui chantent\u00a0\u00bb et l&rsquo;\u00e9pisode se passait&#8230; en colo. Le moins que l&rsquo;on puisse dire, c&rsquo;est que si l&rsquo;on veut acc\u00e9l\u00e9rer la disparition des colos, il suffit de regarder [&hellip;]<\/p>\n","protected":false},"author":3,"featured_media":0,"parent":927,"menu_order":0,"comment_status":"closed","ping_status":"closed","template":"","meta":{"footnotes":""},"class_list":["post-929","page","type-page","status-publish","hentry"],"_links":{"self":[{"href":"https:\/\/lemuseedelacolo.fr\/index.php?rest_route=\/wp\/v2\/pages\/929","targetHints":{"allow":["GET"]}}],"collection":[{"href":"https:\/\/lemuseedelacolo.fr\/index.php?rest_route=\/wp\/v2\/pages"}],"about":[{"href":"https:\/\/lemuseedelacolo.fr\/index.php?rest_route=\/wp\/v2\/types\/page"}],"author":[{"embeddable":true,"href":"https:\/\/lemuseedelacolo.fr\/index.php?rest_route=\/wp\/v2\/users\/3"}],"replies":[{"embeddable":true,"href":"https:\/\/lemuseedelacolo.fr\/index.php?rest_route=%2Fwp%2Fv2%2Fcomments&post=929"}],"version-history":[{"count":1,"href":"https:\/\/lemuseedelacolo.fr\/index.php?rest_route=\/wp\/v2\/pages\/929\/revisions"}],"predecessor-version":[{"id":930,"href":"https:\/\/lemuseedelacolo.fr\/index.php?rest_route=\/wp\/v2\/pages\/929\/revisions\/930"}],"up":[{"embeddable":true,"href":"https:\/\/lemuseedelacolo.fr\/index.php?rest_route=\/wp\/v2\/pages\/927"}],"wp:attachment":[{"href":"https:\/\/lemuseedelacolo.fr\/index.php?rest_route=%2Fwp%2Fv2%2Fmedia&parent=929"}],"curies":[{"name":"wp","href":"https:\/\/api.w.org\/{rel}","templated":true}]}}