{"id":890,"date":"2017-06-23T18:29:02","date_gmt":"2017-06-23T17:29:02","guid":{"rendered":"http:\/\/lemuseedelacolo.fr\/?page_id=890"},"modified":"2018-04-14T13:28:13","modified_gmt":"2018-04-14T12:28:13","slug":"canicule-rythmes-scolaires-et-toujours-pas-de-ministre-pour-la-jeunesse","status":"publish","type":"page","link":"https:\/\/lemuseedelacolo.fr\/?page_id=890","title":{"rendered":"Canicule, rythmes scolaires et toujours pas de Ministre pour la jeunesse !"},"content":{"rendered":"<p>Il est difficile de ne pas r\u00e9agir \u00e0 l&rsquo;actualit\u00e9 en cette fin juin 2017, m\u00eame si ce n&rsquo;est pas l&rsquo;objet de ce site. Alors tant pis, voici quand m\u00eame quelques r\u00e9flexions soci\u00e9tales.<\/p>\n<p>Tout d&rsquo;abord, le gouvernement \u00e9largi ne comprend <span style=\"color: #ff0000;\">pas de ministre ni de secr\u00e9taire d&rsquo;\u00e9tat en charge de la jeunesse<\/span> (ni de la vie associative, ni de l&rsquo;\u00e9ducation populaire). C&rsquo;est inqui\u00e9tant car l est normal de se demander qui sera l&rsquo;interlocuteur des associations organisant des colonies de vacances, quel sera l&rsquo;avenir des dispositifs mis en place par le gouvernement pr\u00e9c\u00e9dent&#8230;<\/p>\n<p>C&rsquo;est d&rsquo;autant plus g\u00eanant qu&rsquo;il y a deux sujets d&rsquo;actualit\u00e9 qui devraient \u00eatre suivi par nos nouveaux \u00e9lus :<\/p>\n<ul>\n<li>La question du <span style=\"color: #ff0000;\">rythme scolaire<\/span> o\u00f9 il semble pr\u00e9vu de laisser les Maires d\u00e9cider. Que reste-t-il des recherches qui avaient \u00e9t\u00e9 mises en avant pour justifier des nouveaux rythmes ? Les enfants ne sont-ils qu&rsquo;un objet pour le politique ? Ne devrait-il pas y avoir quelques \u00e9tudes s\u00e9rieuses avant de prendre ce genre de d\u00e9cision ? Avant les nouveaux rythmes, nous avions particip\u00e9 \u00e0 une lettre ouverte afin de poser, du point de vue des animateurs, les conditions de la r\u00e9ussite. Rien n&rsquo;avait \u00e9t\u00e9 fait en ce sens. Faut-il tout supprimer, revenir en arri\u00e8re, sans avoir s\u00e9rieusement essay\u00e9 ? Quelle est la place des enfants et de la r\u00e9ussite scolaire dans notre soci\u00e9t\u00e9 ?<\/li>\n<li>La question de<span style=\"color: #ff0000;\"> la canicule et de la non-adaptation des locaux scolaires<\/span> aux fortes chaleurs a \u00e9t\u00e9 soulev\u00e9e par la presse ces jours-ci. Il est alors important de rappeler que de plus en plus d&rsquo;enfants passent leur \u00e9t\u00e9 dans des accueils de loisirs (des centres a\u00e9r\u00e9s, centres de loisirs ou CLSH). Et ces centres sont souvent&#8230; dans des \u00e9coles ! Nous avons donc des enfants qui ne vont pas avoir de vacances (en colo ou en famille) mais des \u00ab\u00a0loisirs\u00a0\u00bb dans leur \u00e9cole, inadapt\u00e9e aux fortes chaleurs. Comment penser que ces enfants seront pr\u00eats pour la rentr\u00e9e des classes en septembre apr\u00e8s deux mois dans ces conditions (m\u00eame local que le reste de l&rsquo;ann\u00e9e, pas toujours adapt\u00e9) ?<\/li>\n<\/ul>\n<p>Oui, sans aucun doute, il faudrait que quelqu&rsquo;un s&rsquo;occupe de la jeunesse et de ses loisirs&#8230;<\/p>\n","protected":false},"excerpt":{"rendered":"<p>Il est difficile de ne pas r\u00e9agir \u00e0 l&rsquo;actualit\u00e9 en cette fin juin 2017, m\u00eame si ce n&rsquo;est pas l&rsquo;objet de ce site. Alors tant pis, voici quand m\u00eame quelques r\u00e9flexions soci\u00e9tales. Tout d&rsquo;abord, le gouvernement \u00e9largi ne comprend pas de ministre ni de secr\u00e9taire d&rsquo;\u00e9tat en charge de la jeunesse (ni de la vie [&hellip;]<\/p>\n","protected":false},"author":3,"featured_media":0,"parent":356,"menu_order":0,"comment_status":"closed","ping_status":"closed","template":"","meta":{"footnotes":""},"class_list":["post-890","page","type-page","status-publish","hentry"],"_links":{"self":[{"href":"https:\/\/lemuseedelacolo.fr\/index.php?rest_route=\/wp\/v2\/pages\/890","targetHints":{"allow":["GET"]}}],"collection":[{"href":"https:\/\/lemuseedelacolo.fr\/index.php?rest_route=\/wp\/v2\/pages"}],"about":[{"href":"https:\/\/lemuseedelacolo.fr\/index.php?rest_route=\/wp\/v2\/types\/page"}],"author":[{"embeddable":true,"href":"https:\/\/lemuseedelacolo.fr\/index.php?rest_route=\/wp\/v2\/users\/3"}],"replies":[{"embeddable":true,"href":"https:\/\/lemuseedelacolo.fr\/index.php?rest_route=%2Fwp%2Fv2%2Fcomments&post=890"}],"version-history":[{"count":1,"href":"https:\/\/lemuseedelacolo.fr\/index.php?rest_route=\/wp\/v2\/pages\/890\/revisions"}],"predecessor-version":[{"id":891,"href":"https:\/\/lemuseedelacolo.fr\/index.php?rest_route=\/wp\/v2\/pages\/890\/revisions\/891"}],"up":[{"embeddable":true,"href":"https:\/\/lemuseedelacolo.fr\/index.php?rest_route=\/wp\/v2\/pages\/356"}],"wp:attachment":[{"href":"https:\/\/lemuseedelacolo.fr\/index.php?rest_route=%2Fwp%2Fv2%2Fmedia&parent=890"}],"curies":[{"name":"wp","href":"https:\/\/api.w.org\/{rel}","templated":true}]}}