{"id":877,"date":"2017-03-20T18:48:32","date_gmt":"2017-03-20T17:48:32","guid":{"rendered":"http:\/\/lemuseedelacolo.fr\/?page_id=877"},"modified":"2017-03-20T18:48:32","modified_gmt":"2017-03-20T17:48:32","slug":"lucpa-ou-la-grenouille-qui-voulait-devenir-plus-grosse-que","status":"publish","type":"page","link":"https:\/\/lemuseedelacolo.fr\/?page_id=877","title":{"rendered":"L&rsquo;UCPA ou la grenouille qui voulait devenir plus grosse que&#8230;"},"content":{"rendered":"<p>L&rsquo;Ucpa est une association cr\u00e9\u00e9e, il y a plus de 50 ans, afin de favoriser les vacances sportives pour les jeunes en \u00e2ge de travailler. Elle \u00e9tait un compl\u00e9ment aux dispositifs pour les enfants (colos et camp d&rsquo;ados) et pour les familles (villages-vacances). De nombreuses f\u00e9d\u00e9rations d&rsquo;\u00e9ducation populaire et des mouvements de jeunesse ont particip\u00e9 et soutiennent encore cette association.<\/p>\n<p>Depuis une vingtaine d&rsquo;ann\u00e9es, l&rsquo;Ucpa a d\u00e9velopp\u00e9 un service de colonies de vacances sportives. Elle devenait alors concurrente des certains de ses membres, mais justifiait cela en n&rsquo;organisant que des s\u00e9jours sportifs. A l&rsquo;\u00e9poque, le nombre de d\u00e9parts en colonie \u00e9tait d\u00e9j\u00e0 en baisse chaque ann\u00e9e, mais on pouvait penser que de nouveaux s\u00e9jours pouvaient inverser la tendance (surtout si ceux-ci correspondaient mieux aux attentes des parents).<\/p>\n<p>En d\u00e9cembre 2016, nous avons appris que l&rsquo;Ucpa allait absorber deux associations dont Alud\u00e9o. Cette derni\u00e8re est issu principalement d&rsquo;associations de villages vacances qui avaient eux-aussi cr\u00e9\u00e9 des colos il y a une vingtaine d&rsquo;ann\u00e9e.<\/p>\n<p>Et ce mois-ci, l&rsquo;Ucpa annonce sur son site l&rsquo;alliance (sous forme de rachat) de la soci\u00e9t\u00e9 Destination d\u00e9couverte qui poss\u00e8de \u00ab\u00a0la marque Telligo\u00a0\u00bb. Il s&rsquo;agit d&rsquo;une soci\u00e9t\u00e9 \u00e0 but lucratif, cr\u00e9\u00e9e il y a un peu plus de vingt ans pour organiser des colonies de vacances.<\/p>\n<p>En premier commentaire, tous ces organismes font des colos depuis peu au vu de l&rsquo;histoire des colos (qui elle a presque 150 ans).<\/p>\n<p>Ensuite, malgr\u00e9 le d\u00e9veloppement de ces structures, le nombre d&rsquo;enfants partant en colonie de vacances diminue toujours. Ce qui revient \u00e0 dire que ce sont les \u00ab\u00a0organismes historiques\u00a0\u00bb qui disparaissent au profit de ces associations et entreprises.<\/p>\n<p>Il faut se demander quel est l&rsquo;int\u00e9r\u00eat de ces fusions. Pourquoi \u00eatre le plus important dans un secteur en d\u00e9clin ? On peut m\u00eame aller plus loin, n&rsquo;y a-t-il pas un probl\u00e8me de taille\u00a0qui augmente les risques (comment un seul organisateur va arriver \u00a0remplir tous ces b\u00e2timents, tous ces s\u00e9jours ? o\u00f9 trouver assez de personnels ?) ?<\/p>\n<p>On trouve une partie des r\u00e9ponses sur le site \u00ab\u00a0les \u00e9chos\u00a0\u00bb qui a\u00a0interrog\u00e9 le directeur de l&rsquo;Ucpa. Ce rachat a pour objectif d&rsquo;aider l&rsquo;Ucpa \u00e0 r\u00e9pondre aux appels d&rsquo;offre des entreprises et des collectivit\u00e9s locales. Autrement dit, l&rsquo;Ucpa aurait besoin de Telligo pour se positionner sur des secteurs o\u00f9 d&rsquo;autres associations sont actuellement pr\u00e9sentes. L&rsquo;Ucpa veut se d\u00e9velopper en prenant les march\u00e9s tenus par des associations locales, le plus souvent en place depuis des ann\u00e9es.<\/p>\n<p>Il serait int\u00e9ressant de conna\u00eetre les positions de ces associations, ou des f\u00e9d\u00e9rations et unions qui les regroupent, d&rsquo;autant plus que ces f\u00e9d\u00e9rations et unions sont membres du\u00a0conseil d&rsquo;administration de &#8230; l&rsquo;Ucpa.<\/p>\n<p>Cerise sur le g\u00e2teau, l&rsquo;Ucpa annonce que le fondateur\/Directeur de Telligo sera \u00ab\u00a0partie prenante du management du nouvel ensemble\u00a0\u00bb alors que le directeur d&rsquo;Alud\u00e9o \u00e0 lui quitt\u00e9 le \u00ab\u00a0groupe\u00a0\u00bb. J&rsquo;esp\u00e8re qu&rsquo;e ce nouveau groupe aura la correction de ne plus utiliser les concepts d&rsquo;Education Populaire ou de Tourisme Social pour d\u00e9finir ses actions.<\/p>\n<p>S&rsquo;il reste un \u00a0pari \u00e0 prendre, c&rsquo;est que la structure sera trop grosse pour exister longtemps sans l&rsquo;aide des pouvoirs publics,\u00a0c&rsquo;est ce que l&rsquo;histoire de l&rsquo;animation nous apprend. A quand le\u00a0d\u00e9p\u00f4t de bilan ? Combien d&rsquo;associations vont dispara\u00eetre avant ?<\/p>\n<p>Et cela, juste pour avoir voulu \u00eatre plus grosse que le B\u0153uf !<\/p>\n","protected":false},"excerpt":{"rendered":"<p>L&rsquo;Ucpa est une association cr\u00e9\u00e9e, il y a plus de 50 ans, afin de favoriser les vacances sportives pour les jeunes en \u00e2ge de travailler. Elle \u00e9tait un compl\u00e9ment aux dispositifs pour les enfants (colos et camp d&rsquo;ados) et pour les familles (villages-vacances). De nombreuses f\u00e9d\u00e9rations d&rsquo;\u00e9ducation populaire et des mouvements de jeunesse ont particip\u00e9 [&hellip;]<\/p>\n","protected":false},"author":3,"featured_media":0,"parent":356,"menu_order":0,"comment_status":"closed","ping_status":"closed","template":"","meta":{"footnotes":""},"class_list":["post-877","page","type-page","status-publish","hentry"],"_links":{"self":[{"href":"https:\/\/lemuseedelacolo.fr\/index.php?rest_route=\/wp\/v2\/pages\/877","targetHints":{"allow":["GET"]}}],"collection":[{"href":"https:\/\/lemuseedelacolo.fr\/index.php?rest_route=\/wp\/v2\/pages"}],"about":[{"href":"https:\/\/lemuseedelacolo.fr\/index.php?rest_route=\/wp\/v2\/types\/page"}],"author":[{"embeddable":true,"href":"https:\/\/lemuseedelacolo.fr\/index.php?rest_route=\/wp\/v2\/users\/3"}],"replies":[{"embeddable":true,"href":"https:\/\/lemuseedelacolo.fr\/index.php?rest_route=%2Fwp%2Fv2%2Fcomments&post=877"}],"version-history":[{"count":1,"href":"https:\/\/lemuseedelacolo.fr\/index.php?rest_route=\/wp\/v2\/pages\/877\/revisions"}],"predecessor-version":[{"id":878,"href":"https:\/\/lemuseedelacolo.fr\/index.php?rest_route=\/wp\/v2\/pages\/877\/revisions\/878"}],"up":[{"embeddable":true,"href":"https:\/\/lemuseedelacolo.fr\/index.php?rest_route=\/wp\/v2\/pages\/356"}],"wp:attachment":[{"href":"https:\/\/lemuseedelacolo.fr\/index.php?rest_route=%2Fwp%2Fv2%2Fmedia&parent=877"}],"curies":[{"name":"wp","href":"https:\/\/api.w.org\/{rel}","templated":true}]}}