{"id":875,"date":"2017-03-18T20:09:32","date_gmt":"2017-03-18T19:09:32","guid":{"rendered":"http:\/\/lemuseedelacolo.fr\/?page_id=875"},"modified":"2017-11-09T18:36:12","modified_gmt":"2017-11-09T17:36:12","slug":"2017-3-mars-nouvelle-etude-et-campagne-du-ministere","status":"publish","type":"page","link":"https:\/\/lemuseedelacolo.fr\/?page_id=875","title":{"rendered":"2017-3 mars : nouvelle \u00e9tude et campagne du minist\u00e8re"},"content":{"rendered":"<p>Deux point peuvent \u00eatre abord\u00e9s pour ce mois de mars. Commen\u00e7ons par l&rsquo;\u00e9tude de l&rsquo;Ovlej, <span style=\"color: #ff0000;\">dossier n\u00b0187 de la C.N.A.F.<\/span> que l&rsquo;on trouve assez facilement sur Internet.<\/p>\n<p>A son habitude l&rsquo;Ovlej a fait une\u00a0enqu\u00eate par questionnaire, r\u00e9alis\u00e9e par t\u00e9l\u00e9phone. Il en ressort que le r\u00e9sultat ne doit pas \u00eatre notifi\u00e9 comme une v\u00e9rit\u00e9 mais qu&rsquo;il pr\u00e9sente des tendances, bas\u00e9es sur du d\u00e9claratif. Je pr\u00e9cise cela car certains ont tendance \u00e0 utiliser les \u00e9tudes de l&rsquo;Ovlej comme des v\u00e9rit\u00e9s absolues.<\/p>\n<p>L&rsquo;objectif de l&rsquo;\u00e9tude est surprenant : il \u00ab\u00a0\u00e9tait de d\u00e9gager d&rsquo;\u00e9ventuels parcours \u00e9ducatifs qui conduiraient du centre de loisirs, voire de la cr\u00e8che, au mini-camp puis \u00e0 la colo et de comprendre les processus d\u00e9cisionnels qui les construisent.\u00a0\u00bb (p10). Si montrer des liens entre les centres de loisirs, les mini-camps et les colos est int\u00e9ressant (d&rsquo;autant plus que pendant longtemps, on a critiqu\u00e9 les centres de loisirs et leurs mini-camps qui semblaient responsables de pertes d&rsquo;inscription en colonie), les liens avec les cr\u00e8ches sont pour le moins curieux. L&rsquo;id\u00e9e serait que les parents qui privil\u00e9gient les accueil collectifs dans la petite enfance le feraient encore dans l&rsquo;enfance\u00a0en inscrivant les enfants au centre de loisirs. En fait, l&rsquo;\u00e9tude a juste d\u00e9montr\u00e9 que les parents qui avaient besoin d&rsquo;un mode de garde lors de la petite enfance de leur enfant en avait encore besoin lors de l&rsquo;enfance, mais cela, on le savait d\u00e9j\u00e0 !<\/p>\n<p>Une autre limite \u00e9vidente de l&rsquo;\u00e9tude, dans ce lien entre centre de loisirs et s\u00e9jour de vacances, c&rsquo;est que les classes de d\u00e9couvertes n&rsquo;ont pas \u00e9t\u00e9 abord\u00e9es. Est-ce uniquement le mini-camp ou un mini-camp plus une classe de d\u00e9couverte qui vont aider au d\u00e9part ? Ou uniquement la classe de d\u00e9couverte ? Certes la CNAF n&rsquo;est pas concern\u00e9e par les sorties scolaires, mais elle n&rsquo;\u00e9tait pas la seule \u00e0 financer l&rsquo;\u00e9tude. Ce manque entra\u00eene forc\u00e9ment une limite dans les r\u00e9sultats de l&rsquo;\u00e9tude qui ne prend en compte qu&rsquo;une partie de la r\u00e9alit\u00e9.<\/p>\n<p>&nbsp;<\/p>\n<p>En deuxi\u00e8me point, il faut citer <span style=\"color: #ff0000;\">la campagne de communication<\/span> du minist\u00e8re en charge de la jeunesse pour les colonies de vacances. Il s&rsquo;agit d&rsquo;un \u00ab\u00a0kit\u00a0\u00bb \u00e0 t\u00e9l\u00e9charger. Tout d&rsquo;abord, il faut dire que \u00ab\u00a0la campagne\u00a0\u00bb est mieux faite que l&rsquo;ann\u00e9e derni\u00e8re. Les photos donnent plus l&rsquo;ambiance colo, les textes aussi.<\/p>\n<p>Mais soyons s\u00e9rieux. A quoi cela servira-t-il ? Qui va prendre le temps (et payer) pour imprimer des affiches et aller les coller ? et O\u00f9 ? Une campagne de ce style n&rsquo;aurait de sens que si le Minist\u00e8re envoyait des affiches dans les lieux o\u00f9 il y a des enfants (les \u00e9coles, les centres de loisirs&#8230;) et o\u00f9 les parents passent. Mais il ne faut pas demander \u00e0 des organisateurs, qui manquent de temps et de moyens, d&rsquo;aller afficher avec le risque que les enfants s&rsquo;inscrivent ailleurs. A quand une \u00e9tude qui \u00e9valuera l&rsquo;impact de ces campagnes ?<\/p>\n","protected":false},"excerpt":{"rendered":"<p>Deux point peuvent \u00eatre abord\u00e9s pour ce mois de mars. Commen\u00e7ons par l&rsquo;\u00e9tude de l&rsquo;Ovlej, dossier n\u00b0187 de la C.N.A.F. que l&rsquo;on trouve assez facilement sur Internet. A son habitude l&rsquo;Ovlej a fait une\u00a0enqu\u00eate par questionnaire, r\u00e9alis\u00e9e par t\u00e9l\u00e9phone. Il en ressort que le r\u00e9sultat ne doit pas \u00eatre notifi\u00e9 comme une v\u00e9rit\u00e9 mais qu&rsquo;il [&hellip;]<\/p>\n","protected":false},"author":3,"featured_media":0,"parent":927,"menu_order":0,"comment_status":"closed","ping_status":"closed","template":"","meta":{"footnotes":""},"class_list":["post-875","page","type-page","status-publish","hentry"],"_links":{"self":[{"href":"https:\/\/lemuseedelacolo.fr\/index.php?rest_route=\/wp\/v2\/pages\/875","targetHints":{"allow":["GET"]}}],"collection":[{"href":"https:\/\/lemuseedelacolo.fr\/index.php?rest_route=\/wp\/v2\/pages"}],"about":[{"href":"https:\/\/lemuseedelacolo.fr\/index.php?rest_route=\/wp\/v2\/types\/page"}],"author":[{"embeddable":true,"href":"https:\/\/lemuseedelacolo.fr\/index.php?rest_route=\/wp\/v2\/users\/3"}],"replies":[{"embeddable":true,"href":"https:\/\/lemuseedelacolo.fr\/index.php?rest_route=%2Fwp%2Fv2%2Fcomments&post=875"}],"version-history":[{"count":1,"href":"https:\/\/lemuseedelacolo.fr\/index.php?rest_route=\/wp\/v2\/pages\/875\/revisions"}],"predecessor-version":[{"id":876,"href":"https:\/\/lemuseedelacolo.fr\/index.php?rest_route=\/wp\/v2\/pages\/875\/revisions\/876"}],"up":[{"embeddable":true,"href":"https:\/\/lemuseedelacolo.fr\/index.php?rest_route=\/wp\/v2\/pages\/927"}],"wp:attachment":[{"href":"https:\/\/lemuseedelacolo.fr\/index.php?rest_route=%2Fwp%2Fv2%2Fmedia&parent=875"}],"curies":[{"name":"wp","href":"https:\/\/api.w.org\/{rel}","templated":true}]}}