{"id":872,"date":"2017-02-26T19:34:04","date_gmt":"2017-02-26T18:34:04","guid":{"rendered":"http:\/\/lemuseedelacolo.fr\/?page_id=872"},"modified":"2017-11-09T18:35:28","modified_gmt":"2017-11-09T17:35:28","slug":"2017-2-fevrier-les-actes-du-colloque-de-lunat","status":"publish","type":"page","link":"https:\/\/lemuseedelacolo.fr\/?page_id=872","title":{"rendered":"2017-2 : F\u00e9vrier Les actes du colloque de L&rsquo;unat"},"content":{"rendered":"<p>Pour la cinqui\u00e8me ann\u00e9e cons\u00e9cutive, l&rsquo;Unat a mis en ligne\u00a0sur son site les actes de son colloque (\u00e0 t\u00e9l\u00e9charger gratuitement). En novembre 2016, le th\u00e8me \u00e9tait \u00ab\u00a0Mutualiser et coop\u00e9rer : exp\u00e9riences et r\u00e9ussites\u00a0\u00bb. Il s&rsquo;agit d&rsquo;un document int\u00e9ressant que tous les organisateurs de s\u00e9jours peuvent\u00a0lire.<\/p>\n<p>S&rsquo;il y a de nombreux \u00e9l\u00e9ments\u00a0int\u00e9ressants, notamment avec les boites \u00e0 id\u00e9es, le document met en \u00e9vidence deux points qui nous g\u00eanent : le m\u00e9pris de l&rsquo;histoire des colos et la mise en \u00e9vidence que l&rsquo;Unat essaie de parler d&rsquo;une seule voix, tout en \u00e9tant constitu\u00e9e de diff\u00e9rents organisateurs, n&rsquo;ayant pas les m\u00eames conceptions des colos.<\/p>\n<p>Commen\u00e7ons par l&rsquo;histoire : c&rsquo;est le Pr\u00e9sident de la commission vacances enfant-ados de l&rsquo;Unat qui commence par s&rsquo;opposer \u00e0 ceux qui auraient dit que c&rsquo;\u00e9tait mieux avant. Pour ce faire, il prend quelques exemples parmi les pires de ce qui a pu exister, en oubliant de pr\u00e9ciser qu&rsquo;il ne s&rsquo;agit pas de g\u00e9n\u00e9ralit\u00e9s et ce, au m\u00e9pris de tous ceux qui faisaient\u00a0autrement. Et bien sur sans remettre ces exemples dans leur contexte (par contre, il d\u00e9veloppe ensuite l&rsquo;exemple du Vin en France, ou ind\u00e9niablement, il prend plus de temps, afin d&rsquo;en faire un mod\u00e8le\u00a0pour l&rsquo;avenir des colos !). On retrouve ensuite des oublis de l&rsquo;histoire dans les propositions faites par les participants \u00e0 cette journ\u00e9e qui innovent en proposant de faire ce qui se faisait. Enfin, le document pr\u00e9sente un manifeste pour les colos, o\u00f9 il est fait \u00e9tat du d\u00e9part en colo en net recul depuis 2008&#8230; comme si cela n&rsquo;\u00e9tait pas malheureusement plus ancien.<\/p>\n<p>En ce qui concerne les deux (au moins) profils des organisateurs de colos et membre de l&rsquo;Unat, on le ressent sur certains propos. Ainsi certains (les repr\u00e9sentants de certains organismes organisant de nombreux s\u00e9jours) mettent l&rsquo;accent sur la n\u00e9cessit\u00e9 pour les enfants et les jeunes de changer de lieu \u00e0 chaque s\u00e9jour. Il est \u00e9vident que les organisateurs n&rsquo;ayant qu&rsquo;un b\u00e2timent esp\u00e8rent que les enfants reviendront dans leurs s\u00e9jours et donc au m\u00eame lieu. On peut d&rsquo;ailleurs s&rsquo;interroger sur la n\u00e9cessit\u00e9 de changer de lieu \u00e0 chaque s\u00e9jour. Est-ce que toutes les activit\u00e9s sont\u00a0toutes\u00a0d\u00e9finies par le lieu de s\u00e9jour ?<\/p>\n<p>Le document se termine par la pr\u00e9sentation du manifeste cit\u00e9 pr\u00e9c\u00e9demment. Il est cosign\u00e9 par l&rsquo;Unat et la JPA et propose aux responsables des comit\u00e9s d&rsquo;entreprise et des \u00e9lus de collectivit\u00e9s territoriales de s&rsquo;engager \u00ab\u00a0afin que les colos continuent \u00e0 \u00eatre cet espace-temps \u00e9ducatif et social indispensable et qu&rsquo;elles continuent de contribuer \u00e0 l&rsquo;\u00e9conomie des territoires\u00a0\u00bb. On ne peut qu&rsquo;\u00eatre d&rsquo;accord, il reste \u00e0 voir comment, pour qui&#8230;<\/p>\n","protected":false},"excerpt":{"rendered":"<p>Pour la cinqui\u00e8me ann\u00e9e cons\u00e9cutive, l&rsquo;Unat a mis en ligne\u00a0sur son site les actes de son colloque (\u00e0 t\u00e9l\u00e9charger gratuitement). En novembre 2016, le th\u00e8me \u00e9tait \u00ab\u00a0Mutualiser et coop\u00e9rer : exp\u00e9riences et r\u00e9ussites\u00a0\u00bb. Il s&rsquo;agit d&rsquo;un document int\u00e9ressant que tous les organisateurs de s\u00e9jours peuvent\u00a0lire. S&rsquo;il y a de nombreux \u00e9l\u00e9ments\u00a0int\u00e9ressants, notamment avec les boites [&hellip;]<\/p>\n","protected":false},"author":3,"featured_media":0,"parent":927,"menu_order":0,"comment_status":"closed","ping_status":"closed","template":"","meta":{"footnotes":""},"class_list":["post-872","page","type-page","status-publish","hentry"],"_links":{"self":[{"href":"https:\/\/lemuseedelacolo.fr\/index.php?rest_route=\/wp\/v2\/pages\/872","targetHints":{"allow":["GET"]}}],"collection":[{"href":"https:\/\/lemuseedelacolo.fr\/index.php?rest_route=\/wp\/v2\/pages"}],"about":[{"href":"https:\/\/lemuseedelacolo.fr\/index.php?rest_route=\/wp\/v2\/types\/page"}],"author":[{"embeddable":true,"href":"https:\/\/lemuseedelacolo.fr\/index.php?rest_route=\/wp\/v2\/users\/3"}],"replies":[{"embeddable":true,"href":"https:\/\/lemuseedelacolo.fr\/index.php?rest_route=%2Fwp%2Fv2%2Fcomments&post=872"}],"version-history":[{"count":1,"href":"https:\/\/lemuseedelacolo.fr\/index.php?rest_route=\/wp\/v2\/pages\/872\/revisions"}],"predecessor-version":[{"id":873,"href":"https:\/\/lemuseedelacolo.fr\/index.php?rest_route=\/wp\/v2\/pages\/872\/revisions\/873"}],"up":[{"embeddable":true,"href":"https:\/\/lemuseedelacolo.fr\/index.php?rest_route=\/wp\/v2\/pages\/927"}],"wp:attachment":[{"href":"https:\/\/lemuseedelacolo.fr\/index.php?rest_route=%2Fwp%2Fv2%2Fmedia&parent=872"}],"curies":[{"name":"wp","href":"https:\/\/api.w.org\/{rel}","templated":true}]}}