{"id":866,"date":"2017-01-21T19:25:46","date_gmt":"2017-01-21T18:25:46","guid":{"rendered":"http:\/\/lemuseedelacolo.fr\/?page_id=866"},"modified":"2017-11-09T18:34:26","modified_gmt":"2017-11-09T17:34:26","slug":"2017-01-janvier-2017-quand-les-revues-pour-enfants-font-de-la-politique","status":"publish","type":"page","link":"https:\/\/lemuseedelacolo.fr\/?page_id=866","title":{"rendered":"2017-01 janvier 2017 : Quand les revues pour enfants font de la politique&#8230;"},"content":{"rendered":"<p>Afin de bien commencer cette nouvelle ann\u00e9e et de compl\u00e9ter les remarques sur les enjeux des positions prises dans les livres pour enfants, nous vous soumettons une petite histoire de 7 pages parues dans \u00ab\u00a0Super Picsou G\u00e9ant\u00a0\u00bb de mars 2016 nomm\u00e9e \u00ab\u00a0<span style=\"color: #ff0000;\">Picsou, la chance du fantastrilliardaire<\/span>\u00ab\u00a0.<\/p>\n<p>La famille de Donald est aux prises avec <span style=\"color: #ff0000;\">Ronald Plumb<\/span>, un grand canard millionnaire, au cheveux jaunes :<\/p>\n<p><a href=\"https:\/\/lemuseedelacolo.fr\/wp-content\/uploads\/2017\/01\/img647.jpg\"><img loading=\"lazy\" decoding=\"async\" class=\" wp-image-867 aligncenter\" src=\"https:\/\/lemuseedelacolo.fr\/wp-content\/uploads\/2017\/01\/img647-300x181.jpg\" alt=\"\" width=\"443\" height=\"267\" srcset=\"https:\/\/lemuseedelacolo.fr\/wp-content\/uploads\/2017\/01\/img647-300x181.jpg 300w, https:\/\/lemuseedelacolo.fr\/wp-content\/uploads\/2017\/01\/img647-768x463.jpg 768w, https:\/\/lemuseedelacolo.fr\/wp-content\/uploads\/2017\/01\/img647-1024x617.jpg 1024w, https:\/\/lemuseedelacolo.fr\/wp-content\/uploads\/2017\/01\/img647-624x376.jpg 624w, https:\/\/lemuseedelacolo.fr\/wp-content\/uploads\/2017\/01\/img647.jpg 1859w\" sizes=\"auto, (max-width: 443px) 100vw, 443px\" \/><\/a><\/p>\n<p>Dans l&rsquo;histoire, Ronald est trait\u00e9 de canaille par Picsou, puis il lui vole son \u00ab\u00a0sou-f\u00e9tiche\u00a0\u00bb. Il est alors trait\u00e9 de canaille par Donald, prend ses d\u00e9cisions en jouant \u00e0 pile-ou-face et habite dans une tour portant son nom. Puis Picsou sous-entend que Ronald est un \u00ab\u00a0imb\u00e9cile\u00a0\u00bb (pour avoir vendu des actions). Ronald finit ruin\u00e9, se faisant traiter d&rsquo;idiot et part en col\u00e8re.<\/p>\n<p><a href=\"https:\/\/lemuseedelacolo.fr\/wp-content\/uploads\/2017\/01\/img656.jpg\"><img loading=\"lazy\" decoding=\"async\" class=\"size-medium wp-image-868 aligncenter\" src=\"https:\/\/lemuseedelacolo.fr\/wp-content\/uploads\/2017\/01\/img656-300x239.jpg\" alt=\"\" width=\"300\" height=\"239\" srcset=\"https:\/\/lemuseedelacolo.fr\/wp-content\/uploads\/2017\/01\/img656-300x239.jpg 300w, https:\/\/lemuseedelacolo.fr\/wp-content\/uploads\/2017\/01\/img656-768x612.jpg 768w, https:\/\/lemuseedelacolo.fr\/wp-content\/uploads\/2017\/01\/img656-624x498.jpg 624w, https:\/\/lemuseedelacolo.fr\/wp-content\/uploads\/2017\/01\/img656.jpg 834w\" sizes=\"auto, (max-width: 300px) 100vw, 300px\" \/><\/a><\/p>\n<p>Bien \u00e9videmment toute ressemblance&#8230; est forc\u00e9ment voulue. Il reste que nous ne connaissons pas la date de parution de cette histoire aux Etats-Unis, ni m\u00eame si elle a \u00e9t\u00e9 publi\u00e9e. Il est juste difficile d&rsquo;imaginer Walt Disney critiquer ainsi un futur pr\u00e9sident.<\/p>\n<p>Cela montre qu&rsquo;il vaut mieux savoir ce que contiennent les livres qu&rsquo;on offre \u00e0 ses enfants. Toutes les histoires ne sont pas innocentes. Certaines comprennent des messages tr\u00e8s\u00a0orient\u00e9s.<\/p>\n","protected":false},"excerpt":{"rendered":"<p>Afin de bien commencer cette nouvelle ann\u00e9e et de compl\u00e9ter les remarques sur les enjeux des positions prises dans les livres pour enfants, nous vous soumettons une petite histoire de 7 pages parues dans \u00ab\u00a0Super Picsou G\u00e9ant\u00a0\u00bb de mars 2016 nomm\u00e9e \u00ab\u00a0Picsou, la chance du fantastrilliardaire\u00ab\u00a0. La famille de Donald est aux prises avec Ronald [&hellip;]<\/p>\n","protected":false},"author":3,"featured_media":0,"parent":927,"menu_order":0,"comment_status":"closed","ping_status":"closed","template":"","meta":{"footnotes":""},"class_list":["post-866","page","type-page","status-publish","hentry"],"_links":{"self":[{"href":"https:\/\/lemuseedelacolo.fr\/index.php?rest_route=\/wp\/v2\/pages\/866","targetHints":{"allow":["GET"]}}],"collection":[{"href":"https:\/\/lemuseedelacolo.fr\/index.php?rest_route=\/wp\/v2\/pages"}],"about":[{"href":"https:\/\/lemuseedelacolo.fr\/index.php?rest_route=\/wp\/v2\/types\/page"}],"author":[{"embeddable":true,"href":"https:\/\/lemuseedelacolo.fr\/index.php?rest_route=\/wp\/v2\/users\/3"}],"replies":[{"embeddable":true,"href":"https:\/\/lemuseedelacolo.fr\/index.php?rest_route=%2Fwp%2Fv2%2Fcomments&post=866"}],"version-history":[{"count":1,"href":"https:\/\/lemuseedelacolo.fr\/index.php?rest_route=\/wp\/v2\/pages\/866\/revisions"}],"predecessor-version":[{"id":869,"href":"https:\/\/lemuseedelacolo.fr\/index.php?rest_route=\/wp\/v2\/pages\/866\/revisions\/869"}],"up":[{"embeddable":true,"href":"https:\/\/lemuseedelacolo.fr\/index.php?rest_route=\/wp\/v2\/pages\/927"}],"wp:attachment":[{"href":"https:\/\/lemuseedelacolo.fr\/index.php?rest_route=%2Fwp%2Fv2%2Fmedia&parent=866"}],"curies":[{"name":"wp","href":"https:\/\/api.w.org\/{rel}","templated":true}]}}