{"id":862,"date":"2016-10-16T18:12:31","date_gmt":"2016-10-16T17:12:31","guid":{"rendered":"http:\/\/lemuseedelacolo.fr\/?page_id=862"},"modified":"2017-09-06T16:45:27","modified_gmt":"2017-09-06T15:45:27","slug":"2016-10-octobre-edmond-nous-a-quitte","status":"publish","type":"page","link":"https:\/\/lemuseedelacolo.fr\/?page_id=862","title":{"rendered":"2016-10 Octobre : Edmond nous a quitt\u00e9"},"content":{"rendered":"<p style=\"text-align: justify;\">L&rsquo;histoire d&rsquo;une colo est souvent li\u00e9e \u00e0 une personne ou \u00e0 un groupe de personnes. Ils ont senti le besoin des enfants et de leurs parents, ils se sont retrouss\u00e9s les manches. Ils ont cr\u00e9\u00e9 leur colo et ils l&rsquo;ont fait vivre.<\/p>\n<p style=\"text-align: justify;\">Tr\u00e8s souvent, la colo a v\u00e9cu plus longtemps que ses fondateurs.\u00a0Ils ont \u00e9t\u00e9 un peu oubli\u00e9s parce qu&rsquo;il fallait notamment que les nouveaux trouvent leur place.<\/p>\n<p style=\"text-align: justify;\">Parfois les colos ont disparues avec leur fondateur. Il \u00e9tait le pivot et n&rsquo;a pas su animer une \u00e9quipe pour faire survivre la colo.<\/p>\n<p style=\"text-align: justify;\">Dans les deux cas, ces gens, \u00e0 premi\u00e8re vue, ordinaires, mais qui ont permis \u00e0 des centaines voire des milliers d&rsquo;enfants de partir en colo (et l\u00e0, ils sont exceptionnels), ne laissent pas de trace dans l&rsquo;histoire. D&rsquo;abord, ils ont \u00e9t\u00e9 nombreux, ensuite comme souvent les colos ont disparu&#8230;<\/p>\n<p style=\"text-align: justify;\"><span style=\"color: #ff0000;\">Edmond Buchard<\/span> \u00e9tait l&rsquo;un d&rsquo;eux. Il nous a quitt\u00e9 au d\u00e9but du mois d&rsquo;octobre.<\/p>\n<p style=\"text-align: justify;\">Edmond a particip\u00e9, avec notamment l&rsquo;abb\u00e9 Giordan, \u00e0 la cr\u00e9ation de l&rsquo;association \u00ab\u00a0La fl\u00e8che\u00a0\u00bb qui organisait des s\u00e9jours dans le var. Puis, quand il n&rsquo;a plus \u00e9t\u00e9 possible de continuer dans le ch\u00e2teau d&rsquo;Esparon, il a lui-m\u00eame achet\u00e9 une maison bourgeoise (le ch\u00e2teau de l&rsquo;Agaisen) \u00e0 Sospel (Alpes-Maritimes) pour que la colonie continue. Il a alors accueilli en plus de nombreux groupes. Edmond s&rsquo;occupait de tout (mise en conformit\u00e9, am\u00e9nagements, \u00e9conomat, remise en \u00e9tat&#8230;) sauf des factures qu&rsquo;il oubliait souvent de r\u00e9clamer !<\/p>\n<p style=\"text-align: justify;\">Edmond a aussi partag\u00e9 ses connaissances. Il a encadr\u00e9 plus de 200 stages B.A.F.A. pour l&rsquo;Ufcv.<\/p>\n<p style=\"text-align: justify;\">Quand l&rsquo;association la Fl\u00e8che a arr\u00eat\u00e9 son activit\u00e9, Edmond, qui assumait des responsabilit\u00e9s dans d&rsquo;autres associations, a continu\u00e9 \u00e0 accueillir des groupes. Puis quand il n&rsquo;a plus pu tout g\u00e9rer, il a su s&rsquo;arranger avec l&rsquo;association \u00ab\u00a0Loisirs S\u00e9jours C\u00f4te d&rsquo;Azur\u00a0\u00bb pour que les colos continuent.<\/p>\n<p style=\"text-align: justify;\"><a href=\"https:\/\/lemuseedelacolo.fr\/wp-content\/uploads\/2016\/10\/agaisen-022.jpg\"><img loading=\"lazy\" decoding=\"async\" class=\"alignnone size-medium wp-image-863\" src=\"https:\/\/lemuseedelacolo.fr\/wp-content\/uploads\/2016\/10\/agaisen-022-300x225.jpg\" alt=\"agaisen-022\" width=\"300\" height=\"225\" srcset=\"https:\/\/lemuseedelacolo.fr\/wp-content\/uploads\/2016\/10\/agaisen-022-300x225.jpg 300w, https:\/\/lemuseedelacolo.fr\/wp-content\/uploads\/2016\/10\/agaisen-022-768x576.jpg 768w, https:\/\/lemuseedelacolo.fr\/wp-content\/uploads\/2016\/10\/agaisen-022-1024x768.jpg 1024w, https:\/\/lemuseedelacolo.fr\/wp-content\/uploads\/2016\/10\/agaisen-022-624x468.jpg 624w\" sizes=\"auto, (max-width: 300px) 100vw, 300px\" \/><\/a>\u00a0Edmond, devant sa colo, avec sa c\u00e9l\u00e8bre\u00a0voiture.<\/p>\n<p style=\"text-align: justify;\">Au nom des centaines d&rsquo;anciens colons et stagiaires, nous vous\u00a0disons merci Edmond.<\/p>\n","protected":false},"excerpt":{"rendered":"<p>L&rsquo;histoire d&rsquo;une colo est souvent li\u00e9e \u00e0 une personne ou \u00e0 un groupe de personnes. Ils ont senti le besoin des enfants et de leurs parents, ils se sont retrouss\u00e9s les manches. Ils ont cr\u00e9\u00e9 leur colo et ils l&rsquo;ont fait vivre. Tr\u00e8s souvent, la colo a v\u00e9cu plus longtemps que ses fondateurs.\u00a0Ils ont \u00e9t\u00e9 [&hellip;]<\/p>\n","protected":false},"author":3,"featured_media":0,"parent":909,"menu_order":0,"comment_status":"closed","ping_status":"closed","template":"","meta":{"footnotes":""},"class_list":["post-862","page","type-page","status-publish","hentry"],"_links":{"self":[{"href":"https:\/\/lemuseedelacolo.fr\/index.php?rest_route=\/wp\/v2\/pages\/862","targetHints":{"allow":["GET"]}}],"collection":[{"href":"https:\/\/lemuseedelacolo.fr\/index.php?rest_route=\/wp\/v2\/pages"}],"about":[{"href":"https:\/\/lemuseedelacolo.fr\/index.php?rest_route=\/wp\/v2\/types\/page"}],"author":[{"embeddable":true,"href":"https:\/\/lemuseedelacolo.fr\/index.php?rest_route=\/wp\/v2\/users\/3"}],"replies":[{"embeddable":true,"href":"https:\/\/lemuseedelacolo.fr\/index.php?rest_route=%2Fwp%2Fv2%2Fcomments&post=862"}],"version-history":[{"count":1,"href":"https:\/\/lemuseedelacolo.fr\/index.php?rest_route=\/wp\/v2\/pages\/862\/revisions"}],"predecessor-version":[{"id":864,"href":"https:\/\/lemuseedelacolo.fr\/index.php?rest_route=\/wp\/v2\/pages\/862\/revisions\/864"}],"up":[{"embeddable":true,"href":"https:\/\/lemuseedelacolo.fr\/index.php?rest_route=\/wp\/v2\/pages\/909"}],"wp:attachment":[{"href":"https:\/\/lemuseedelacolo.fr\/index.php?rest_route=%2Fwp%2Fv2%2Fmedia&parent=862"}],"curies":[{"name":"wp","href":"https:\/\/api.w.org\/{rel}","templated":true}]}}