{"id":848,"date":"2016-05-10T14:41:17","date_gmt":"2016-05-10T13:41:17","guid":{"rendered":"http:\/\/lemuseedelacolo.fr\/?page_id=848"},"modified":"2017-09-06T16:46:28","modified_gmt":"2017-09-06T15:46:28","slug":"2016-4-avril-les-70-ans-dune-colonie-familiale","status":"publish","type":"page","link":"https:\/\/lemuseedelacolo.fr\/?page_id=848","title":{"rendered":"2016-4 avril : les 70 ans d&rsquo;une colonie familiale"},"content":{"rendered":"<p>Le 23 avril, l&rsquo;Association Populaire de Vacances Familiales (APVF)\u00a0a f\u00eat\u00e9 ses 70 ans. La f\u00eate \u00e9tait organis\u00e9e dans sa maison de Saint-Etienne-de-Tin\u00e9e : Le Rabuons. Plus de 100 personnes (adh\u00e9rents, membre du CA, sympathisants&#8230;) se sont r\u00e9unies.<\/p>\n<p><a href=\"https:\/\/lemuseedelacolo.fr\/wp-content\/uploads\/2016\/05\/P1190994.jpg\" rel=\"attachment wp-att-849\"><img loading=\"lazy\" decoding=\"async\" class=\" wp-image-849 aligncenter\" src=\"https:\/\/lemuseedelacolo.fr\/wp-content\/uploads\/2016\/05\/P1190994-300x225.jpg\" alt=\"P1190994\" width=\"395\" height=\"296\" srcset=\"https:\/\/lemuseedelacolo.fr\/wp-content\/uploads\/2016\/05\/P1190994-300x225.jpg 300w, https:\/\/lemuseedelacolo.fr\/wp-content\/uploads\/2016\/05\/P1190994-768x576.jpg 768w, https:\/\/lemuseedelacolo.fr\/wp-content\/uploads\/2016\/05\/P1190994-1024x768.jpg 1024w, https:\/\/lemuseedelacolo.fr\/wp-content\/uploads\/2016\/05\/P1190994-624x468.jpg 624w\" sizes=\"auto, (max-width: 395px) 100vw, 395px\" \/><\/a><\/p>\n<p>L&rsquo;APVF est n\u00e9e pour permettre aux familles de partir en vacances. Le premier s\u00e9jour, en 1946 \u00e0 eu lieu \u00e0 Beuil, puis l&rsquo;ann\u00e9e suivante l&rsquo;association a achet\u00e9 l&rsquo;H\u00f4tel du Rabuons \u00e0 Saint-Etienne-de-Tin\u00e9e. Durant 11 ans, l&rsquo;association a organis\u00e9 des colonies familiales (m\u00e8re et enfants) puis, \u00e0 partir de 1958, elle est devenue maison familiale pour continuer son action (les colonies familiales n&rsquo;\u00e9tant plus reconnues par la jeunesse et les sports).<\/p>\n<p>Aujourd&rsquo;hui, l&rsquo;APVF accueille toujours des familles. La maison familiale a connu plusieurs chantiers de r\u00e9habilitation, mais elle a gard\u00e9 l&rsquo;esprit des fondateurs. D&rsquo;ailleurs la structure applique toujours des tarifs d\u00e9gressifs suivant les revenus des vacanciers.<\/p>\n<p>L&rsquo;APVF accueille aussi toutes sortes de groupes, des classes de d\u00e9couvertes&#8230; Pour mieux la conna\u00eetre : www.rabuons-mercantour.com<\/p>\n<p>&nbsp;<\/p>\n<p>&nbsp;<\/p>\n","protected":false},"excerpt":{"rendered":"<p>Le 23 avril, l&rsquo;Association Populaire de Vacances Familiales (APVF)\u00a0a f\u00eat\u00e9 ses 70 ans. La f\u00eate \u00e9tait organis\u00e9e dans sa maison de Saint-Etienne-de-Tin\u00e9e : Le Rabuons. Plus de 100 personnes (adh\u00e9rents, membre du CA, sympathisants&#8230;) se sont r\u00e9unies. L&rsquo;APVF est n\u00e9e pour permettre aux familles de partir en vacances. Le premier s\u00e9jour, en 1946 \u00e0 eu [&hellip;]<\/p>\n","protected":false},"author":3,"featured_media":0,"parent":909,"menu_order":0,"comment_status":"closed","ping_status":"closed","template":"","meta":{"footnotes":""},"class_list":["post-848","page","type-page","status-publish","hentry"],"_links":{"self":[{"href":"https:\/\/lemuseedelacolo.fr\/index.php?rest_route=\/wp\/v2\/pages\/848","targetHints":{"allow":["GET"]}}],"collection":[{"href":"https:\/\/lemuseedelacolo.fr\/index.php?rest_route=\/wp\/v2\/pages"}],"about":[{"href":"https:\/\/lemuseedelacolo.fr\/index.php?rest_route=\/wp\/v2\/types\/page"}],"author":[{"embeddable":true,"href":"https:\/\/lemuseedelacolo.fr\/index.php?rest_route=\/wp\/v2\/users\/3"}],"replies":[{"embeddable":true,"href":"https:\/\/lemuseedelacolo.fr\/index.php?rest_route=%2Fwp%2Fv2%2Fcomments&post=848"}],"version-history":[{"count":1,"href":"https:\/\/lemuseedelacolo.fr\/index.php?rest_route=\/wp\/v2\/pages\/848\/revisions"}],"predecessor-version":[{"id":850,"href":"https:\/\/lemuseedelacolo.fr\/index.php?rest_route=\/wp\/v2\/pages\/848\/revisions\/850"}],"up":[{"embeddable":true,"href":"https:\/\/lemuseedelacolo.fr\/index.php?rest_route=\/wp\/v2\/pages\/909"}],"wp:attachment":[{"href":"https:\/\/lemuseedelacolo.fr\/index.php?rest_route=%2Fwp%2Fv2%2Fmedia&parent=848"}],"curies":[{"name":"wp","href":"https:\/\/api.w.org\/{rel}","templated":true}]}}