{"id":842,"date":"2016-03-05T16:01:47","date_gmt":"2016-03-05T15:01:47","guid":{"rendered":"http:\/\/lemuseedelacolo.fr\/?page_id=842"},"modified":"2017-09-06T16:44:21","modified_gmt":"2017-09-06T15:44:21","slug":"2016-1-le-musee-en-2016","status":"publish","type":"page","link":"https:\/\/lemuseedelacolo.fr\/?page_id=842","title":{"rendered":"2016-1 : le mus\u00e9e en 2016"},"content":{"rendered":"<p>L&rsquo;ann\u00e9e 2015 a \u00e9t\u00e9 marqu\u00e9e par le pr\u00eat d&rsquo;un local (certes petit) afin de regrouper et de classer les acquisitions du mus\u00e9e.<\/p>\n<p>Le nombre de documents num\u00e9ris\u00e9s d\u00e9passe les 60 000 (dont plus de 15 000 photos).<\/p>\n<p>Cela nous permet aussi de faire un point de situation.\u00a0Nous avons regroup\u00e9 plusieurs centaines de livres (qui sont class\u00e9s par th\u00e8me, mais pas inventori\u00e9s) et plusieurs centaines de revues : V.E.N., revue de l&rsquo;Ufcv, jeunes ann\u00e9es, revues scoutes&#8230; dont l&rsquo;inventaire est en cours.<\/p>\n<p>Nous avons regroup\u00e9 aussi :<\/p>\n<ul>\n<li>des calendriers ;<\/li>\n<li>des cartes postales ;<\/li>\n<li>des pins, stylos, autocollants, timbres&#8230; ;<\/li>\n<li>des billets ;<\/li>\n<li>des r\u00e9cits de colo ;<\/li>\n<li>du mat\u00e9riel de cuisine<\/li>\n<li>du mat\u00e9riel de camping ;<\/li>\n<li>des photos et diapos<\/li>\n<li>des projecteurs et des \u00e9crans ;<\/li>\n<li>des jeux ;<\/li>\n<li>des affiches ;<\/li>\n<li>des catalogues ;<\/li>\n<li>des disques et des \u00e9lectrophones ;<\/li>\n<li>des films ;<\/li>\n<li>et pleins d&rsquo;autres objets indispensables au fonctionnement de nos colos.<\/li>\n<\/ul>\n<p>Tous ces objets sont \u00e0 la disposition des chercheurs. Cependant les s\u00e9ries ne sont pas compl\u00e8tes et nous collectons toujours toutes sortes de documents et d&rsquo;objets.<\/p>\n<p>Nous esp\u00e9rons pouvoir num\u00e9riser au moins 10 000 documents de plus cette ann\u00e9e.<\/p>\n","protected":false},"excerpt":{"rendered":"<p>L&rsquo;ann\u00e9e 2015 a \u00e9t\u00e9 marqu\u00e9e par le pr\u00eat d&rsquo;un local (certes petit) afin de regrouper et de classer les acquisitions du mus\u00e9e. Le nombre de documents num\u00e9ris\u00e9s d\u00e9passe les 60 000 (dont plus de 15 000 photos). Cela nous permet aussi de faire un point de situation.\u00a0Nous avons regroup\u00e9 plusieurs centaines de livres (qui sont [&hellip;]<\/p>\n","protected":false},"author":3,"featured_media":0,"parent":909,"menu_order":0,"comment_status":"closed","ping_status":"closed","template":"","meta":{"footnotes":""},"class_list":["post-842","page","type-page","status-publish","hentry"],"_links":{"self":[{"href":"https:\/\/lemuseedelacolo.fr\/index.php?rest_route=\/wp\/v2\/pages\/842","targetHints":{"allow":["GET"]}}],"collection":[{"href":"https:\/\/lemuseedelacolo.fr\/index.php?rest_route=\/wp\/v2\/pages"}],"about":[{"href":"https:\/\/lemuseedelacolo.fr\/index.php?rest_route=\/wp\/v2\/types\/page"}],"author":[{"embeddable":true,"href":"https:\/\/lemuseedelacolo.fr\/index.php?rest_route=\/wp\/v2\/users\/3"}],"replies":[{"embeddable":true,"href":"https:\/\/lemuseedelacolo.fr\/index.php?rest_route=%2Fwp%2Fv2%2Fcomments&post=842"}],"version-history":[{"count":1,"href":"https:\/\/lemuseedelacolo.fr\/index.php?rest_route=\/wp\/v2\/pages\/842\/revisions"}],"predecessor-version":[{"id":843,"href":"https:\/\/lemuseedelacolo.fr\/index.php?rest_route=\/wp\/v2\/pages\/842\/revisions\/843"}],"up":[{"embeddable":true,"href":"https:\/\/lemuseedelacolo.fr\/index.php?rest_route=\/wp\/v2\/pages\/909"}],"wp:attachment":[{"href":"https:\/\/lemuseedelacolo.fr\/index.php?rest_route=%2Fwp%2Fv2%2Fmedia&parent=842"}],"curies":[{"name":"wp","href":"https:\/\/api.w.org\/{rel}","templated":true}]}}