{"id":818,"date":"2015-07-30T17:18:46","date_gmt":"2015-07-30T16:18:46","guid":{"rendered":"http:\/\/lemuseedelacolo.fr\/?page_id=818"},"modified":"2017-11-09T18:32:08","modified_gmt":"2017-11-09T17:32:08","slug":"2015-6-juin-symposium-sur-les-colos","status":"publish","type":"page","link":"https:\/\/lemuseedelacolo.fr\/?page_id=818","title":{"rendered":"2015-6 : juin symposium sur les colos"},"content":{"rendered":"<p style=\"text-align: justify;\">Entre le 19 et le 21 juin 2015, il y a eu les rendez-vous de Courcelles.<\/p>\n<p style=\"text-align: justify;\">Dans un premier temps, nous avons eu une pr\u00e9sentation du dernier ouvrage li\u00e9 \u00e0 Courcelles : La prise de responsabilit\u00e9 des jeunes et les associations. Cela nous a aussi permis de vivre la naissance d&rsquo;une nouvelle maison d&rsquo;\u00e9dition \u00ab\u00a0<span style=\"color: #ff0000;\">Le social en Fabrique<\/span>\u00ab\u00a0, naissance arros\u00e9e le vendredi 19 juin.<\/p>\n<p style=\"text-align: justify;\">L&rsquo;ouvrage que l&rsquo;on peut se procurer aupr\u00e8s de la Maison de Courcelles pr\u00e9sente comment les jeunes animateurs s&rsquo;engagent dans l&rsquo;association, deviennent Directeurs, membre du Conseil de Maison, du Conseil d&rsquo;administration&#8230; Il y a aussi des explications sur le fonctionnement de la colo.<\/p>\n<p style=\"text-align: justify;\"><a href=\"https:\/\/lemuseedelacolo.fr\/wp-content\/uploads\/2015\/07\/img600.jpg\"><img loading=\"lazy\" decoding=\"async\" class=\" wp-image-821 aligncenter\" src=\"https:\/\/lemuseedelacolo.fr\/wp-content\/uploads\/2015\/07\/img600-195x300.jpg\" alt=\"img600\" width=\"147\" height=\"226\" srcset=\"https:\/\/lemuseedelacolo.fr\/wp-content\/uploads\/2015\/07\/img600-195x300.jpg 195w, https:\/\/lemuseedelacolo.fr\/wp-content\/uploads\/2015\/07\/img600-667x1024.jpg 667w, https:\/\/lemuseedelacolo.fr\/wp-content\/uploads\/2015\/07\/img600-624x958.jpg 624w, https:\/\/lemuseedelacolo.fr\/wp-content\/uploads\/2015\/07\/img600.jpg 1809w\" sizes=\"auto, (max-width: 147px) 100vw, 147px\" \/><\/a><\/p>\n<p style=\"text-align: justify;\">Puis, suivant \u00ab\u00a0la tradition\u00a0\u00bb initi\u00e9e par Jean Houssaye, il y a eu un <span style=\"color: #ff0000;\">symposium sur les colos<\/span> avec pour th\u00e8me : La responsabilit\u00e9 : \u00eatre responsable, se sentir responsable, prendre des responsabilit\u00e9s. une douzaine de chercheurs ont \u00e9chang\u00e9 sur ces th\u00e8mes. Il nous reste \u00e0 attendre la publication des actes chez \u00ab\u00a0le social en fabrique\u00a0\u00bb.<\/p>\n","protected":false},"excerpt":{"rendered":"<p>Entre le 19 et le 21 juin 2015, il y a eu les rendez-vous de Courcelles. Dans un premier temps, nous avons eu une pr\u00e9sentation du dernier ouvrage li\u00e9 \u00e0 Courcelles : La prise de responsabilit\u00e9 des jeunes et les associations. Cela nous a aussi permis de vivre la naissance d&rsquo;une nouvelle maison d&rsquo;\u00e9dition \u00ab\u00a0Le [&hellip;]<\/p>\n","protected":false},"author":3,"featured_media":0,"parent":925,"menu_order":0,"comment_status":"open","ping_status":"open","template":"","meta":{"footnotes":""},"class_list":["post-818","page","type-page","status-publish","hentry"],"_links":{"self":[{"href":"https:\/\/lemuseedelacolo.fr\/index.php?rest_route=\/wp\/v2\/pages\/818","targetHints":{"allow":["GET"]}}],"collection":[{"href":"https:\/\/lemuseedelacolo.fr\/index.php?rest_route=\/wp\/v2\/pages"}],"about":[{"href":"https:\/\/lemuseedelacolo.fr\/index.php?rest_route=\/wp\/v2\/types\/page"}],"author":[{"embeddable":true,"href":"https:\/\/lemuseedelacolo.fr\/index.php?rest_route=\/wp\/v2\/users\/3"}],"replies":[{"embeddable":true,"href":"https:\/\/lemuseedelacolo.fr\/index.php?rest_route=%2Fwp%2Fv2%2Fcomments&post=818"}],"version-history":[{"count":3,"href":"https:\/\/lemuseedelacolo.fr\/index.php?rest_route=\/wp\/v2\/pages\/818\/revisions"}],"predecessor-version":[{"id":823,"href":"https:\/\/lemuseedelacolo.fr\/index.php?rest_route=\/wp\/v2\/pages\/818\/revisions\/823"}],"up":[{"embeddable":true,"href":"https:\/\/lemuseedelacolo.fr\/index.php?rest_route=\/wp\/v2\/pages\/925"}],"wp:attachment":[{"href":"https:\/\/lemuseedelacolo.fr\/index.php?rest_route=%2Fwp%2Fv2%2Fmedia&parent=818"}],"curies":[{"name":"wp","href":"https:\/\/api.w.org\/{rel}","templated":true}]}}