{"id":785,"date":"2015-01-14T20:07:13","date_gmt":"2015-01-14T19:07:13","guid":{"rendered":"http:\/\/lemuseedelacolo.fr\/?page_id=785"},"modified":"2015-01-14T20:07:59","modified_gmt":"2015-01-14T19:07:59","slug":"le-fonds-jacky-jobert","status":"publish","type":"page","link":"https:\/\/lemuseedelacolo.fr\/?page_id=785","title":{"rendered":"le fonds Jacky Jobert"},"content":{"rendered":"<p>Le P\u00e8re Jobert a exerc\u00e9 son minist\u00e8re \u00e0 Nice et \u00e0 Grasse. Il a \u00e9t\u00e9 amen\u00e9 \u00e0 diriger la colo de Saint-Grat dans la vall\u00e9e de la Gordolasque pour l&rsquo;association la Semeuse (ann\u00e9es 65-68) puis il a dirig\u00e9 l&rsquo;association Cit\u00e9 Sainte-Th\u00e9r\u00e8se \u00e0 Grasse. Celle-ci organisait 4 colonies (Saint-Auban (2), Gr\u00e9oli\u00e8res, Castellane). Jacky a num\u00e9ris\u00e9 et comment\u00e9 dans les titres 2537 diapositives et l&rsquo;\u00e9quipe du Mus\u00e9e a ensuite num\u00e9ris\u00e9\u00a0 756 diapositives et 262 photos. Ce qui fait de ce fonds, le fonds le plus important du Mus\u00e9e, portant uniquement sur deux colos des ann\u00e9es 60 aux ann\u00e9es 90. Jacky a aussi donn\u00e9 diff\u00e9rents objets au Mus\u00e9e.<a href=\"https:\/\/lemuseedelacolo.fr\/wp-content\/uploads\/2015\/01\/img749.jpg\"><img loading=\"lazy\" decoding=\"async\" class=\"alignnone size-medium wp-image-786\" src=\"https:\/\/lemuseedelacolo.fr\/wp-content\/uploads\/2015\/01\/img749-210x300.jpg\" alt=\"img749\" width=\"210\" height=\"300\" srcset=\"https:\/\/lemuseedelacolo.fr\/wp-content\/uploads\/2015\/01\/img749-210x300.jpg 210w, https:\/\/lemuseedelacolo.fr\/wp-content\/uploads\/2015\/01\/img749-718x1024.jpg 718w, https:\/\/lemuseedelacolo.fr\/wp-content\/uploads\/2015\/01\/img749-624x890.jpg 624w, https:\/\/lemuseedelacolo.fr\/wp-content\/uploads\/2015\/01\/img749.jpg 1204w\" sizes=\"auto, (max-width: 210px) 100vw, 210px\" \/><\/a>\u00a0La colo de Saint-Auban.<\/p>\n","protected":false},"excerpt":{"rendered":"<p>Le P\u00e8re Jobert a exerc\u00e9 son minist\u00e8re \u00e0 Nice et \u00e0 Grasse. Il a \u00e9t\u00e9 amen\u00e9 \u00e0 diriger la colo de Saint-Grat dans la vall\u00e9e de la Gordolasque pour l&rsquo;association la Semeuse (ann\u00e9es 65-68) puis il a dirig\u00e9 l&rsquo;association Cit\u00e9 Sainte-Th\u00e9r\u00e8se \u00e0 Grasse. Celle-ci organisait 4 colonies (Saint-Auban (2), Gr\u00e9oli\u00e8res, Castellane). Jacky a num\u00e9ris\u00e9 et [&hellip;]<\/p>\n","protected":false},"author":3,"featured_media":0,"parent":7,"menu_order":0,"comment_status":"open","ping_status":"open","template":"","meta":{"footnotes":""},"class_list":["post-785","page","type-page","status-publish","hentry"],"_links":{"self":[{"href":"https:\/\/lemuseedelacolo.fr\/index.php?rest_route=\/wp\/v2\/pages\/785","targetHints":{"allow":["GET"]}}],"collection":[{"href":"https:\/\/lemuseedelacolo.fr\/index.php?rest_route=\/wp\/v2\/pages"}],"about":[{"href":"https:\/\/lemuseedelacolo.fr\/index.php?rest_route=\/wp\/v2\/types\/page"}],"author":[{"embeddable":true,"href":"https:\/\/lemuseedelacolo.fr\/index.php?rest_route=\/wp\/v2\/users\/3"}],"replies":[{"embeddable":true,"href":"https:\/\/lemuseedelacolo.fr\/index.php?rest_route=%2Fwp%2Fv2%2Fcomments&post=785"}],"version-history":[{"count":2,"href":"https:\/\/lemuseedelacolo.fr\/index.php?rest_route=\/wp\/v2\/pages\/785\/revisions"}],"predecessor-version":[{"id":788,"href":"https:\/\/lemuseedelacolo.fr\/index.php?rest_route=\/wp\/v2\/pages\/785\/revisions\/788"}],"up":[{"embeddable":true,"href":"https:\/\/lemuseedelacolo.fr\/index.php?rest_route=\/wp\/v2\/pages\/7"}],"wp:attachment":[{"href":"https:\/\/lemuseedelacolo.fr\/index.php?rest_route=%2Fwp%2Fv2%2Fmedia&parent=785"}],"curies":[{"name":"wp","href":"https:\/\/api.w.org\/{rel}","templated":true}]}}