{"id":768,"date":"2015-01-14T15:35:35","date_gmt":"2015-01-14T14:35:35","guid":{"rendered":"http:\/\/lemuseedelacolo.fr\/?page_id=768"},"modified":"2017-11-09T18:28:31","modified_gmt":"2017-11-09T17:28:31","slug":"2015-1-janvier-les-colonies-des-alpes-maritimes","status":"publish","type":"page","link":"https:\/\/lemuseedelacolo.fr\/?page_id=768","title":{"rendered":"2015-1 janvier Les colonies des Alpes maritimes"},"content":{"rendered":"<p style=\"text-align: justify;\">Bonne ann\u00e9e \u00e0 tous les lecteurs de ce site, et aux autres aussi. Pour l&rsquo;ann\u00e9e 2015, nous allons mettre l&rsquo;accent sur les <span style=\"color: #ff0000;\">colonies des Alpes-Maritimes<\/span>, si\u00e8ge de notre association. Ce qui nous motive surtout, c&rsquo;est que ce d\u00e9partement semble \u00eatre un excellent lieu pour \u00e9tudier les colonies de vacances, plusieurs \u00e9l\u00e9ments motivent cet avis.<\/p>\n<p style=\"text-align: justify;\">Tout d&rsquo;abord, nous avons list\u00e9 plus de 300 colos, r\u00e9partie dans environ 250 b\u00e2timents diff\u00e9rents. Ceux-ci ont \u00e9t\u00e9 des maisons (comme la colo de Saint-Laurent du Var \u00e0\u00a0 Saint-Martin d&rsquo;Entraunes), des ch\u00e2teaux (comme la colo de Menton \u00e0 Fontan), des gares (comme la colo de la S.N.C.F. \u00e0 Saint-Dalmas de tende), des casernes (comme la colo de la CAF aux granges de la Brasque)&#8230;<\/p>\n<p style=\"text-align: justify;\">Parmi les organisateurs\u00a0, nous avons des associations religieuses (protestantes et catholiques), des associations la\u00efques, des comit\u00e9s d&rsquo;entreprise, des municipalit\u00e9s&#8230; Une sp\u00e9cificit\u00e9 locale c&rsquo;est que de nombreuses colos sont issues du d\u00e9partement, ce qui facilite les recherches. Nous avons aussi accueilli des colos de toute la France, voire de l&rsquo;\u00e9tranger (parfois proche, comme Monaco).<\/p>\n<p style=\"text-align: justify;\">Enfin la premi\u00e8re colo des Alpes-Maritimes daterai de 1905 (c&rsquo;est pour l&rsquo;instant la plus ancienne que nous avons trouv\u00e9e). L&rsquo;\u00e9quipe de mus\u00e9e est donc \u00e0 la recherche de documents sur toutes ces colos. Il faut compl\u00e9ter les listes et retrouver des documents, photos&#8230; Nous souhaitons aussi savoir ce que sont devenues toutes ces colos. Nous avons d\u00e9j\u00e0 regroup\u00e9 plus de 5000 photos anciennes (et des films, des prospectus&#8230;), 130 cartes postales\u00a0et nous avons pr\u00e8s de 1000 photos actuelles (pour une centaine de colonies que nous avons pu localiser pr\u00e9cis\u00e9ment). Nous invitons chacun \u00e0 nous contacter pour nous aider dans ce travail de recherche. Si vous avez des informations, des documents&#8230; Si vous avez envie de raconter vos souvenirs que vous ayez \u00e9t\u00e9 colo ou mono&#8230; Si vous voulez en savoir plus sur les colos&#8230; N&rsquo;h\u00e9sitez pas \u00e0 nous contacter.<\/p>\n","protected":false},"excerpt":{"rendered":"<p>Bonne ann\u00e9e \u00e0 tous les lecteurs de ce site, et aux autres aussi. Pour l&rsquo;ann\u00e9e 2015, nous allons mettre l&rsquo;accent sur les colonies des Alpes-Maritimes, si\u00e8ge de notre association. Ce qui nous motive surtout, c&rsquo;est que ce d\u00e9partement semble \u00eatre un excellent lieu pour \u00e9tudier les colonies de vacances, plusieurs \u00e9l\u00e9ments motivent cet avis. Tout [&hellip;]<\/p>\n","protected":false},"author":3,"featured_media":0,"parent":925,"menu_order":0,"comment_status":"open","ping_status":"open","template":"","meta":{"footnotes":""},"class_list":["post-768","page","type-page","status-publish","hentry"],"_links":{"self":[{"href":"https:\/\/lemuseedelacolo.fr\/index.php?rest_route=\/wp\/v2\/pages\/768","targetHints":{"allow":["GET"]}}],"collection":[{"href":"https:\/\/lemuseedelacolo.fr\/index.php?rest_route=\/wp\/v2\/pages"}],"about":[{"href":"https:\/\/lemuseedelacolo.fr\/index.php?rest_route=\/wp\/v2\/types\/page"}],"author":[{"embeddable":true,"href":"https:\/\/lemuseedelacolo.fr\/index.php?rest_route=\/wp\/v2\/users\/3"}],"replies":[{"embeddable":true,"href":"https:\/\/lemuseedelacolo.fr\/index.php?rest_route=%2Fwp%2Fv2%2Fcomments&post=768"}],"version-history":[{"count":3,"href":"https:\/\/lemuseedelacolo.fr\/index.php?rest_route=\/wp\/v2\/pages\/768\/revisions"}],"predecessor-version":[{"id":804,"href":"https:\/\/lemuseedelacolo.fr\/index.php?rest_route=\/wp\/v2\/pages\/768\/revisions\/804"}],"up":[{"embeddable":true,"href":"https:\/\/lemuseedelacolo.fr\/index.php?rest_route=\/wp\/v2\/pages\/925"}],"wp:attachment":[{"href":"https:\/\/lemuseedelacolo.fr\/index.php?rest_route=%2Fwp%2Fv2%2Fmedia&parent=768"}],"curies":[{"name":"wp","href":"https:\/\/api.w.org\/{rel}","templated":true}]}}