{"id":757,"date":"2014-10-29T11:45:19","date_gmt":"2014-10-29T10:45:19","guid":{"rendered":"http:\/\/lemuseedelacolo.fr\/?page_id=757"},"modified":"2017-11-09T18:24:52","modified_gmt":"2017-11-09T17:24:52","slug":"2014-9-septembre-plus-de-10-000-photos-numeriees","status":"publish","type":"page","link":"https:\/\/lemuseedelacolo.fr\/?page_id=757","title":{"rendered":"2014-09 septembre : Plus de 10 000 photos num\u00e9ri\u00e9es"},"content":{"rendered":"<p style=\"text-align: justify;\">Le mois de septembre 2014 est important pour notre \u00e9quipe. Nous avons d\u00e9pass\u00e9 le seuil des <span style=\"color: #ff0000;\">10 000 photos de colos num\u00e9ris\u00e9es<\/span>, et il nous en reste environ 2000 \u00e0 scanner.<\/p>\n<p style=\"text-align: justify;\">Cette acc\u00e9l\u00e9ration dans nos num\u00e9risations est notamment due au d\u00e9p\u00f4t de 2500 diapos num\u00e9ris\u00e9es de la colo du Brunet \u00e0 Saint-Auban (Fonds Jobert) et d&rsquo;un millier de diapos et photos que nous avons num\u00e9ris\u00e9 durant l&rsquo;\u00e9t\u00e9. Les 2500 photos sont en plus annot\u00e9es par le titre.<\/p>\n<p style=\"text-align: justify;\">Ces photos sont principalement issues d&rsquo;organismes ayant leur si\u00e8ge dans les Alpes-Maritimes. Mais pas uniquement. Nous les avons class\u00e9es par organismes (suivant le donateur), puis par centre de vacances et enfin par ann\u00e9e, en respectant l&rsquo;ordre des photos telles qu&rsquo;elles nous ont \u00e9t\u00e9 remises (soit en album, soit en vrac, soit, pour les diapositives par ann\u00e9es).<\/p>\n<p style=\"text-align: justify;\">Nos photos datent principalement des ann\u00e9es 50 \u00e0 80, mais nous en avons de plus anciennes (notamment scoutes) et de plus r\u00e9centes.<\/p>\n<p style=\"text-align: justify;\">Cette collection\u00a0de photos est accessible \u00e0 tous les chercheurs en animation \u00e0 la recherche d&rsquo;illustrations. Il peut aussi servir \u00e0 comprendre le fonctionnement d&rsquo;une colo, l&rsquo;importance du fonds permet de penser notamment que nous avons l&rsquo;ensemble des activit\u00e9s qui ont \u00e9t\u00e9 propos\u00e9es.<\/p>\n<p style=\"text-align: justify;\">Un premier livre sur les colos devrait para\u00eetre prochainement avec quelques illustrations issues du Mus\u00e9e de la colo.<\/p>\n","protected":false},"excerpt":{"rendered":"<p>Le mois de septembre 2014 est important pour notre \u00e9quipe. Nous avons d\u00e9pass\u00e9 le seuil des 10 000 photos de colos num\u00e9ris\u00e9es, et il nous en reste environ 2000 \u00e0 scanner. Cette acc\u00e9l\u00e9ration dans nos num\u00e9risations est notamment due au d\u00e9p\u00f4t de 2500 diapos num\u00e9ris\u00e9es de la colo du Brunet \u00e0 Saint-Auban (Fonds Jobert) et [&hellip;]<\/p>\n","protected":false},"author":3,"featured_media":0,"parent":923,"menu_order":0,"comment_status":"open","ping_status":"open","template":"","meta":{"footnotes":""},"class_list":["post-757","page","type-page","status-publish","hentry"],"_links":{"self":[{"href":"https:\/\/lemuseedelacolo.fr\/index.php?rest_route=\/wp\/v2\/pages\/757","targetHints":{"allow":["GET"]}}],"collection":[{"href":"https:\/\/lemuseedelacolo.fr\/index.php?rest_route=\/wp\/v2\/pages"}],"about":[{"href":"https:\/\/lemuseedelacolo.fr\/index.php?rest_route=\/wp\/v2\/types\/page"}],"author":[{"embeddable":true,"href":"https:\/\/lemuseedelacolo.fr\/index.php?rest_route=\/wp\/v2\/users\/3"}],"replies":[{"embeddable":true,"href":"https:\/\/lemuseedelacolo.fr\/index.php?rest_route=%2Fwp%2Fv2%2Fcomments&post=757"}],"version-history":[{"count":2,"href":"https:\/\/lemuseedelacolo.fr\/index.php?rest_route=\/wp\/v2\/pages\/757\/revisions"}],"predecessor-version":[{"id":770,"href":"https:\/\/lemuseedelacolo.fr\/index.php?rest_route=\/wp\/v2\/pages\/757\/revisions\/770"}],"up":[{"embeddable":true,"href":"https:\/\/lemuseedelacolo.fr\/index.php?rest_route=\/wp\/v2\/pages\/923"}],"wp:attachment":[{"href":"https:\/\/lemuseedelacolo.fr\/index.php?rest_route=%2Fwp%2Fv2%2Fmedia&parent=757"}],"curies":[{"name":"wp","href":"https:\/\/api.w.org\/{rel}","templated":true}]}}