{"id":738,"date":"2014-08-30T14:50:55","date_gmt":"2014-08-30T13:50:55","guid":{"rendered":"http:\/\/lemuseedelacolo.fr\/?page_id=738"},"modified":"2017-11-09T18:37:01","modified_gmt":"2017-11-09T17:37:01","slug":"2014-0708-les-francs-travail","status":"publish","type":"page","link":"https:\/\/lemuseedelacolo.fr\/?page_id=738","title":{"rendered":"2014-07 et 08 Les Francs-Travail"},"content":{"rendered":"<p style=\"text-align: justify;\">\u00a0\u00a0\u00a0\u00a0\u00a0\u00a0\u00a0\u00a0\u00a0\u00a0\u00a0 Cet \u00e9t\u00e9, lors du visite d&rsquo;un centre de vacances pr\u00e8s de Barcelonnette, j&rsquo;ai \u00e9t\u00e9 attir\u00e9 par une boite en fer comprenant de nombreux billets.<\/p>\n<p style=\"text-align: justify;\">\u00a0\u00a0\u00a0\u00a0\u00a0\u00a0\u00a0\u00a0\u00a0\u00a0\u00a0 Un r\u00e9flexe d&rsquo;animateur m&rsquo;a fait penser \u00e0 des \u00e9l\u00e9ments d&rsquo;un Monopoly g\u00e9ant (pas tr\u00e8s fr\u00e9quent en colo) ou \u00e0 une veill\u00e9e Casino. Je n&rsquo;ai pas pu en savoir plus. J&rsquo;ai quand m\u00eame pris quelques billets.<\/p>\n<p style=\"text-align: justify;\">\u00a0\u00a0\u00a0\u00a0\u00a0\u00a0\u00a0\u00a0\u00a0\u00a0\u00a0 Heureusement, je suis aussi parti avec un petit carton comprenant des photos et quelques papiers. En triant ces documents, j&rsquo;ai trouv\u00e9 deux articles de presse (Nice-Matin) de\u00a0 juillet et septembre 1953 qui m&rsquo;ont donn\u00e9 une explication. Lors de la colo, les jeunes pouvaient effectuer des travaux (plomberie, \u00e9lectricit\u00e9, menuiserie&#8230;). Le soir, les participants d\u00e9cidaient du montant gagn\u00e9 par chacun (en francs- travail).<\/p>\n<p style=\"text-align: justify;\"><a href=\"https:\/\/lemuseedelacolo.fr\/wp-content\/uploads\/2014\/08\/img941.jpg\"><img loading=\"lazy\" decoding=\"async\" class=\"alignright size-medium wp-image-739\" src=\"https:\/\/lemuseedelacolo.fr\/wp-content\/uploads\/2014\/08\/img941-300x161.jpg\" alt=\"img941\" width=\"300\" height=\"161\" srcset=\"https:\/\/lemuseedelacolo.fr\/wp-content\/uploads\/2014\/08\/img941-300x161.jpg 300w, https:\/\/lemuseedelacolo.fr\/wp-content\/uploads\/2014\/08\/img941-1024x549.jpg 1024w, https:\/\/lemuseedelacolo.fr\/wp-content\/uploads\/2014\/08\/img941.jpg 1464w\" sizes=\"auto, (max-width: 300px) 100vw, 300px\" \/><\/a><\/p>\n<p style=\"text-align: justify;\">\u00a0\u00a0\u00a0\u00a0\u00a0\u00a0\u00a0\u00a0\u00a0\u00a0\u00a0 Apr\u00e8s la Colo, lors d&rsquo;une soir\u00e9e organis\u00e9e \u00e0 Nice, les jeunes ont pu acheter des lots avec leurs francs-travail. L&rsquo;article pr\u00e9cise quelques uns des lots. Les premiers choisis ont \u00e9t\u00e9 un appareil de projection et une bicyclette.<\/p>\n<p style=\"text-align: justify;\">\u00a0\u00a0\u00a0\u00a0\u00a0\u00a0\u00a0\u00a0\u00a0\u00a0\u00a0 Les Francs-Travails correspondent probablement aux Vaillants (la monnaie des C\u0153urs-Vaillants). Ce que je ne sais pas, c&rsquo;est si cette monnaie \u00e9tait utilis\u00e9e uniquement dans cette colo ou s&rsquo;il s&rsquo;agissait d&rsquo;un dispositif utilis\u00e9 par d&rsquo;autres colos. A la place\u00a0de dispositif, j&rsquo;aurai pu \u00e9crire &lsquo;Ressort p\u00e9dagogique\u00a0\u00bb comme cela se disait \u00e0 l&rsquo;\u00e9poque.<\/p>\n<p><a href=\"https:\/\/lemuseedelacolo.fr\/wp-content\/uploads\/2014\/08\/img943.jpg\"><img loading=\"lazy\" decoding=\"async\" class=\"size-medium wp-image-741 alignleft\" src=\"https:\/\/lemuseedelacolo.fr\/wp-content\/uploads\/2014\/08\/img943-300x186.jpg\" alt=\"img943\" width=\"300\" height=\"186\" srcset=\"https:\/\/lemuseedelacolo.fr\/wp-content\/uploads\/2014\/08\/img943-300x186.jpg 300w, https:\/\/lemuseedelacolo.fr\/wp-content\/uploads\/2014\/08\/img943-1024x637.jpg 1024w, https:\/\/lemuseedelacolo.fr\/wp-content\/uploads\/2014\/08\/img943.jpg 1812w\" sizes=\"auto, (max-width: 300px) 100vw, 300px\" \/><\/a><\/p>\n<p style=\"text-align: left;\">Ne soyons pas surpris du montant des billets, il s&rsquo;agit l\u00e0 d&rsquo;anciens francs (avant 1960).<\/p>\n<p style=\"text-align: justify;\"><a href=\"https:\/\/lemuseedelacolo.fr\/wp-content\/uploads\/2014\/08\/img942.jpg\"><img loading=\"lazy\" decoding=\"async\" class=\"alignright size-medium wp-image-740\" src=\"https:\/\/lemuseedelacolo.fr\/wp-content\/uploads\/2014\/08\/img942-300x179.jpg\" alt=\"img942\" width=\"300\" height=\"179\" srcset=\"https:\/\/lemuseedelacolo.fr\/wp-content\/uploads\/2014\/08\/img942-300x179.jpg 300w, https:\/\/lemuseedelacolo.fr\/wp-content\/uploads\/2014\/08\/img942-1024x611.jpg 1024w, https:\/\/lemuseedelacolo.fr\/wp-content\/uploads\/2014\/08\/img942.jpg 1758w\" sizes=\"auto, (max-width: 300px) 100vw, 300px\" \/><\/a>Sur les billets illustr\u00e9s, on trouve une phrase qui montre qu&rsquo;il n&rsquo;y avait pas que l&rsquo;argent gagn\u00e9, il y avait aussi une valeur sp\u00e9cifique : \u00ab\u00a0Joue Franc-jeu\u00a0\u00bb ; \u00ab\u00a0Bon fils aujourd&rsquo;hui, bon p\u00e8re demain\u00a0\u00bb ; \u00ab\u00a0Justice d&rsquo;abord !\u00a0\u00bb.<\/p>\n<p style=\"text-align: justify;\">\u00a0\u00a0\u00a0\u00a0\u00a0\u00a0\u00a0\u00a0\u00a0\u00a0\u00a0 Si ceux qui les ont utilis\u00e9s peuvent nous laisser quelques commentaires, cela enrichirait cette r\u00e9flexion&#8230; Par avance merci.<\/p>\n<p style=\"text-align: justify;\">\u00a0\u00a0\u00a0\u00a0\u00a0\u00a0\u00a0\u00a0\u00a0\u00a0\u00a0 Eric Carton<\/p>\n","protected":false},"excerpt":{"rendered":"<p>\u00a0\u00a0\u00a0\u00a0\u00a0\u00a0\u00a0\u00a0\u00a0\u00a0\u00a0 Cet \u00e9t\u00e9, lors du visite d&rsquo;un centre de vacances pr\u00e8s de Barcelonnette, j&rsquo;ai \u00e9t\u00e9 attir\u00e9 par une boite en fer comprenant de nombreux billets. \u00a0\u00a0\u00a0\u00a0\u00a0\u00a0\u00a0\u00a0\u00a0\u00a0\u00a0 Un r\u00e9flexe d&rsquo;animateur m&rsquo;a fait penser \u00e0 des \u00e9l\u00e9ments d&rsquo;un Monopoly g\u00e9ant (pas tr\u00e8s fr\u00e9quent en colo) ou \u00e0 une veill\u00e9e Casino. Je n&rsquo;ai pas pu en savoir plus. [&hellip;]<\/p>\n","protected":false},"author":3,"featured_media":0,"parent":923,"menu_order":1,"comment_status":"open","ping_status":"open","template":"","meta":{"footnotes":""},"class_list":["post-738","page","type-page","status-publish","hentry"],"_links":{"self":[{"href":"https:\/\/lemuseedelacolo.fr\/index.php?rest_route=\/wp\/v2\/pages\/738","targetHints":{"allow":["GET"]}}],"collection":[{"href":"https:\/\/lemuseedelacolo.fr\/index.php?rest_route=\/wp\/v2\/pages"}],"about":[{"href":"https:\/\/lemuseedelacolo.fr\/index.php?rest_route=\/wp\/v2\/types\/page"}],"author":[{"embeddable":true,"href":"https:\/\/lemuseedelacolo.fr\/index.php?rest_route=\/wp\/v2\/users\/3"}],"replies":[{"embeddable":true,"href":"https:\/\/lemuseedelacolo.fr\/index.php?rest_route=%2Fwp%2Fv2%2Fcomments&post=738"}],"version-history":[{"count":6,"href":"https:\/\/lemuseedelacolo.fr\/index.php?rest_route=\/wp\/v2\/pages\/738\/revisions"}],"predecessor-version":[{"id":833,"href":"https:\/\/lemuseedelacolo.fr\/index.php?rest_route=\/wp\/v2\/pages\/738\/revisions\/833"}],"up":[{"embeddable":true,"href":"https:\/\/lemuseedelacolo.fr\/index.php?rest_route=\/wp\/v2\/pages\/923"}],"wp:attachment":[{"href":"https:\/\/lemuseedelacolo.fr\/index.php?rest_route=%2Fwp%2Fv2%2Fmedia&parent=738"}],"curies":[{"name":"wp","href":"https:\/\/api.w.org\/{rel}","templated":true}]}}