{"id":702,"date":"2010-10-11T12:27:53","date_gmt":"2010-10-11T11:27:53","guid":{"rendered":"http:\/\/lemuseedelacolo.fr\/?page_id=702"},"modified":"2017-11-09T18:23:52","modified_gmt":"2017-11-09T17:23:52","slug":"2014-06-juin-2014-centres-aeres-et-colonies-la-face-cachee-des-vacances-de-nos-enfants","status":"publish","type":"page","link":"https:\/\/lemuseedelacolo.fr\/?page_id=702","title":{"rendered":"2014-06 l&rsquo;\u00e9mission de l&rsquo;\u00e9t\u00e9 sur les colos"},"content":{"rendered":"<p style=\"text-align: justify;\">Presque tous les ans, \u00e0 l&rsquo;approche de l&rsquo;\u00e9t\u00e9, nous avons droit \u00e0 une <span style=\"color: #ff0000;\">\u00e9mission traitant des colos.<\/span> Cette ann\u00e9e, elle a eu lieu sur M6 ce jour (le 15 juin) : \u00ab\u00a0<em>centres <span style=\"color: #ff0000;\">a\u00e9r\u00e9s et colonies : la face cach\u00e9e des vacances de nos enfants<\/span><\/em>\u00ab\u00a0. L&rsquo;\u00e9mission a \u00e9t\u00e9 encore plus nulle que d&rsquo;habitude, les journalistes n&rsquo;ont pas fait leur travail. Ma seule consolation est qu&rsquo;il y avait en m\u00eame temps un match de foot (le premier de l&rsquo;\u00e9quipe de France pour le mondial). Au moins, il n&rsquo;y aura pas beaucoup de personnes qui auront vu cette \u00e9mission.<\/p>\n<p style=\"text-align: justify;\">Apr\u00e8s une rapide pr\u00e9sentation du style \u00ab\u00a0plus d&rsquo;un million d&rsquo;enfants qui partent en colo\u00a0\u00bb (personne ne peut donner ce chiffre, au mieux faudrait-il dire : plus d&rsquo;un million de places de colo chaque ann\u00e9e !), on entre dans le vif du sujet, les journalistes nous font croire qu&rsquo;on peut cr\u00e9er une colo facilement (cela me rappelle qu&rsquo;ils ont fait le m\u00eame coup pour la formation professionnelle). Dommage qu&rsquo;ils n&rsquo;aient pas essay\u00e9 pour de bon, ils n&rsquo;y seraient peut-\u00eatre pas arriv\u00e9s.<\/p>\n<p style=\"text-align: justify;\">Et puis on pr\u00e9sente le 1er exemple un s\u00e9jour pour ados \u00e0 l&rsquo;\u00eele Maurice pour de jeunes marseillais. Ce s\u00e9jour sera pr\u00e9sent\u00e9 en plusieurs fois durant l&rsquo;\u00e9mission. On\u00a0a vu\u00a0les jeunes \u00e0 la plage, au restaurant, en bateau&#8230; Ils\u00a0ont m\u00eame du une fois faire \u00e0 manger. Et bien s\u00fbr on a eu droit \u00e0 l&rsquo;encouragement \u00e0 la drague par l&rsquo;animateur.<\/p>\n<p style=\"text-align: justify;\">Le deuxi\u00e8me th\u00e8me est celui d&rsquo;une jeune animatrice que l&rsquo;on voit passer le Bafa (enfin, la premi\u00e8re session \u00e0 l&rsquo;Afocal, o\u00f9 elle joue et a quelques cours) puis aller dans un centre de vacances (Viva, dans son beau ch\u00e2teau)\u00a0o\u00f9 elle rencontre des difficult\u00e9s (elle ne connait pas le lieu, ni le projet, elle ne sait m\u00eame pas o\u00f9 elle va dormir et doit attendre une heure toute seule dans un couloir)\u00a0mais\u00a0tout\u00a0s&rsquo;est arrang\u00e9. Ceci \u00e9tant, elle n&rsquo;a pas \u00e9t\u00e9 soutenue par son directeur (au moins dans le film).<\/p>\n<p style=\"text-align: justify;\">Tout cela ne faisant pas assez de suspens, on a eu droit, \u00e0 nouveau,\u00a0au terrible accident de 2009 aux Etats-Unis (voir la page Telligo sur ce site). Il n&rsquo;\u00e9tait pas obligatoire d&rsquo;aller l\u00e0-bas avec la famille de L\u00e9a. On a encore eu droit \u00e0 l&rsquo;interview du Directeur de Telligo qui explique qu&rsquo;il n&rsquo;y est pour rien, que c&rsquo;est de la faute des animateurs qui ne prenaient pas leurs jours de repos (mais comment prendre un jour de repos dans un s\u00e9jour itin\u00e9rant, quand tous les animateurs sont aussi chauffeurs\u00a0?).<\/p>\n<p>Pour rajouter du suspens,\u00a0il fallait aussi parler d&rsquo;attouchements avec l\u00e0 aussi un exemple\u00a0ancien. Le Directeur, coupable, a \u00e9t\u00e9 condamn\u00e9.<\/p>\n<p style=\"text-align: justify;\">Et puis on nous a pr\u00e9sent\u00e9 une association qui pose des probl\u00e8mes financiers. La premi\u00e8re plainte est pour un s\u00e9jour aux Seychelles et sert \u00e0 nous montrer une association qui ne paie pas ses dettes et ne rembourse pas apr\u00e8s avoir annul\u00e9 certains s\u00e9jours. On peut supposer qu&rsquo;il y a des plaintes et que l&rsquo;affaire est en cours.<\/p>\n<p style=\"text-align: justify;\">Enfin, il y a toujours un inspecteur du minist\u00e8re en charge de la jeunesse qui montre comment se passe une inspection. Mais l\u00e0, tout va bien (on cite cependant le cas d&rsquo;un centre ferm\u00e9 l&rsquo;an dernier, ce qui est, nous le savons, fort rare).<\/p>\n<p style=\"text-align: justify;\">Bien s\u00fbr, il n&rsquo;y a aucune analyse des reportages. Les reporters ne connaissent pas leur sujet, leur enqu\u00eate est vide de sens. Ils n&rsquo;ont montr\u00e9 que des soci\u00e9t\u00e9s commerciales l\u00e0 ou le secteur est principalement g\u00e9r\u00e9 par des associations ou des collectivit\u00e9s territoriales. Le projet p\u00e9dagogique n&rsquo;a pas \u00e9t\u00e9 abord\u00e9, c&rsquo;est pourtant l&rsquo;essence m\u00eame de la colo. Bref, les journalistes se sont fait payer deux voyages (Etats-Unis et Ile Maurice) sans int\u00e9r\u00eats pour leur reportage. Ils auraient mieux fait de parler&#8230; des colos ! Ou mieux encore de faire une enqu\u00eate. Il existe suffisamment de sp\u00e9tes pour que l&rsquo;on puisse traiter s\u00e9rieusement ce sujet.<\/p>\n<p style=\"text-align: justify;\">En bref, on ne voit l\u00e0 que le c\u00f4t\u00e9 n\u00e9gatif des colos et pas ce qui est important : la vie en groupe (et pas en couple) ; grandir autrement ; apprendre \u00e0 partager sa chambre et ses jeux ; d\u00e9couvrir de nouvelles activit\u00e9s&#8230;<\/p>\n<p style=\"text-align: justify;\">Quand auront enfin une v\u00e9ritable \u00e9mission qui traitera honn\u00eatement du sujet (je me souviens d&rsquo;un \u00ab\u00a0\u00e7a se discute\u00a0\u00bb sur le scoutisme qui \u00e9tait particuli\u00e8rement bien fait). On pourrait pr\u00e9senter un s\u00e9jour itin\u00e9rant qui fonctionne bien, un s\u00e9jour plus \u00ab\u00a0classique\u00a0\u00bb pour des enfants, des animateurs qui savent de quoi ils parlent&#8230;<\/p>\n<p style=\"text-align: justify;\">Dernier point : o\u00f9 sont les \u00ab\u00a0centres a\u00e9r\u00e9s\u00a0\u00bb (tels que cit\u00e9s dans le titre), ils ont du les oublier.<\/p>\n<p style=\"text-align: justify;\">\n","protected":false},"excerpt":{"rendered":"<p>Presque tous les ans, \u00e0 l&rsquo;approche de l&rsquo;\u00e9t\u00e9, nous avons droit \u00e0 une \u00e9mission traitant des colos. Cette ann\u00e9e, elle a eu lieu sur M6 ce jour (le 15 juin) : \u00ab\u00a0centres a\u00e9r\u00e9s et colonies : la face cach\u00e9e des vacances de nos enfants\u00ab\u00a0. L&rsquo;\u00e9mission a \u00e9t\u00e9 encore plus nulle que d&rsquo;habitude, les journalistes n&rsquo;ont [&hellip;]<\/p>\n","protected":false},"author":3,"featured_media":0,"parent":923,"menu_order":0,"comment_status":"open","ping_status":"open","template":"","meta":{"footnotes":""},"class_list":["post-702","page","type-page","status-publish","hentry"],"_links":{"self":[{"href":"https:\/\/lemuseedelacolo.fr\/index.php?rest_route=\/wp\/v2\/pages\/702","targetHints":{"allow":["GET"]}}],"collection":[{"href":"https:\/\/lemuseedelacolo.fr\/index.php?rest_route=\/wp\/v2\/pages"}],"about":[{"href":"https:\/\/lemuseedelacolo.fr\/index.php?rest_route=\/wp\/v2\/types\/page"}],"author":[{"embeddable":true,"href":"https:\/\/lemuseedelacolo.fr\/index.php?rest_route=\/wp\/v2\/users\/3"}],"replies":[{"embeddable":true,"href":"https:\/\/lemuseedelacolo.fr\/index.php?rest_route=%2Fwp%2Fv2%2Fcomments&post=702"}],"version-history":[{"count":6,"href":"https:\/\/lemuseedelacolo.fr\/index.php?rest_route=\/wp\/v2\/pages\/702\/revisions"}],"predecessor-version":[{"id":728,"href":"https:\/\/lemuseedelacolo.fr\/index.php?rest_route=\/wp\/v2\/pages\/702\/revisions\/728"}],"up":[{"embeddable":true,"href":"https:\/\/lemuseedelacolo.fr\/index.php?rest_route=\/wp\/v2\/pages\/923"}],"wp:attachment":[{"href":"https:\/\/lemuseedelacolo.fr\/index.php?rest_route=%2Fwp%2Fv2%2Fmedia&parent=702"}],"curies":[{"name":"wp","href":"https:\/\/api.w.org\/{rel}","templated":true}]}}