{"id":690,"date":"2014-04-11T09:34:30","date_gmt":"2014-04-11T08:34:30","guid":{"rendered":"http:\/\/lemuseedelacolo.fr\/?page_id=690"},"modified":"2014-04-11T09:34:30","modified_gmt":"2014-04-11T08:34:30","slug":"le-recrutement-et-la-formation-des-animateurs-periscolaires","status":"publish","type":"page","link":"https:\/\/lemuseedelacolo.fr\/?page_id=690","title":{"rendered":"Le recrutement et la formation des animateurs p\u00e9riscolaires"},"content":{"rendered":"<p style=\"text-align: justify;\">En septembre 2014, toutes les \u00e9coles devraient modifier le rythme scolaire. Si cela passe par des changements d&rsquo;heures pour les enseignants, cela va se d\u00e9finir en lien avec les communes, les enseignants et les parents ; malheureusement, sans une partie des personnes concern\u00e9es, les animateurs.<\/p>\n<p style=\"text-align: justify;\">Ce sont pourtant bien les animateurs, mais aussi les \u00e9ducateurs sportifs, qui vont \u00eatre mobilis\u00e9s pour mettre en place cette r\u00e9forme en animant des temps qui \u00e9taient anciennement scolaires, le plus souvent en fin d&rsquo;apr\u00e8s-midi.<\/p>\n<p style=\"text-align: justify;\">Tenant compte que toutes les \u00e9coles n&rsquo;ont pas d&rsquo;activit\u00e9s p\u00e9riscolaires, ni m\u00eame de garderie, cette mise en place va poser de nombreux probl\u00e8mes notamment celui du recrutement des personnels en charge de l&rsquo;animation de ces nouveaux temps.<\/p>\n<p>Eric Carton propose ici une r\u00e9flexion sur le<span style=\"color: #ff0000;\"> recrutement et les formations des animateurs p\u00e9riscolaire<\/span>, un texte qui s&rsquo;adresse \u00e0 tous ceux qui vont \u00eatre en charge de la mise en \u0153uvre de la r\u00e9forme, du recrutement des ces futurs animateurs.<\/p>\n<p><a href=\"https:\/\/lemuseedelacolo.fr\/wp-content\/uploads\/2014\/04\/Elaborer-un-plan-de-recrutement-et-de-formation-pour-les-animateurs-p\u00e9riscolaires.pdf\">Elaborer un plan de recrutement et de formation pour les animateurs p\u00e9riscolaires<\/a><\/p>\n","protected":false},"excerpt":{"rendered":"<p>En septembre 2014, toutes les \u00e9coles devraient modifier le rythme scolaire. Si cela passe par des changements d&rsquo;heures pour les enseignants, cela va se d\u00e9finir en lien avec les communes, les enseignants et les parents ; malheureusement, sans une partie des personnes concern\u00e9es, les animateurs. Ce sont pourtant bien les animateurs, mais aussi les \u00e9ducateurs [&hellip;]<\/p>\n","protected":false},"author":3,"featured_media":0,"parent":611,"menu_order":0,"comment_status":"open","ping_status":"open","template":"","meta":{"footnotes":""},"class_list":["post-690","page","type-page","status-publish","hentry"],"_links":{"self":[{"href":"https:\/\/lemuseedelacolo.fr\/index.php?rest_route=\/wp\/v2\/pages\/690","targetHints":{"allow":["GET"]}}],"collection":[{"href":"https:\/\/lemuseedelacolo.fr\/index.php?rest_route=\/wp\/v2\/pages"}],"about":[{"href":"https:\/\/lemuseedelacolo.fr\/index.php?rest_route=\/wp\/v2\/types\/page"}],"author":[{"embeddable":true,"href":"https:\/\/lemuseedelacolo.fr\/index.php?rest_route=\/wp\/v2\/users\/3"}],"replies":[{"embeddable":true,"href":"https:\/\/lemuseedelacolo.fr\/index.php?rest_route=%2Fwp%2Fv2%2Fcomments&post=690"}],"version-history":[{"count":1,"href":"https:\/\/lemuseedelacolo.fr\/index.php?rest_route=\/wp\/v2\/pages\/690\/revisions"}],"predecessor-version":[{"id":692,"href":"https:\/\/lemuseedelacolo.fr\/index.php?rest_route=\/wp\/v2\/pages\/690\/revisions\/692"}],"up":[{"embeddable":true,"href":"https:\/\/lemuseedelacolo.fr\/index.php?rest_route=\/wp\/v2\/pages\/611"}],"wp:attachment":[{"href":"https:\/\/lemuseedelacolo.fr\/index.php?rest_route=%2Fwp%2Fv2%2Fmedia&parent=690"}],"curies":[{"name":"wp","href":"https:\/\/api.w.org\/{rel}","templated":true}]}}