{"id":624,"date":"2013-10-26T13:54:13","date_gmt":"2013-10-26T12:54:13","guid":{"rendered":"http:\/\/lemuseedelacolo.fr\/?page_id=624"},"modified":"2013-10-26T13:54:20","modified_gmt":"2013-10-26T12:54:20","slug":"un-peu-dhistoire","status":"publish","type":"page","link":"https:\/\/lemuseedelacolo.fr\/?page_id=624","title":{"rendered":"Un peu d&rsquo;histoire"},"content":{"rendered":"<p>C&rsquo;est d\u00e9cid\u00e9, nous allons prendre le temps d&rsquo;\u00e9crire le dates principales de l&rsquo;histoire des colos. C&rsquo;est un projet qui nous tient \u00e0 c\u0153ur depuis l&rsquo;ouverture de ce site.<\/p>\n<p>Nous voulons aussi traiter des accueils collectifs de mineurs. De nombreux patronages d&rsquo;enfants partaient en colo. Et il faudra aussi parler des mouvements de jeunesse, le tout en donnant des informations bibliographiques, afin que nos lecteurs puissent aller plus loin.<\/p>\n<p>C&rsquo;est donc un grand chantier qui s&rsquo;ouvre ici et qui va nous prendre du temps.<\/p>\n<p>Pour commencer, voici un article de Jean-Marie Bataille qui traite du vocabulaire.<\/p>\n<p><a href=\"https:\/\/lemuseedelacolo.fr\/wp-content\/uploads\/2013\/10\/Glossaire-des-colonies-de-vacances_Bataille_Jean-Marie_2013.pdf\">Glossaire-des-colonies-de-vacances_Bataille_Jean-Marie_2013<\/a><\/p>\n<p>D\u00e8s que possible, nous d\u00e9velopperons ce sujet. Et nous invitons chacun \u00e0 participer.<\/p>\n","protected":false},"excerpt":{"rendered":"<p>C&rsquo;est d\u00e9cid\u00e9, nous allons prendre le temps d&rsquo;\u00e9crire le dates principales de l&rsquo;histoire des colos. C&rsquo;est un projet qui nous tient \u00e0 c\u0153ur depuis l&rsquo;ouverture de ce site. Nous voulons aussi traiter des accueils collectifs de mineurs. De nombreux patronages d&rsquo;enfants partaient en colo. Et il faudra aussi parler des mouvements de jeunesse, le tout [&hellip;]<\/p>\n","protected":false},"author":3,"featured_media":0,"parent":0,"menu_order":0,"comment_status":"open","ping_status":"open","template":"","meta":{"footnotes":""},"class_list":["post-624","page","type-page","status-publish","hentry"],"_links":{"self":[{"href":"https:\/\/lemuseedelacolo.fr\/index.php?rest_route=\/wp\/v2\/pages\/624","targetHints":{"allow":["GET"]}}],"collection":[{"href":"https:\/\/lemuseedelacolo.fr\/index.php?rest_route=\/wp\/v2\/pages"}],"about":[{"href":"https:\/\/lemuseedelacolo.fr\/index.php?rest_route=\/wp\/v2\/types\/page"}],"author":[{"embeddable":true,"href":"https:\/\/lemuseedelacolo.fr\/index.php?rest_route=\/wp\/v2\/users\/3"}],"replies":[{"embeddable":true,"href":"https:\/\/lemuseedelacolo.fr\/index.php?rest_route=%2Fwp%2Fv2%2Fcomments&post=624"}],"version-history":[{"count":1,"href":"https:\/\/lemuseedelacolo.fr\/index.php?rest_route=\/wp\/v2\/pages\/624\/revisions"}],"predecessor-version":[{"id":626,"href":"https:\/\/lemuseedelacolo.fr\/index.php?rest_route=\/wp\/v2\/pages\/624\/revisions\/626"}],"wp:attachment":[{"href":"https:\/\/lemuseedelacolo.fr\/index.php?rest_route=%2Fwp%2Fv2%2Fmedia&parent=624"}],"curies":[{"name":"wp","href":"https:\/\/api.w.org\/{rel}","templated":true}]}}