{"id":616,"date":"2010-10-11T12:27:53","date_gmt":"2010-10-11T11:27:53","guid":{"rendered":"http:\/\/lemuseedelacolo.fr\/?page_id=616"},"modified":"2014-08-13T18:23:06","modified_gmt":"2014-08-13T17:23:06","slug":"colloque-amenagement-du-temps-scolaire-et-animation","status":"publish","type":"page","link":"https:\/\/lemuseedelacolo.fr\/?page_id=616","title":{"rendered":"Colloque : am\u00e9nagement du temps scolaire et animation"},"content":{"rendered":"<p>L&rsquo;IUT de Nice (d\u00e9partement carri\u00e8res sociales de Menton) et le laboratoire I3M ont organis\u00e9 un colloque sur le th\u00e8me : <span style=\"color: #ff0000;\">Am\u00e9nagement du temps scolaire et animation.<\/span><\/p>\n<p>Il\u00a0a eu\u00a0lieu le vendredi 28 mars 2014.<\/p>\n<p>Il a regroup\u00e9 des experts, mais aussi des professionnels, certains ayant mis en place la r\u00e9forme en 2013, d&rsquo;autres travaillant \u00e0 la mettre en place pour 2014.<\/p>\n<p>L&rsquo;objectif\u00a0\u00e9tait d&rsquo;analyser l&rsquo;existant et de voir comment am\u00e9liorer le dispositif.<\/p>\n<p>le programme\u00a0est ici :\u00a0<a href=\"https:\/\/lemuseedelacolo.fr\/wp-content\/uploads\/2013\/10\/colloque-ATS-et-animation-1.pdf\">colloque ATS et animation 1<\/a><\/p>\n<p>Nous\u00a0vous proposons aussi l&rsquo;introduction de ce colloque faite par Eric Carton\u00a0: <a href=\"https:\/\/lemuseedelacolo.fr\/wp-content\/uploads\/2013\/10\/intro-R\u00e9forme-des-rythmes-scolaires-et-animation.pdf\">intro R\u00e9forme des rythmes scolaires et animation<\/a><\/p>\n","protected":false},"excerpt":{"rendered":"<p>L&rsquo;IUT de Nice (d\u00e9partement carri\u00e8res sociales de Menton) et le laboratoire I3M ont organis\u00e9 un colloque sur le th\u00e8me : Am\u00e9nagement du temps scolaire et animation. Il\u00a0a eu\u00a0lieu le vendredi 28 mars 2014. Il a regroup\u00e9 des experts, mais aussi des professionnels, certains ayant mis en place la r\u00e9forme en 2013, d&rsquo;autres travaillant \u00e0 la [&hellip;]<\/p>\n","protected":false},"author":3,"featured_media":0,"parent":611,"menu_order":0,"comment_status":"open","ping_status":"open","template":"","meta":{"footnotes":""},"class_list":["post-616","page","type-page","status-publish","hentry"],"_links":{"self":[{"href":"https:\/\/lemuseedelacolo.fr\/index.php?rest_route=\/wp\/v2\/pages\/616","targetHints":{"allow":["GET"]}}],"collection":[{"href":"https:\/\/lemuseedelacolo.fr\/index.php?rest_route=\/wp\/v2\/pages"}],"about":[{"href":"https:\/\/lemuseedelacolo.fr\/index.php?rest_route=\/wp\/v2\/types\/page"}],"author":[{"embeddable":true,"href":"https:\/\/lemuseedelacolo.fr\/index.php?rest_route=\/wp\/v2\/users\/3"}],"replies":[{"embeddable":true,"href":"https:\/\/lemuseedelacolo.fr\/index.php?rest_route=%2Fwp%2Fv2%2Fcomments&post=616"}],"version-history":[{"count":7,"href":"https:\/\/lemuseedelacolo.fr\/index.php?rest_route=\/wp\/v2\/pages\/616\/revisions"}],"predecessor-version":[{"id":732,"href":"https:\/\/lemuseedelacolo.fr\/index.php?rest_route=\/wp\/v2\/pages\/616\/revisions\/732"}],"up":[{"embeddable":true,"href":"https:\/\/lemuseedelacolo.fr\/index.php?rest_route=\/wp\/v2\/pages\/611"}],"wp:attachment":[{"href":"https:\/\/lemuseedelacolo.fr\/index.php?rest_route=%2Fwp%2Fv2%2Fmedia&parent=616"}],"curies":[{"name":"wp","href":"https:\/\/api.w.org\/{rel}","templated":true}]}}