{"id":611,"date":"2010-10-11T12:27:53","date_gmt":"2010-10-11T11:27:53","guid":{"rendered":"http:\/\/lemuseedelacolo.fr\/?page_id=611"},"modified":"2014-08-13T18:20:06","modified_gmt":"2014-08-13T17:20:06","slug":"la-reforme-du-temps-scolaire","status":"publish","type":"page","link":"https:\/\/lemuseedelacolo.fr\/?page_id=611","title":{"rendered":"les accueils de loisirs et le p\u00e9riscolaire"},"content":{"rendered":"<p>Comme il est difficile de s\u00e9parer les colos des autres temps d&rsquo;animation de l&rsquo;enfant (tout au moins ce n&rsquo;est pas le parti pris de ce site), nous consacrons de l&rsquo;espace pour traiter des accueils de loisirs (du patronage d&rsquo;enfants au CLSH en passant par le centre a\u00e9r\u00e9). Nous nous devons donc de laisser aussi de la place aux animations p\u00e9riscolaires (sous r\u00e9serve qu&rsquo;il s&rsquo;agisse bien d&rsquo;animation et non pas de simples activit\u00e9s occupationnelles).<\/p>\n<p>C&rsquo;est dans ce sens que nous avons diffus\u00e9 la lettre des chercheurs et enseignants de l&rsquo;animation. Vous trouverez aussi la r\u00e9ponse du minist\u00e8re des sports, de la jeunesse, de l&rsquo;\u00e9ducation populaire et de la vie associative. Il ne faut pas s&rsquo;\u00e9tonner des certaines difficult\u00e9s, quant on constate comment une partie des sp\u00e9te est consid\u00e9r\u00e9e.<\/p>\n<p>Nous proposons ici un espace pour les animateurs qui veulent soumettre des remarques que ce soit pour montrer les points positifs de cette r\u00e9forme ou pour montrer les difficult\u00e9s rencontr\u00e9es.<\/p>\n<p>Enfin, le Mus\u00e9e de la Colo est partenaire du colloque qui aura lieu le 28 mars 2014 \u00e0 Menton sur ce th\u00e8me. L&rsquo;enjeu sera de donner la parole aux chercheurs ayant \u00e9tudi\u00e9 la mise en place de cette r\u00e9forme, mais aussi et surtout aux professionnels ayant mis la r\u00e9forme en place ou \u00e9tant en train de la mettre en place. Ci dessous l&rsquo;appel \u00e0 communication\u00a0pour ce colloque.<\/p>\n<p><a href=\"https:\/\/lemuseedelacolo.fr\/wp-content\/uploads\/2013\/10\/Appel-\u00e0-communications-colloque-am\u00e9nagement-du-temps-scolaire-et-animation.pdf\">Appel \u00e0 communications colloque am\u00e9nagement du temps scolaire et animation<\/a><\/p>\n","protected":false},"excerpt":{"rendered":"<p>Comme il est difficile de s\u00e9parer les colos des autres temps d&rsquo;animation de l&rsquo;enfant (tout au moins ce n&rsquo;est pas le parti pris de ce site), nous consacrons de l&rsquo;espace pour traiter des accueils de loisirs (du patronage d&rsquo;enfants au CLSH en passant par le centre a\u00e9r\u00e9). Nous nous devons donc de laisser aussi de [&hellip;]<\/p>\n","protected":false},"author":3,"featured_media":0,"parent":0,"menu_order":0,"comment_status":"open","ping_status":"open","template":"","meta":{"footnotes":""},"class_list":["post-611","page","type-page","status-publish","hentry"],"_links":{"self":[{"href":"https:\/\/lemuseedelacolo.fr\/index.php?rest_route=\/wp\/v2\/pages\/611","targetHints":{"allow":["GET"]}}],"collection":[{"href":"https:\/\/lemuseedelacolo.fr\/index.php?rest_route=\/wp\/v2\/pages"}],"about":[{"href":"https:\/\/lemuseedelacolo.fr\/index.php?rest_route=\/wp\/v2\/types\/page"}],"author":[{"embeddable":true,"href":"https:\/\/lemuseedelacolo.fr\/index.php?rest_route=\/wp\/v2\/users\/3"}],"replies":[{"embeddable":true,"href":"https:\/\/lemuseedelacolo.fr\/index.php?rest_route=%2Fwp%2Fv2%2Fcomments&post=611"}],"version-history":[{"count":3,"href":"https:\/\/lemuseedelacolo.fr\/index.php?rest_route=\/wp\/v2\/pages\/611\/revisions"}],"predecessor-version":[{"id":730,"href":"https:\/\/lemuseedelacolo.fr\/index.php?rest_route=\/wp\/v2\/pages\/611\/revisions\/730"}],"wp:attachment":[{"href":"https:\/\/lemuseedelacolo.fr\/index.php?rest_route=%2Fwp%2Fv2%2Fmedia&parent=611"}],"curies":[{"name":"wp","href":"https:\/\/api.w.org\/{rel}","templated":true}]}}