{"id":605,"date":"2010-10-11T12:27:53","date_gmt":"2010-10-11T11:27:53","guid":{"rendered":"http:\/\/lemuseedelacolo.fr\/?page_id=605"},"modified":"2017-09-06T16:51:35","modified_gmt":"2017-09-06T15:51:35","slug":"2013-9-octobre-le-symposium-sur-les-acm","status":"publish","type":"page","link":"https:\/\/lemuseedelacolo.fr\/?page_id=605","title":{"rendered":"2013-10 octobre 2013 un Symposium"},"content":{"rendered":"<p>Pour ce mois d&rsquo;octobre, nous vous proposons une information sur le projet symposium de recherche sur les Accueils Collectifs de Mineurs.<\/p>\n<p>Un symposium est un temps o\u00f9 des chercheurs se r\u00e9unissent pour \u00e9changer sur leurs travaux. Celui-ci a \u00e9t\u00e9 cr\u00e9\u00e9 par Jean Houssaye en 2005.\u00a0Il se r\u00e9unit tous les 3 ans.<\/p>\n<p>Le prochain symposium de recherche sur les A.C.M. aura lieu \u00e0 Menton en mars 2014. Il est organis\u00e9 par l&rsquo;IUT de Nice (d\u00e9partement carri\u00e8res sociales de Menton, le laboratoire I3M, le Mus\u00e9e de la Colo&#8230;). Bien s\u00fbr, nous n&rsquo;avons pas encore de confirmation pour le financement de ce projet, mais nous sommes confiants. Vous aurez r\u00e9guli\u00e8rement des infos sur ce site.<\/p>\n<p>Parmi les organisateurs, nous retrouvons Jean Houssaye, Jean-Marie Bataille, Francis Lebon, Elise Daragon et Eric Carton.<\/p>\n<p>Pour les personnes int\u00e9ress\u00e9es (chercheurs, universitaires, mais aussi personnes exp\u00e9riment\u00e9es, p\u00e9dagogues&#8230;), vous pouvez consulter l&rsquo;appel \u00e0 communication dans le document joint. Pour le public, vous pourrez consulter ces travaux lors la parution de l&rsquo;ouvrage qui suivra (vous pouvez aussi lire les trois livres pr\u00e9c\u00e9dents, plus d&rsquo;info sur la page bibliographie).<\/p>\n<p><a href=\"https:\/\/lemuseedelacolo.fr\/wp-content\/uploads\/2013\/10\/Appel-\u00e0-communications-symposium-ACM.docx\">Appel \u00e0 communications symposium ACM<\/a><\/p>\n<p>Lors de ce s\u00e9minaire, nous prendrons le temps de nous int\u00e9resser \u00e0 l&rsquo;Histoire des A.C.M.. Des \u00e9tudiants de l&rsquo;IUT sont d\u00e9j\u00e0 en train de pr\u00e9parer des soir\u00e9es \u00ab\u00a0sp\u00e9ciales\u00a0\u00bb.<\/p>\n<p>En compl\u00e9ment \u00e0 ce symposium, l&rsquo;IUT de Nice et la laboratoire I3M organisent une journ\u00e9e de colloque sur le th\u00e8me des rythmes scolaires et de l&rsquo;animation (voir sur la page sp\u00e9cifique).<\/p>\n","protected":false},"excerpt":{"rendered":"<p>Pour ce mois d&rsquo;octobre, nous vous proposons une information sur le projet symposium de recherche sur les Accueils Collectifs de Mineurs. Un symposium est un temps o\u00f9 des chercheurs se r\u00e9unissent pour \u00e9changer sur leurs travaux. Celui-ci a \u00e9t\u00e9 cr\u00e9\u00e9 par Jean Houssaye en 2005.\u00a0Il se r\u00e9unit tous les 3 ans. Le prochain symposium de [&hellip;]<\/p>\n","protected":false},"author":3,"featured_media":0,"parent":915,"menu_order":0,"comment_status":"open","ping_status":"open","template":"","meta":{"footnotes":""},"class_list":["post-605","page","type-page","status-publish","hentry"],"_links":{"self":[{"href":"https:\/\/lemuseedelacolo.fr\/index.php?rest_route=\/wp\/v2\/pages\/605","targetHints":{"allow":["GET"]}}],"collection":[{"href":"https:\/\/lemuseedelacolo.fr\/index.php?rest_route=\/wp\/v2\/pages"}],"about":[{"href":"https:\/\/lemuseedelacolo.fr\/index.php?rest_route=\/wp\/v2\/types\/page"}],"author":[{"embeddable":true,"href":"https:\/\/lemuseedelacolo.fr\/index.php?rest_route=\/wp\/v2\/users\/3"}],"replies":[{"embeddable":true,"href":"https:\/\/lemuseedelacolo.fr\/index.php?rest_route=%2Fwp%2Fv2%2Fcomments&post=605"}],"version-history":[{"count":6,"href":"https:\/\/lemuseedelacolo.fr\/index.php?rest_route=\/wp\/v2\/pages\/605\/revisions"}],"predecessor-version":[{"id":775,"href":"https:\/\/lemuseedelacolo.fr\/index.php?rest_route=\/wp\/v2\/pages\/605\/revisions\/775"}],"up":[{"embeddable":true,"href":"https:\/\/lemuseedelacolo.fr\/index.php?rest_route=\/wp\/v2\/pages\/915"}],"wp:attachment":[{"href":"https:\/\/lemuseedelacolo.fr\/index.php?rest_route=%2Fwp%2Fv2%2Fmedia&parent=605"}],"curies":[{"name":"wp","href":"https:\/\/api.w.org\/{rel}","templated":true}]}}