{"id":580,"date":"2013-07-25T16:00:11","date_gmt":"2013-07-25T15:00:11","guid":{"rendered":"http:\/\/lemuseedelacolo.fr\/?page_id=580"},"modified":"2017-09-06T17:19:10","modified_gmt":"2017-09-06T16:19:10","slug":"2013-7-juillet-aout","status":"publish","type":"page","link":"https:\/\/lemuseedelacolo.fr\/?page_id=580","title":{"rendered":"2013-7 Juillet Ao\u00fbt : journ\u00e9e Pif gadget \u00e0 Nice"},"content":{"rendered":"<p>Pour cette \u00e9t\u00e9, les information sont nombreuses. A croire que l&rsquo;on profite de l&rsquo;\u00e9t\u00e9, pour parler des colos, des centres de loisirs .<\/p>\n<p>La premi\u00e8re information concerne le <span style=\"color: #ff0000;\">rapport d&rsquo;information<\/span> \u00ab\u00a0sur l&rsquo;accessibilit\u00e9 des jeunes aux s\u00e9jours collectifs et de loisirs\u00a0\u00bb. Ce rapport a \u00e9t\u00e9 \u00e9crit par nos parlementaire. Il a \u00e9t\u00e9 enregistr\u00e9 \u00e0 la Pr\u00e9sidence de l&rsquo;assembl\u00e9e Nationale le 10 juillet 2013. Il est accessible sur le site de l&rsquo;assembl\u00e9e.<\/p>\n<p>Nous avons ensuite une \u00e9tude l&rsquo;OVLEJ, parue dans le bulletin n\u00b042 (juillet 2013) : \u00ab\u00a0<span style=\"color: #ff0000;\">les colos aujourd&rsquo;hui, un mod\u00e8le de vacances socialement partag\u00e9 qui perdure et se transforme<\/span>\u00a0\u00bb accessible sur le site de l&rsquo;Ovlej.<\/p>\n<p>Deux autres nouvelles doivent \u00eatre annonc\u00e9es :<\/p>\n<p>&#8211; l&rsquo;UNAT va organiser en novembre un deuxi\u00e8me colloque sur les colos (voir le site de l&rsquo;Unat) ;<\/p>\n<p>-le prochain symposium sur les ACM (Jean Houssaye) devrait avoir lieu \u00e0 Menton en mars 2014.<\/p>\n<p>&nbsp;<\/p>\n<p>Afin de ne pas perdre notre habitude, nous vous proposons un photo originale. Nous n&rsquo;avons pas encore pu la dater pr\u00e9cis\u00e9ment mais elle\u00a0serait de la fin des ann\u00e9es 70\u00a0ou d\u00e9but 80.<\/p>\n<p>Rappelons-nous, le mouvement des <span style=\"color: #ff0000;\">Vaillants<\/span> (\u00e0 ne pas confondre avec C\u0153urs-Vaillants)\u00a0est n\u00e9 peu apr\u00e8s la seconde guerre mondiale. Un journal (Vaillant) parait en m\u00eame temps. Ce journal \u00ab\u00a0Vaillant\u00a0\u00bb est devenu \u00ab\u00a0Vaillant le journal de Pif\u00a0\u00bb puis \u00ab\u00a0Pif Gadget\u00a0\u00bb. Le mouvement des Vaillants est devenu les Pionniers de France.<\/p>\n<p>Alors voici deux tr\u00e8s belles photos d&rsquo;une journ\u00e9e \u00ab\u00a0Pif-Gadget\u00a0\u00bb, anim\u00e9e par Jean Marais au th\u00e9\u00e2tre de verdure de Nice.<\/p>\n<p><a href=\"https:\/\/lemuseedelacolo.fr\/wp-content\/uploads\/2013\/07\/img082.jpg\"><img loading=\"lazy\" decoding=\"async\" class=\"alignleft size-medium wp-image-581\" title=\"img082\" src=\"https:\/\/lemuseedelacolo.fr\/wp-content\/uploads\/2013\/07\/img082-300x199.jpg\" alt=\"\" width=\"300\" height=\"199\" srcset=\"https:\/\/lemuseedelacolo.fr\/wp-content\/uploads\/2013\/07\/img082-300x199.jpg 300w, https:\/\/lemuseedelacolo.fr\/wp-content\/uploads\/2013\/07\/img082-1024x682.jpg 1024w, https:\/\/lemuseedelacolo.fr\/wp-content\/uploads\/2013\/07\/img082.jpg 1799w\" sizes=\"auto, (max-width: 300px) 100vw, 300px\" \/><\/a><\/p>\n<p>&nbsp;<\/p>\n<p>&nbsp;<\/p>\n<p>&nbsp;<\/p>\n<p>&nbsp;<\/p>\n<p><a href=\"https:\/\/lemuseedelacolo.fr\/wp-content\/uploads\/2013\/07\/img071.jpg\"><img loading=\"lazy\" decoding=\"async\" class=\"alignright size-medium wp-image-582\" title=\"img071\" src=\"https:\/\/lemuseedelacolo.fr\/wp-content\/uploads\/2013\/07\/img071-300x199.jpg\" alt=\"\" width=\"300\" height=\"199\" srcset=\"https:\/\/lemuseedelacolo.fr\/wp-content\/uploads\/2013\/07\/img071-300x199.jpg 300w, https:\/\/lemuseedelacolo.fr\/wp-content\/uploads\/2013\/07\/img071-1024x682.jpg 1024w, https:\/\/lemuseedelacolo.fr\/wp-content\/uploads\/2013\/07\/img071.jpg 1799w\" sizes=\"auto, (max-width: 300px) 100vw, 300px\" \/><\/a><\/p>\n","protected":false},"excerpt":{"rendered":"<p>Pour cette \u00e9t\u00e9, les information sont nombreuses. A croire que l&rsquo;on profite de l&rsquo;\u00e9t\u00e9, pour parler des colos, des centres de loisirs . La premi\u00e8re information concerne le rapport d&rsquo;information \u00ab\u00a0sur l&rsquo;accessibilit\u00e9 des jeunes aux s\u00e9jours collectifs et de loisirs\u00a0\u00bb. Ce rapport a \u00e9t\u00e9 \u00e9crit par nos parlementaire. Il a \u00e9t\u00e9 enregistr\u00e9 \u00e0 la Pr\u00e9sidence [&hellip;]<\/p>\n","protected":false},"author":3,"featured_media":0,"parent":915,"menu_order":0,"comment_status":"open","ping_status":"open","template":"","meta":{"footnotes":""},"class_list":["post-580","page","type-page","status-publish","hentry"],"_links":{"self":[{"href":"https:\/\/lemuseedelacolo.fr\/index.php?rest_route=\/wp\/v2\/pages\/580","targetHints":{"allow":["GET"]}}],"collection":[{"href":"https:\/\/lemuseedelacolo.fr\/index.php?rest_route=\/wp\/v2\/pages"}],"about":[{"href":"https:\/\/lemuseedelacolo.fr\/index.php?rest_route=\/wp\/v2\/types\/page"}],"author":[{"embeddable":true,"href":"https:\/\/lemuseedelacolo.fr\/index.php?rest_route=\/wp\/v2\/users\/3"}],"replies":[{"embeddable":true,"href":"https:\/\/lemuseedelacolo.fr\/index.php?rest_route=%2Fwp%2Fv2%2Fcomments&post=580"}],"version-history":[{"count":4,"href":"https:\/\/lemuseedelacolo.fr\/index.php?rest_route=\/wp\/v2\/pages\/580\/revisions"}],"predecessor-version":[{"id":921,"href":"https:\/\/lemuseedelacolo.fr\/index.php?rest_route=\/wp\/v2\/pages\/580\/revisions\/921"}],"up":[{"embeddable":true,"href":"https:\/\/lemuseedelacolo.fr\/index.php?rest_route=\/wp\/v2\/pages\/915"}],"wp:attachment":[{"href":"https:\/\/lemuseedelacolo.fr\/index.php?rest_route=%2Fwp%2Fv2%2Fmedia&parent=580"}],"curies":[{"name":"wp","href":"https:\/\/api.w.org\/{rel}","templated":true}]}}