{"id":558,"date":"2010-10-11T12:27:53","date_gmt":"2010-10-11T11:27:53","guid":{"rendered":"http:\/\/lemuseedelacolo.fr\/?page_id=558"},"modified":"2017-09-06T17:18:31","modified_gmt":"2017-09-06T16:18:31","slug":"2013-6-juin","status":"publish","type":"page","link":"https:\/\/lemuseedelacolo.fr\/?page_id=558","title":{"rendered":"2013-6 Juin : les disques"},"content":{"rendered":"<p><a href=\"https:\/\/lemuseedelacolo.fr\/wp-content\/uploads\/2013\/06\/012.jpg\"><img loading=\"lazy\" decoding=\"async\" class=\"alignleft wp-image-559\" title=\"012\" src=\"https:\/\/lemuseedelacolo.fr\/wp-content\/uploads\/2013\/06\/012-300x218.jpg\" alt=\"\" width=\"259\" height=\"186\" \/><\/a>Bonjour,<\/p>\n<p>L&rsquo;info du mois est une journ\u00e9e d&rsquo;\u00e9tude organis\u00e9e par la JPA le 24 juin \u00e0 Paris sur le th\u00e8me : \u00ab\u00a0Colos et centres de loisirs : quelles missions d&rsquo;int\u00e9r\u00eat g\u00e9n\u00e9ral et\/ou d&rsquo;utilit\u00e9 sociale\u00a0\u00bb.<\/p>\n<p>Pour le mois de juin, mois de la f\u00eate de la musique, parlons un peu du <span style=\"color: #ff0000;\">chant dans les colos<\/span>.<\/p>\n<p>L&rsquo;\u00e9quipe du mus\u00e9e a consacr\u00e9 une \u00e9nergie importante dans la r\u00e9cup\u00e9ration des disques et cassettes afin de faire un point sur la musique. Nous avions d\u00e9j\u00e0 une belle s\u00e9rie de carnets de chants, mais sans la musique, ceux-ci sont un peu inutiles.<\/p>\n<p>Nous avons class\u00e9s les disques en plusieurs cat\u00e9gories :<\/p>\n<p>&#8211; disques de colos (tr\u00e8s peu), y compris Pierre Perret ;<a href=\"https:\/\/lemuseedelacolo.fr\/wp-content\/uploads\/2013\/06\/img684.jpg\"><br \/>\n<img loading=\"lazy\" decoding=\"async\" class=\"alignright wp-image-560\" title=\"img684\" src=\"https:\/\/lemuseedelacolo.fr\/wp-content\/uploads\/2013\/06\/img684-300x296.jpg\" alt=\"\" width=\"199\" height=\"239\" \/><\/a><\/p>\n<p>&#8211; disques scouts (nous en avons une vingtaine) ;<\/p>\n<p>&#8211; disques histoires (de nombreux contes ont \u00e9t\u00e9 racont\u00e9s\u00a0sur vinyle) ;<\/p>\n<p>&#8211; chateurs pour enfants (Anne Sylvestre, Mannick, Jean-Claude Darnal&#8230;) ;<\/p>\n<p>&#8211; chansons de vari\u00e9t\u00e9s ayant \u00e9t\u00e9 chant\u00e9es en colo (Moustaki, Le Forestier, Duteil&#8230;).<\/p>\n<p>La plupart des disques ont \u00e9t\u00e9 encod\u00e9s, il reste \u00e0 s\u00e9parer les chansons. Il reste aussi \u00e0 trouver d&rsquo;autres disques.<\/p>\n<p>Pour un probl\u00e8me de droits d&rsquo;auteurs, nous ne pouvons mettre les chansons sur le site, contentons-nous des pochettes !<\/p>\n<p><a href=\"https:\/\/lemuseedelacolo.fr\/wp-content\/uploads\/2013\/06\/disques-031.jpg\"><img loading=\"lazy\" decoding=\"async\" class=\"alignleft size-medium wp-image-561\" title=\"disques 031\" src=\"https:\/\/lemuseedelacolo.fr\/wp-content\/uploads\/2013\/06\/disques-031-300x225.jpg\" alt=\"\" width=\"300\" height=\"225\" srcset=\"https:\/\/lemuseedelacolo.fr\/wp-content\/uploads\/2013\/06\/disques-031-300x225.jpg 300w, https:\/\/lemuseedelacolo.fr\/wp-content\/uploads\/2013\/06\/disques-031-1024x768.jpg 1024w\" sizes=\"auto, (max-width: 300px) 100vw, 300px\" \/><\/a><\/p>\n","protected":false},"excerpt":{"rendered":"<p>Bonjour, L&rsquo;info du mois est une journ\u00e9e d&rsquo;\u00e9tude organis\u00e9e par la JPA le 24 juin \u00e0 Paris sur le th\u00e8me : \u00ab\u00a0Colos et centres de loisirs : quelles missions d&rsquo;int\u00e9r\u00eat g\u00e9n\u00e9ral et\/ou d&rsquo;utilit\u00e9 sociale\u00a0\u00bb. Pour le mois de juin, mois de la f\u00eate de la musique, parlons un peu du chant dans les colos. L&rsquo;\u00e9quipe [&hellip;]<\/p>\n","protected":false},"author":3,"featured_media":0,"parent":915,"menu_order":0,"comment_status":"open","ping_status":"open","template":"","meta":{"footnotes":""},"class_list":["post-558","page","type-page","status-publish","hentry"],"_links":{"self":[{"href":"https:\/\/lemuseedelacolo.fr\/index.php?rest_route=\/wp\/v2\/pages\/558","targetHints":{"allow":["GET"]}}],"collection":[{"href":"https:\/\/lemuseedelacolo.fr\/index.php?rest_route=\/wp\/v2\/pages"}],"about":[{"href":"https:\/\/lemuseedelacolo.fr\/index.php?rest_route=\/wp\/v2\/types\/page"}],"author":[{"embeddable":true,"href":"https:\/\/lemuseedelacolo.fr\/index.php?rest_route=\/wp\/v2\/users\/3"}],"replies":[{"embeddable":true,"href":"https:\/\/lemuseedelacolo.fr\/index.php?rest_route=%2Fwp%2Fv2%2Fcomments&post=558"}],"version-history":[{"count":8,"href":"https:\/\/lemuseedelacolo.fr\/index.php?rest_route=\/wp\/v2\/pages\/558\/revisions"}],"predecessor-version":[{"id":920,"href":"https:\/\/lemuseedelacolo.fr\/index.php?rest_route=\/wp\/v2\/pages\/558\/revisions\/920"}],"up":[{"embeddable":true,"href":"https:\/\/lemuseedelacolo.fr\/index.php?rest_route=\/wp\/v2\/pages\/915"}],"wp:attachment":[{"href":"https:\/\/lemuseedelacolo.fr\/index.php?rest_route=%2Fwp%2Fv2%2Fmedia&parent=558"}],"curies":[{"name":"wp","href":"https:\/\/api.w.org\/{rel}","templated":true}]}}