{"id":510,"date":"2013-05-12T18:25:35","date_gmt":"2013-05-12T17:25:35","guid":{"rendered":"http:\/\/lemuseedelacolo.fr\/?page_id=510"},"modified":"2013-05-12T19:45:43","modified_gmt":"2013-05-12T18:45:43","slug":"les-jeux-des-colos","status":"publish","type":"page","link":"https:\/\/lemuseedelacolo.fr\/?page_id=510","title":{"rendered":"Les jeux des colos"},"content":{"rendered":"<p style=\"text-align: justify;\">Les jeux ne sont pas r\u00e9serv\u00e9s aux colos, bien s\u00fbr. Mais il est normal qu&rsquo;il y ait ici une page sur ce th\u00e8me.<\/p>\n<p style=\"text-align: justify;\">L&rsquo;id\u00e9e est simple : <span style=\"color: #ff0000;\">mettre \u00e0 disposition des animateurs<\/span> des jeux anciens et d&rsquo;autres actuels, juste de quois se faire un carnet de jeux pour \u00ab\u00a0affronter\u00a0\u00bb les enfants lors des prochains A.C.M..<\/p>\n<p style=\"text-align: justify;\">Nous avons class\u00e9 les jeux en trois cat\u00e9gories : jeux d&rsquo;int\u00e9rieur (pouvant se jouer dedans ou dehors) ; jeux de veill\u00e9e (plut\u00f4t calme et se jouant \u00e0 l&rsquo;int\u00e9rieur) et jeux sportifs (ou jeux d&rsquo;ext\u00e9rieur).<\/p>\n<p>Bonne pr\u00e9paration.<\/p>\n<p><span style=\"color: #ff0000;\">Les jeux d&rsquo;int\u00e9rieur<\/span> :<\/p>\n<p><a href=\"https:\/\/lemuseedelacolo.fr\/wp-content\/uploads\/2013\/05\/Blind-test.pdf\">Blind test<\/a>\u00a0; <a href=\"https:\/\/lemuseedelacolo.fr\/wp-content\/uploads\/2013\/05\/Dessiner-cest-gagner.pdf\">Dessiner c&rsquo;est gagner<\/a>\u00a0;\u00a0\u00a0<a href=\"https:\/\/lemuseedelacolo.fr\/wp-content\/uploads\/2013\/05\/Jeu-des-couleurs.pdf\">Jeu des couleurs<\/a>\u00a0; <a href=\"https:\/\/lemuseedelacolo.fr\/wp-content\/uploads\/2013\/05\/Le-baccalaur\u00e9at.pdf\">Le baccalaur\u00e9at<\/a>\u00a0; <a href=\"https:\/\/lemuseedelacolo.fr\/wp-content\/uploads\/2013\/05\/Le-Barbatruk.pdf\">Le Barbatruk<\/a>\u00a0;\u00a0 <a href=\"https:\/\/lemuseedelacolo.fr\/wp-content\/uploads\/2013\/05\/Lhomme-en-noir.pdf\">L&rsquo;homme en noir<\/a>\u00a0;\u00a0\u00a0<a href=\"https:\/\/lemuseedelacolo.fr\/wp-content\/uploads\/2013\/05\/Rallye-chocolat1.pdf\">Rallye chocolat<\/a>; <a href=\"https:\/\/lemuseedelacolo.fr\/wp-content\/uploads\/2013\/05\/Times-up.pdf\">Time&rsquo;s up<\/a>\u00a0;\u00a0\u00a0<a href=\"https:\/\/lemuseedelacolo.fr\/wp-content\/uploads\/2013\/05\/Zapping-TV.pdf\">Zapping TV<\/a><\/p>\n<p><span style=\"color: #ff0000;\">Les jeux de veill\u00e9es :<\/span><\/p>\n<p><a href=\"https:\/\/lemuseedelacolo.fr\/wp-content\/uploads\/2013\/05\/Dessine-moi-une-lune.pdf\">Dessine-moi une lune<\/a>\u00a0; <a href=\"https:\/\/lemuseedelacolo.fr\/wp-content\/uploads\/2013\/05\/La-vache-qui-t\u00e2che.pdf\">La vache qui t\u00e2che<\/a>\u00a0;\u00a0<a href=\"https:\/\/lemuseedelacolo.fr\/wp-content\/uploads\/2013\/05\/Le-chef-dorchestre1.pdf\">Le chef d&rsquo;orchestre<\/a> ; <a href=\"https:\/\/lemuseedelacolo.fr\/wp-content\/uploads\/2013\/05\/Le-roi-du-silence.pdf\">Le roi du silence<\/a>\u00a0; <a href=\"https:\/\/lemuseedelacolo.fr\/wp-content\/uploads\/2013\/05\/Le-t\u00e9l\u00e9phone-arabe.pdf\">Le t\u00e9l\u00e9phone arabe<\/a>\u00a0; <a href=\"https:\/\/lemuseedelacolo.fr\/wp-content\/uploads\/2013\/05\/Quart-de-singe.pdf\">Quart de singe<\/a><\/p>\n<p><span style=\"color: #ff0000;\">Les jeux sportifs<\/span> :<\/p>\n<p><a href=\"https:\/\/lemuseedelacolo.fr\/wp-content\/uploads\/2013\/05\/Chameau-Chamois.pdf\">Chameau Chamois<\/a>\u00a0; <a href=\"https:\/\/lemuseedelacolo.fr\/wp-content\/uploads\/2013\/05\/Chat-Perch\u00e9.pdf\">Chat Perch\u00e9<\/a>\u00a0; <a href=\"https:\/\/lemuseedelacolo.fr\/wp-content\/uploads\/2013\/05\/Ciel-terre-mer.pdf\">Ciel terre mer<\/a>\u00a0; <a href=\"https:\/\/lemuseedelacolo.fr\/wp-content\/uploads\/2013\/05\/Colin-Maillard.pdf\">Colin Maillard<\/a>\u00a0; <a href=\"https:\/\/lemuseedelacolo.fr\/wp-content\/uploads\/2013\/05\/Dauphin-Dauphine.pdf\">Dauphin Dauphine<\/a>\u00a0; <a href=\"https:\/\/lemuseedelacolo.fr\/wp-content\/uploads\/2013\/05\/Escargot-coquille.pdf\">Escargot coquille<\/a>\u00a0; <a href=\"https:\/\/lemuseedelacolo.fr\/wp-content\/uploads\/2013\/05\/Jeu-de-la-tomate.pdf\">Jeu de la tomate<\/a>\u00a0; <a href=\"https:\/\/lemuseedelacolo.fr\/wp-content\/uploads\/2013\/05\/La-balle-assise.pdf\">La balle assise<\/a>\u00a0; <a href=\"https:\/\/lemuseedelacolo.fr\/wp-content\/uploads\/2013\/05\/La-balle-au-prisonnier.pdf\">La balle au prisonnier<\/a>\u00a0; <a href=\"https:\/\/lemuseedelacolo.fr\/wp-content\/uploads\/2013\/05\/La-mouche.pdf\">La mouche<\/a>\u00a0; <a href=\"https:\/\/lemuseedelacolo.fr\/wp-content\/uploads\/2013\/05\/la-petite-souris.pdf\">la petite souris<\/a>\u00a0; <a href=\"https:\/\/lemuseedelacolo.fr\/wp-content\/uploads\/2013\/05\/la-sardine.pdf\">la sardine<\/a>\u00a0; <a href=\"https:\/\/lemuseedelacolo.fr\/wp-content\/uploads\/2013\/05\/La-th\u00e8que.pdf\">La th\u00e8que<\/a>\u00a0; <a href=\"https:\/\/lemuseedelacolo.fr\/wp-content\/uploads\/2013\/05\/Laraign\u00e9e.pdf\">L&rsquo;araign\u00e9e<\/a>\u00a0; <a href=\"https:\/\/lemuseedelacolo.fr\/wp-content\/uploads\/2013\/05\/le-carr\u00e9-magique.pdf\">le carr\u00e9 magique<\/a>\u00a0; <a href=\"https:\/\/lemuseedelacolo.fr\/wp-content\/uploads\/2013\/05\/Le-facteur-nest-pas-pass\u00e9.pdf\">Le facteur n&rsquo;est pas pass\u00e9<\/a>\u00a0; <a href=\"https:\/\/lemuseedelacolo.fr\/wp-content\/uploads\/2013\/05\/Le-jeu-du-b\u00e9ret.pdf\">Le jeu du b\u00e9ret<\/a>\u00a0; <a href=\"https:\/\/lemuseedelacolo.fr\/wp-content\/uploads\/2013\/05\/Le-loup-glac\u00e9.pdf\">Le loup glac\u00e9<\/a>\u00a0; <a href=\"https:\/\/lemuseedelacolo.fr\/wp-content\/uploads\/2013\/05\/L\u00e9pervier.pdf\">L&rsquo;\u00e9pervier<\/a>\u00a0;\u00a0 <a href=\"https:\/\/lemuseedelacolo.fr\/wp-content\/uploads\/2013\/05\/Poules-renards-vip\u00e8res.pdf\">Poules renards vip\u00e8res<\/a>\u00a0; <a href=\"https:\/\/lemuseedelacolo.fr\/wp-content\/uploads\/2013\/05\/Tic-tac-boum.pdf\">Tic tac boum<\/a><\/p>\n","protected":false},"excerpt":{"rendered":"<p>Les jeux ne sont pas r\u00e9serv\u00e9s aux colos, bien s\u00fbr. Mais il est normal qu&rsquo;il y ait ici une page sur ce th\u00e8me. L&rsquo;id\u00e9e est simple : mettre \u00e0 disposition des animateurs des jeux anciens et d&rsquo;autres actuels, juste de quois se faire un carnet de jeux pour \u00ab\u00a0affronter\u00a0\u00bb les enfants lors des prochains A.C.M.. [&hellip;]<\/p>\n","protected":false},"author":3,"featured_media":0,"parent":171,"menu_order":0,"comment_status":"open","ping_status":"open","template":"","meta":{"footnotes":""},"class_list":["post-510","page","type-page","status-publish","hentry"],"_links":{"self":[{"href":"https:\/\/lemuseedelacolo.fr\/index.php?rest_route=\/wp\/v2\/pages\/510","targetHints":{"allow":["GET"]}}],"collection":[{"href":"https:\/\/lemuseedelacolo.fr\/index.php?rest_route=\/wp\/v2\/pages"}],"about":[{"href":"https:\/\/lemuseedelacolo.fr\/index.php?rest_route=\/wp\/v2\/types\/page"}],"author":[{"embeddable":true,"href":"https:\/\/lemuseedelacolo.fr\/index.php?rest_route=\/wp\/v2\/users\/3"}],"replies":[{"embeddable":true,"href":"https:\/\/lemuseedelacolo.fr\/index.php?rest_route=%2Fwp%2Fv2%2Fcomments&post=510"}],"version-history":[{"count":5,"href":"https:\/\/lemuseedelacolo.fr\/index.php?rest_route=\/wp\/v2\/pages\/510\/revisions"}],"predecessor-version":[{"id":554,"href":"https:\/\/lemuseedelacolo.fr\/index.php?rest_route=\/wp\/v2\/pages\/510\/revisions\/554"}],"up":[{"embeddable":true,"href":"https:\/\/lemuseedelacolo.fr\/index.php?rest_route=\/wp\/v2\/pages\/171"}],"wp:attachment":[{"href":"https:\/\/lemuseedelacolo.fr\/index.php?rest_route=%2Fwp%2Fv2%2Fmedia&parent=510"}],"curies":[{"name":"wp","href":"https:\/\/api.w.org\/{rel}","templated":true}]}}