{"id":46,"date":"2012-10-30T01:40:43","date_gmt":"2012-10-30T00:40:43","guid":{"rendered":"http:\/\/lemuseedelacolo.fr\/?page_id=46"},"modified":"2017-09-06T16:48:52","modified_gmt":"2017-09-06T15:48:52","slug":"acceuil","status":"publish","type":"page","link":"https:\/\/lemuseedelacolo.fr\/?page_id=46","title":{"rendered":"2012-11 Novembre : carnet de timbres"},"content":{"rendered":"<p><span style=\"color: #ff0000;\">Les actualit\u00e9s du Mus\u00e9e de la Colo<\/span><\/p>\n<p>Attention, un colloque m\u00e9rite d\u2019\u00eatre annonc\u00e9. Il est organis\u00e9 par l\u2019U.N.A.T. et aura lieu le 23 novembre 2012 \u00e0 la maison des associations de solidarit\u00e9 \u00e0 Paris et a pour th\u00e8me \u00ab la Colo en 2020\u2033.<\/p>\n<p><span style=\"color: #ff0000;\">Attention aux souvenirs enregistr\u00e9s sur des cassettes VHS<\/span><\/p>\n<p>Certans d\u2019entre nous ont gard\u00e9 des films sur des cassettes VHS, voire m\u00eame, ils ont sauvegard\u00e9 des films (8 mm ou super 8) sur ce support en le pensant \u00e9ternel. H\u00e9las, ces supports vieillissent tr\u00e8s mal. Il est urgent de les r\u00e9enregistrer sur un autre support. Si vous avez encore des films VHS de colos, centres de loisirs\u2026, n\u2019h\u00e9sitez pas \u00e0 nous contacter.<\/p>\n<p>Tous les mois, nous vous pr\u00e9sentons un nouveau document. Pour le mois de novembre 2012, voici des <span style=\"color: #ff0000;\">carnets de timbres<\/span>.<\/p>\n<p>En fait, les colos ont toujours cherch\u00e9 des financements divers, les parents des enfants n\u2019ayant pas les moyens pour financer la totalit\u00e9 des s\u00e9jours. En compl\u00e9ment des subventions et des appels aux dons, certains organismes ont mis en vente des carnets de timbres (non postaux, mais qui pouvaient se coller en compl\u00e9ment du timbre postal sur les enveloppes).<\/p>\n<p><a href=\"https:\/\/lemuseedelacolo.fr\/wp-content\/uploads\/2012\/10\/img6102.jpg\"><img loading=\"lazy\" decoding=\"async\" class=\"alignleft size-medium wp-image-298\" title=\"img610\" src=\"https:\/\/lemuseedelacolo.fr\/wp-content\/uploads\/2012\/10\/img6102-300x208.jpg\" alt=\"\" width=\"300\" height=\"208\" srcset=\"https:\/\/lemuseedelacolo.fr\/wp-content\/uploads\/2012\/10\/img6102-300x208.jpg 300w, https:\/\/lemuseedelacolo.fr\/wp-content\/uploads\/2012\/10\/img6102-1024x711.jpg 1024w, https:\/\/lemuseedelacolo.fr\/wp-content\/uploads\/2012\/10\/img6102.jpg 1727w\" sizes=\"auto, (max-width: 300px) 100vw, 300px\" \/><\/a><a href=\"https:\/\/lemuseedelacolo.fr\/wp-content\/uploads\/2012\/10\/img6111.jpg\"><img loading=\"lazy\" decoding=\"async\" class=\"alignright size-medium wp-image-299\" title=\"img611\" src=\"https:\/\/lemuseedelacolo.fr\/wp-content\/uploads\/2012\/10\/img6111-300x147.jpg\" alt=\"\" width=\"300\" height=\"147\" srcset=\"https:\/\/lemuseedelacolo.fr\/wp-content\/uploads\/2012\/10\/img6111-300x147.jpg 300w, https:\/\/lemuseedelacolo.fr\/wp-content\/uploads\/2012\/10\/img6111-1024x502.jpg 1024w\" sizes=\"auto, (max-width: 300px) 100vw, 300px\" \/><\/a><\/p>\n<p>&nbsp;<\/p>\n","protected":false},"excerpt":{"rendered":"<p>Les actualit\u00e9s du Mus\u00e9e de la Colo Attention, un colloque m\u00e9rite d\u2019\u00eatre annonc\u00e9. Il est organis\u00e9 par l\u2019U.N.A.T. et aura lieu le 23 novembre 2012 \u00e0 la maison des associations de solidarit\u00e9 \u00e0 Paris et a pour th\u00e8me \u00ab la Colo en 2020\u2033. Attention aux souvenirs enregistr\u00e9s sur des cassettes VHS Certans d\u2019entre nous ont [&hellip;]<\/p>\n","protected":false},"author":3,"featured_media":0,"parent":911,"menu_order":0,"comment_status":"closed","ping_status":"closed","template":"","meta":{"footnotes":""},"class_list":["post-46","page","type-page","status-publish","hentry"],"_links":{"self":[{"href":"https:\/\/lemuseedelacolo.fr\/index.php?rest_route=\/wp\/v2\/pages\/46","targetHints":{"allow":["GET"]}}],"collection":[{"href":"https:\/\/lemuseedelacolo.fr\/index.php?rest_route=\/wp\/v2\/pages"}],"about":[{"href":"https:\/\/lemuseedelacolo.fr\/index.php?rest_route=\/wp\/v2\/types\/page"}],"author":[{"embeddable":true,"href":"https:\/\/lemuseedelacolo.fr\/index.php?rest_route=\/wp\/v2\/users\/3"}],"replies":[{"embeddable":true,"href":"https:\/\/lemuseedelacolo.fr\/index.php?rest_route=%2Fwp%2Fv2%2Fcomments&post=46"}],"version-history":[{"count":34,"href":"https:\/\/lemuseedelacolo.fr\/index.php?rest_route=\/wp\/v2\/pages\/46\/revisions"}],"predecessor-version":[{"id":913,"href":"https:\/\/lemuseedelacolo.fr\/index.php?rest_route=\/wp\/v2\/pages\/46\/revisions\/913"}],"up":[{"embeddable":true,"href":"https:\/\/lemuseedelacolo.fr\/index.php?rest_route=\/wp\/v2\/pages\/911"}],"wp:attachment":[{"href":"https:\/\/lemuseedelacolo.fr\/index.php?rest_route=%2Fwp%2Fv2%2Fmedia&parent=46"}],"curies":[{"name":"wp","href":"https:\/\/api.w.org\/{rel}","templated":true}]}}