{"id":423,"date":"2013-05-08T16:30:17","date_gmt":"2013-05-08T15:30:17","guid":{"rendered":"http:\/\/lemuseedelacolo.fr\/?page_id=423"},"modified":"2013-05-08T18:10:50","modified_gmt":"2013-05-08T17:10:50","slug":"les-chansons-des-colos","status":"publish","type":"page","link":"https:\/\/lemuseedelacolo.fr\/?page_id=423","title":{"rendered":"Les chansons des colos"},"content":{"rendered":"<p>Il est temps de mettre en ligne quelques chansons.<\/p>\n<p>Nous avons choisis de proposer <span style=\"color: #ff0000;\">quelques chansons<\/span> (nous allons essayer de d\u00e9velopper notre liste rapidement) sur des pages PDF. Ainsi chacun peut choisir les chansons qu&rsquo;il connait et peut se cr\u00e9er son carnet de chants. Il est toujours dommage de laisser les enfants feuilleter un carnet de chants et d&rsquo;\u00eatre oblig\u00e9 de dire \u00ab\u00a0non celle-l\u00e0, je ne la connais pas, choisis-en une autre\u00a0\u00bb. Il vaut mieux se cr\u00e9er son carnet de chants avec des chansons que l&rsquo;on conna\u00eet.<\/p>\n<p>Nous avons essay\u00e9 de mettre aussi les accords de guitare.<\/p>\n<p><a href=\"https:\/\/lemuseedelacolo.fr\/wp-content\/uploads\/2013\/05\/A-la-claire-fontaine1.pdf\">A la claire fontaine<\/a><\/p>\n<p><a href=\"https:\/\/lemuseedelacolo.fr\/wp-content\/uploads\/2013\/05\/A-la-volette1.pdf\">A la volette<\/a><\/p>\n<p><a href=\"https:\/\/lemuseedelacolo.fr\/wp-content\/uploads\/2013\/05\/Ah-les-cro-cro-cro1.pdf\">Ah les cro cro cro<\/a><\/p>\n<p><a href=\"https:\/\/lemuseedelacolo.fr\/wp-content\/uploads\/2013\/05\/Cest-la-m\u00e8re-Michel1.pdf\">C&rsquo;est la m\u00e8re Michel<\/a><\/p>\n<p><a href=\"https:\/\/lemuseedelacolo.fr\/wp-content\/uploads\/2013\/05\/Comp\u00e8re-Guilleri1.pdf\">Comp\u00e8re Guilleri<\/a><\/p>\n<p><a href=\"https:\/\/lemuseedelacolo.fr\/wp-content\/uploads\/2013\/05\/Elle-descend-de-la-montagne-\u00e0-cheval1.pdf\">Elle descend de la montagne \u00e0 cheval<\/a><\/p>\n<p><a href=\"https:\/\/lemuseedelacolo.fr\/wp-content\/uploads\/2013\/05\/Il-\u00e9tait-un-petit-homme1.pdf\">Il \u00e9tait un petit homme<\/a><\/p>\n<p><a href=\"https:\/\/lemuseedelacolo.fr\/wp-content\/uploads\/2013\/05\/Il-faut-que-je-men-aille1.pdf\">Il faut que je m&rsquo;en aille<\/a><\/p>\n<p><a href=\"https:\/\/lemuseedelacolo.fr\/wp-content\/uploads\/2013\/05\/Jai-mal-\u00e0-ma-bedaine1.pdf\">J&rsquo;ai mal \u00e0 ma bedaine<\/a><\/p>\n<p><a href=\"https:\/\/lemuseedelacolo.fr\/wp-content\/uploads\/2013\/05\/Jai-un-gros-nez-rouge1.pdf\">J&rsquo;ai un gros nez rouge<\/a><\/p>\n<p><a href=\"https:\/\/lemuseedelacolo.fr\/wp-content\/uploads\/2013\/05\/Jai-une-tante...1.pdf\">J&rsquo;ai une tante&#8230;<\/a><\/p>\n<p><a href=\"https:\/\/lemuseedelacolo.fr\/wp-content\/uploads\/2013\/05\/Jolie-bouteille-sacr\u00e9e-bouteille1.pdf\">Jolie bouteille sacr\u00e9e bouteille<\/a><\/p>\n<p><a href=\"https:\/\/lemuseedelacolo.fr\/wp-content\/uploads\/2013\/05\/La-baleine-bleue1.pdf\">La baleine bleue<\/a><\/p>\n<p><a href=\"https:\/\/lemuseedelacolo.fr\/wp-content\/uploads\/2013\/05\/La-bataille-de-Reichshoffen1.pdf\">La bataille de Reichshoffen<\/a><\/p>\n<p><a href=\"https:\/\/lemuseedelacolo.fr\/wp-content\/uploads\/2013\/05\/La-famille-Tortue1.pdf\">La famille Tortue<\/a><\/p>\n<p><a href=\"https:\/\/lemuseedelacolo.fr\/wp-content\/uploads\/2013\/05\/La-petite-Mandarine1.pdf\">La petite Mandarine<\/a><\/p>\n<p><a href=\"https:\/\/lemuseedelacolo.fr\/wp-content\/uploads\/2013\/05\/Le-h\u00e9risson1.pdf\">Le h\u00e9risson<\/a><\/p>\n<p><a href=\"https:\/\/lemuseedelacolo.fr\/wp-content\/uploads\/2013\/05\/Le-lion-est-mort-ce-soir1.pdf\">Le lion est mort ce soir<\/a><\/p>\n<p><a href=\"https:\/\/lemuseedelacolo.fr\/wp-content\/uploads\/2013\/05\/Le-r\u00e9giment-du-fromage-blanc1.pdf\">Le r\u00e9giment du fromage blanc<\/a><\/p>\n<p><a href=\"https:\/\/lemuseedelacolo.fr\/wp-content\/uploads\/2013\/05\/Le-rock-and-Roll-des-gallinac\u00e9s1.pdf\">Le rock and Roll des gallinac\u00e9s<\/a><\/p>\n<p><a href=\"https:\/\/lemuseedelacolo.fr\/wp-content\/uploads\/2013\/05\/Le-roi-Dagobert1.pdf\">Le roi Dagobert<\/a><\/p>\n<p><a href=\"https:\/\/lemuseedelacolo.fr\/wp-content\/uploads\/2013\/05\/Les-jolies-colonies-de-vacances1.pdf\">Les jolies colonies de vacances<\/a><\/p>\n<p><a href=\"https:\/\/lemuseedelacolo.fr\/wp-content\/uploads\/2013\/05\/Les-petits-poissons-dans-leau1.pdf\">Les petits poissons dans l&rsquo;eau<\/a><\/p>\n<p><a href=\"https:\/\/lemuseedelacolo.fr\/wp-content\/uploads\/2013\/05\/Maman-les-ptits-bateaux1.pdf\">Maman, les p&rsquo;tits bateaux<\/a><\/p>\n<p><a href=\"https:\/\/lemuseedelacolo.fr\/wp-content\/uploads\/2013\/05\/Mon-\u00e2ne1.pdf\">Mon \u00e2ne<\/a><\/p>\n<p><a href=\"https:\/\/lemuseedelacolo.fr\/wp-content\/uploads\/2013\/05\/Nagawicka1.pdf\">Nagawicka<\/a><\/p>\n<p><a href=\"https:\/\/lemuseedelacolo.fr\/wp-content\/uploads\/2013\/05\/On-pagaie1.pdf\">On pagaie<\/a><\/p>\n<p><a href=\"https:\/\/lemuseedelacolo.fr\/wp-content\/uploads\/2013\/05\/Poing-poing-poing-ouvres-toi1.pdf\">Poing, poing, poing, ouvres-toi<\/a><\/p>\n<p><a href=\"https:\/\/lemuseedelacolo.fr\/wp-content\/uploads\/2013\/05\/Quand-Marie1.pdf\">Quand Marie<\/a><\/p>\n<p><a href=\"https:\/\/lemuseedelacolo.fr\/wp-content\/uploads\/2013\/05\/Tous-les-animaux-du-monde1.pdf\">Tous les animaux du monde<\/a><\/p>\n<p><a href=\"https:\/\/lemuseedelacolo.fr\/wp-content\/uploads\/2013\/05\/Une-Chanson-Douce1.pdf\">Une Chanson Douce<\/a><\/p>\n<p><a href=\"https:\/\/lemuseedelacolo.fr\/wp-content\/uploads\/2013\/05\/Une-souris-verte1.pdf\">Une souris verte<\/a><\/p>\n<p><a href=\"https:\/\/lemuseedelacolo.fr\/wp-content\/uploads\/2013\/05\/V\u00e9lo-solex1.pdf\">V\u00e9lo solex<\/a><\/p>\n<p><a href=\"https:\/\/lemuseedelacolo.fr\/wp-content\/uploads\/2013\/05\/Vive-le-vent1.pdf\">Vive le vent<\/a><\/p>\n<p>&nbsp;<\/p>\n<p>&nbsp;<\/p>\n","protected":false},"excerpt":{"rendered":"<p>Il est temps de mettre en ligne quelques chansons. Nous avons choisis de proposer quelques chansons (nous allons essayer de d\u00e9velopper notre liste rapidement) sur des pages PDF. Ainsi chacun peut choisir les chansons qu&rsquo;il connait et peut se cr\u00e9er son carnet de chants. Il est toujours dommage de laisser les enfants feuilleter un carnet [&hellip;]<\/p>\n","protected":false},"author":3,"featured_media":0,"parent":171,"menu_order":0,"comment_status":"open","ping_status":"open","template":"","meta":{"footnotes":""},"class_list":["post-423","page","type-page","status-publish","hentry"],"_links":{"self":[{"href":"https:\/\/lemuseedelacolo.fr\/index.php?rest_route=\/wp\/v2\/pages\/423","targetHints":{"allow":["GET"]}}],"collection":[{"href":"https:\/\/lemuseedelacolo.fr\/index.php?rest_route=\/wp\/v2\/pages"}],"about":[{"href":"https:\/\/lemuseedelacolo.fr\/index.php?rest_route=\/wp\/v2\/types\/page"}],"author":[{"embeddable":true,"href":"https:\/\/lemuseedelacolo.fr\/index.php?rest_route=\/wp\/v2\/users\/3"}],"replies":[{"embeddable":true,"href":"https:\/\/lemuseedelacolo.fr\/index.php?rest_route=%2Fwp%2Fv2%2Fcomments&post=423"}],"version-history":[{"count":8,"href":"https:\/\/lemuseedelacolo.fr\/index.php?rest_route=\/wp\/v2\/pages\/423\/revisions"}],"predecessor-version":[{"id":508,"href":"https:\/\/lemuseedelacolo.fr\/index.php?rest_route=\/wp\/v2\/pages\/423\/revisions\/508"}],"up":[{"embeddable":true,"href":"https:\/\/lemuseedelacolo.fr\/index.php?rest_route=\/wp\/v2\/pages\/171"}],"wp:attachment":[{"href":"https:\/\/lemuseedelacolo.fr\/index.php?rest_route=%2Fwp%2Fv2%2Fmedia&parent=423"}],"curies":[{"name":"wp","href":"https:\/\/api.w.org\/{rel}","templated":true}]}}