{"id":383,"date":"2013-03-29T19:46:18","date_gmt":"2013-03-29T18:46:18","guid":{"rendered":"http:\/\/lemuseedelacolo.fr\/?page_id=383"},"modified":"2013-03-29T19:46:23","modified_gmt":"2013-03-29T18:46:23","slug":"la-lettre-ouverte-du-journal-de-lanimation-et-du-sep","status":"publish","type":"page","link":"https:\/\/lemuseedelacolo.fr\/?page_id=383","title":{"rendered":"la lettre ouverte du journal de l&rsquo;animation et du SEP"},"content":{"rendered":"<p style=\"text-align: justify;\">Force est de constater qu&rsquo;il y a peu de remarques de la part des animateurs et de leurs repr\u00e9sentants (unions, f\u00e9d\u00e9rations\u00a0et syndicats) en ce qui concerne la r\u00e9forme du temps scolaire.<\/p>\n<p style=\"text-align: justify;\">C&rsquo;est un peu comme si les animateurs n&rsquo;avaient pas droit \u00e0 la parole. Qu&rsquo;en est-il de nos accueils de mineurs du mercredi ? Quelles seront les qualifications des animateurs p\u00e9riscolaires ? est-ce encore de l&rsquo;animation socioculturelle (ou comme on disait dans les ann\u00e9es 80 de l&rsquo;animation p\u00e9dagogique) ? Est-ce un nouveau temps de loisirs pour les enfants ? doit-il \u00eatre obligatoire ?<\/p>\n<p style=\"text-align: justify;\">Il n&rsquo;est pas possible de faire la liste de toutes les questions qu&rsquo;il faudrait se poser. Et quand on lit la circulaire du 20 mars 2013 (\u00e0 consulter sur le BOEN), on ne peut que s&rsquo;inqui\u00e9ter sur l&rsquo;avenir de l&rsquo;animation et des animateurs. A minimum, soulevons une baisse du niveau de qualification, (adieu Bapaat et CQP AP vive le Bafa) qui devient quasiment une qualification professionnelle (et qui pourtant ne pr\u00e9pare pas \u00e0 animer des ateliers de 3\/4 d&rsquo;heure 4 fois par semaine pendant 36 semaines d&rsquo;\u00e9cole !).<\/p>\n<p>Heureusement il y a eu quelques r\u00e9actions. Notons l&rsquo;action du Journal de l&rsquo;animation et du syndicat UNSA via le SEP. Nous vous invitons \u00e0 consulter le site du journal de l&rsquo;animation et \u00e0 participer aux actions qui sont propos\u00e9es, m\u00eame si la presse n&rsquo;en fait pas l&rsquo;\u00e9cho !<\/p>\n<p>&nbsp;<\/p>\n","protected":false},"excerpt":{"rendered":"<p>Force est de constater qu&rsquo;il y a peu de remarques de la part des animateurs et de leurs repr\u00e9sentants (unions, f\u00e9d\u00e9rations\u00a0et syndicats) en ce qui concerne la r\u00e9forme du temps scolaire. C&rsquo;est un peu comme si les animateurs n&rsquo;avaient pas droit \u00e0 la parole. Qu&rsquo;en est-il de nos accueils de mineurs du mercredi ? Quelles [&hellip;]<\/p>\n","protected":false},"author":3,"featured_media":0,"parent":356,"menu_order":0,"comment_status":"open","ping_status":"open","template":"","meta":{"footnotes":""},"class_list":["post-383","page","type-page","status-publish","hentry"],"_links":{"self":[{"href":"https:\/\/lemuseedelacolo.fr\/index.php?rest_route=\/wp\/v2\/pages\/383","targetHints":{"allow":["GET"]}}],"collection":[{"href":"https:\/\/lemuseedelacolo.fr\/index.php?rest_route=\/wp\/v2\/pages"}],"about":[{"href":"https:\/\/lemuseedelacolo.fr\/index.php?rest_route=\/wp\/v2\/types\/page"}],"author":[{"embeddable":true,"href":"https:\/\/lemuseedelacolo.fr\/index.php?rest_route=\/wp\/v2\/users\/3"}],"replies":[{"embeddable":true,"href":"https:\/\/lemuseedelacolo.fr\/index.php?rest_route=%2Fwp%2Fv2%2Fcomments&post=383"}],"version-history":[{"count":2,"href":"https:\/\/lemuseedelacolo.fr\/index.php?rest_route=\/wp\/v2\/pages\/383\/revisions"}],"predecessor-version":[{"id":385,"href":"https:\/\/lemuseedelacolo.fr\/index.php?rest_route=\/wp\/v2\/pages\/383\/revisions\/385"}],"up":[{"embeddable":true,"href":"https:\/\/lemuseedelacolo.fr\/index.php?rest_route=\/wp\/v2\/pages\/356"}],"wp:attachment":[{"href":"https:\/\/lemuseedelacolo.fr\/index.php?rest_route=%2Fwp%2Fv2%2Fmedia&parent=383"}],"curies":[{"name":"wp","href":"https:\/\/api.w.org\/{rel}","templated":true}]}}