{"id":373,"date":"2013-03-29T18:40:01","date_gmt":"2013-03-29T17:40:01","guid":{"rendered":"http:\/\/lemuseedelacolo.fr\/?page_id=373"},"modified":"2013-03-29T19:19:28","modified_gmt":"2013-03-29T18:19:28","slug":"quelles-colos-pour-2020","status":"publish","type":"page","link":"https:\/\/lemuseedelacolo.fr\/?page_id=373","title":{"rendered":"Quelles colos pour 2020 ?"},"content":{"rendered":"<p style=\"text-align: justify;\">En novembre 2012, nous vous avions annonc\u00e9 le colloque <span style=\"color: #ff0000;\">\u00ab\u00a0Quelles colos pour 2020 ?\u00a0\u00bb<\/span> organis\u00e9 par l&rsquo;U.N.A.T. (Union Nationale des associations de Tourisme). Ce colloque s&rsquo;est bien d\u00e9roul\u00e9, il y a eu de nombreux intervenants et quelques r\u00e9ponses (ou au moins des propositions) ont \u00e9t\u00e9 faites pour l&rsquo;avenir des colos.<\/p>\n<p style=\"text-align: justify;\">Il y a eu aussi un temps sur l&rsquo;histoire, sur l&rsquo;actualit\u00e9. De nombreux organisateurs pr\u00e9sents ont pu questionner les intervenants.<\/p>\n<p style=\"text-align: justify;\">Nous vous invitons \u00e0 consulter le site de\u00a0Vacances-enfants-ados o\u00f9 vous pourrez trouver les actes de ce colloque : <a href=\"http:\/\/www.vacances-enfants-ados.com\/\">http:\/\/www.vacances-enfants-ados.com\/<\/a>\u00a0puis clique sur \u00ab\u00a0le fil actu\u00a0\u00bb.<\/p>\n<p style=\"text-align: justify;\">Vous trouverez aussi un guide pour \u00ab\u00a0bien r\u00e9diger son appel d&rsquo;offre\u00a0\u00bb.<\/p>\n<p style=\"text-align: justify;\">Bonne lecture<\/p>\n<p>&nbsp;<\/p>\n","protected":false},"excerpt":{"rendered":"<p>En novembre 2012, nous vous avions annonc\u00e9 le colloque \u00ab\u00a0Quelles colos pour 2020 ?\u00a0\u00bb organis\u00e9 par l&rsquo;U.N.A.T. (Union Nationale des associations de Tourisme). Ce colloque s&rsquo;est bien d\u00e9roul\u00e9, il y a eu de nombreux intervenants et quelques r\u00e9ponses (ou au moins des propositions) ont \u00e9t\u00e9 faites pour l&rsquo;avenir des colos. Il y a eu aussi [&hellip;]<\/p>\n","protected":false},"author":3,"featured_media":0,"parent":356,"menu_order":0,"comment_status":"open","ping_status":"open","template":"","meta":{"footnotes":""},"class_list":["post-373","page","type-page","status-publish","hentry"],"_links":{"self":[{"href":"https:\/\/lemuseedelacolo.fr\/index.php?rest_route=\/wp\/v2\/pages\/373","targetHints":{"allow":["GET"]}}],"collection":[{"href":"https:\/\/lemuseedelacolo.fr\/index.php?rest_route=\/wp\/v2\/pages"}],"about":[{"href":"https:\/\/lemuseedelacolo.fr\/index.php?rest_route=\/wp\/v2\/types\/page"}],"author":[{"embeddable":true,"href":"https:\/\/lemuseedelacolo.fr\/index.php?rest_route=\/wp\/v2\/users\/3"}],"replies":[{"embeddable":true,"href":"https:\/\/lemuseedelacolo.fr\/index.php?rest_route=%2Fwp%2Fv2%2Fcomments&post=373"}],"version-history":[{"count":5,"href":"https:\/\/lemuseedelacolo.fr\/index.php?rest_route=\/wp\/v2\/pages\/373\/revisions"}],"predecessor-version":[{"id":381,"href":"https:\/\/lemuseedelacolo.fr\/index.php?rest_route=\/wp\/v2\/pages\/373\/revisions\/381"}],"up":[{"embeddable":true,"href":"https:\/\/lemuseedelacolo.fr\/index.php?rest_route=\/wp\/v2\/pages\/356"}],"wp:attachment":[{"href":"https:\/\/lemuseedelacolo.fr\/index.php?rest_route=%2Fwp%2Fv2%2Fmedia&parent=373"}],"curies":[{"name":"wp","href":"https:\/\/api.w.org\/{rel}","templated":true}]}}