{"id":356,"date":"2013-03-26T18:21:19","date_gmt":"2013-03-26T17:21:19","guid":{"rendered":"http:\/\/lemuseedelacolo.fr\/?page_id=356"},"modified":"2013-03-29T18:31:37","modified_gmt":"2013-03-29T17:31:37","slug":"les-actualites-des-colos","status":"publish","type":"page","link":"https:\/\/lemuseedelacolo.fr\/?page_id=356","title":{"rendered":"Les actualit\u00e9s des Colos"},"content":{"rendered":"<p>Il faut bien le dire, il se passe des choses dans nos accueils collectifs de mineurs et dans l&rsquo;animation socioculturelle en g\u00e9n\u00e9ral. Au vu de l&rsquo;actualit\u00e9, nous allons\u00a0relayer les diff\u00e9rentes actions.<\/p>\n<p>Bien s\u00fbr,\u00a0vous ne trouverez\u00a0pas tout, soit parce que nous ne le savons pas, soit parce que nous ne sommes pas d&rsquo;accord.<\/p>\n<p>Nous pourrons aussi laisser une place \u00e0 quelques auteurs qui souhaitent r\u00e9agir \u00e0 une actualit\u00e9. Bref on va essayer ici de vous donner de l&rsquo;info sur les colos.<\/p>\n<p>Vous pouvez\u00a0consulter :<\/p>\n<p>&#8211; sauvons les colos (une action partie de savoie) ;<\/p>\n<p>&#8211; aux colos, citoyens ;<\/p>\n<p>&#8211; Telligo, des colos \u00e0 gogo ou des colos pour gogos ? ;<\/p>\n<p>&#8211; la lettre ouverte du journal de l&rsquo;animation et du SEP\/UNSA ;<\/p>\n<p>&#8211; le colloque de l&rsquo;U.N.A.T.\u00a0\u00a0\u00bb quelles colos\u00a0pour 2020&Prime;<\/p>\n","protected":false},"excerpt":{"rendered":"<p>Il faut bien le dire, il se passe des choses dans nos accueils collectifs de mineurs et dans l&rsquo;animation socioculturelle en g\u00e9n\u00e9ral. Au vu de l&rsquo;actualit\u00e9, nous allons\u00a0relayer les diff\u00e9rentes actions. Bien s\u00fbr,\u00a0vous ne trouverez\u00a0pas tout, soit parce que nous ne le savons pas, soit parce que nous ne sommes pas d&rsquo;accord. Nous pourrons aussi [&hellip;]<\/p>\n","protected":false},"author":3,"featured_media":0,"parent":0,"menu_order":0,"comment_status":"open","ping_status":"open","template":"","meta":{"footnotes":""},"class_list":["post-356","page","type-page","status-publish","hentry"],"_links":{"self":[{"href":"https:\/\/lemuseedelacolo.fr\/index.php?rest_route=\/wp\/v2\/pages\/356","targetHints":{"allow":["GET"]}}],"collection":[{"href":"https:\/\/lemuseedelacolo.fr\/index.php?rest_route=\/wp\/v2\/pages"}],"about":[{"href":"https:\/\/lemuseedelacolo.fr\/index.php?rest_route=\/wp\/v2\/types\/page"}],"author":[{"embeddable":true,"href":"https:\/\/lemuseedelacolo.fr\/index.php?rest_route=\/wp\/v2\/users\/3"}],"replies":[{"embeddable":true,"href":"https:\/\/lemuseedelacolo.fr\/index.php?rest_route=%2Fwp%2Fv2%2Fcomments&post=356"}],"version-history":[{"count":7,"href":"https:\/\/lemuseedelacolo.fr\/index.php?rest_route=\/wp\/v2\/pages\/356\/revisions"}],"predecessor-version":[{"id":360,"href":"https:\/\/lemuseedelacolo.fr\/index.php?rest_route=\/wp\/v2\/pages\/356\/revisions\/360"}],"wp:attachment":[{"href":"https:\/\/lemuseedelacolo.fr\/index.php?rest_route=%2Fwp%2Fv2%2Fmedia&parent=356"}],"curies":[{"name":"wp","href":"https:\/\/api.w.org\/{rel}","templated":true}]}}