{"id":350,"date":"2013-03-01T17:01:22","date_gmt":"2013-03-01T16:01:22","guid":{"rendered":"http:\/\/lemuseedelacolo.fr\/?page_id=350"},"modified":"2017-09-06T17:15:44","modified_gmt":"2017-09-06T16:15:44","slug":"mars-2013","status":"publish","type":"page","link":"https:\/\/lemuseedelacolo.fr\/?page_id=350","title":{"rendered":"2013-3 Mars : mannequins scouts"},"content":{"rendered":"<p>Pour le mois de mars, nous allons soutenir l&rsquo;IUT de Nice, le d\u00e9partement Carri\u00e8res sociales de Menton pour l&rsquo;organisation d&rsquo;une journ\u00e9e d&rsquo;\u00e9tude sur le th\u00e8me : <span style=\"color: #ff0000;\">les liens entre l&rsquo;animation et le scoutisme<\/span>. Cette journ\u00e9e aura lieu le 20 mars. Parmi les intervenants, nous pouvons annoncer Michel Seyrat et Jean-Marie Bataille.<\/p>\n<p>Une exposition, ouverte aux \u00e9coles de Menton, est organis\u00e9e par les \u00e9tudiants avec des objets et des photos mis \u00e0 disposition par le Mus\u00e9e de la Colo. A cette occasion, nous avons cr\u00e9\u00e9 les deux mannequins suivants :<\/p>\n<p><a href=\"https:\/\/lemuseedelacolo.fr\/wp-content\/uploads\/2013\/03\/013.jpg\"><img loading=\"lazy\" decoding=\"async\" class=\"aligncenter size-medium wp-image-351\" title=\"013\" src=\"https:\/\/lemuseedelacolo.fr\/wp-content\/uploads\/2013\/03\/013-225x300.jpg\" alt=\"\" width=\"225\" height=\"300\" srcset=\"https:\/\/lemuseedelacolo.fr\/wp-content\/uploads\/2013\/03\/013-225x300.jpg 225w, https:\/\/lemuseedelacolo.fr\/wp-content\/uploads\/2013\/03\/013-768x1024.jpg 768w\" sizes=\"auto, (max-width: 225px) 100vw, 225px\" \/><\/a><\/p>\n<p>Pour l&rsquo;a\u00een\u00e9\u00a0(ann\u00e9es 30-40), nous n&rsquo;avons pas pu trouver des chaussures d&rsquo;\u00e9poque. Pour le plus\u00a0jeune, c&rsquo;est au niveau du short que nous avons du tricher un peu. Nous essayerons de faire mieux la prochaine fois.<\/p>\n","protected":false},"excerpt":{"rendered":"<p>Pour le mois de mars, nous allons soutenir l&rsquo;IUT de Nice, le d\u00e9partement Carri\u00e8res sociales de Menton pour l&rsquo;organisation d&rsquo;une journ\u00e9e d&rsquo;\u00e9tude sur le th\u00e8me : les liens entre l&rsquo;animation et le scoutisme. Cette journ\u00e9e aura lieu le 20 mars. Parmi les intervenants, nous pouvons annoncer Michel Seyrat et Jean-Marie Bataille. Une exposition, ouverte aux [&hellip;]<\/p>\n","protected":false},"author":3,"featured_media":0,"parent":915,"menu_order":0,"comment_status":"open","ping_status":"open","template":"","meta":{"footnotes":""},"class_list":["post-350","page","type-page","status-publish","hentry"],"_links":{"self":[{"href":"https:\/\/lemuseedelacolo.fr\/index.php?rest_route=\/wp\/v2\/pages\/350","targetHints":{"allow":["GET"]}}],"collection":[{"href":"https:\/\/lemuseedelacolo.fr\/index.php?rest_route=\/wp\/v2\/pages"}],"about":[{"href":"https:\/\/lemuseedelacolo.fr\/index.php?rest_route=\/wp\/v2\/types\/page"}],"author":[{"embeddable":true,"href":"https:\/\/lemuseedelacolo.fr\/index.php?rest_route=\/wp\/v2\/users\/3"}],"replies":[{"embeddable":true,"href":"https:\/\/lemuseedelacolo.fr\/index.php?rest_route=%2Fwp%2Fv2%2Fcomments&post=350"}],"version-history":[{"count":7,"href":"https:\/\/lemuseedelacolo.fr\/index.php?rest_route=\/wp\/v2\/pages\/350\/revisions"}],"predecessor-version":[{"id":747,"href":"https:\/\/lemuseedelacolo.fr\/index.php?rest_route=\/wp\/v2\/pages\/350\/revisions\/747"}],"up":[{"embeddable":true,"href":"https:\/\/lemuseedelacolo.fr\/index.php?rest_route=\/wp\/v2\/pages\/915"}],"wp:attachment":[{"href":"https:\/\/lemuseedelacolo.fr\/index.php?rest_route=%2Fwp%2Fv2%2Fmedia&parent=350"}],"curies":[{"name":"wp","href":"https:\/\/api.w.org\/{rel}","templated":true}]}}