{"id":324,"date":"2013-02-09T11:39:59","date_gmt":"2013-02-09T10:39:59","guid":{"rendered":"http:\/\/lemuseedelacolo.fr\/?page_id=324"},"modified":"2017-09-06T17:14:53","modified_gmt":"2017-09-06T16:14:53","slug":"fevrier-2013","status":"publish","type":"page","link":"https:\/\/lemuseedelacolo.fr\/?page_id=324","title":{"rendered":"2013-2 f\u00e9vrier : livres de rey-herme"},"content":{"rendered":"<p style=\"text-align: justify;\">Ils sont enfin r\u00e9unis !<\/p>\n<p style=\"text-align: justify;\">Depuis de nombreuses ann\u00e9es, nous recherchons les diff\u00e9rents livres de <span style=\"color: #ff0000;\">Rey-Herme<\/span>. Ce pr\u00eatre, proche de l&rsquo;Ufcv, a \u00e9crit, dans les ann\u00e9es 50, plusieurs livres qui font r\u00e9f\u00e9rence dans l&rsquo;histoire des colonies de vacances (m\u00eame si Fran\u00e7oise T\u00e9tard, qui a travaill\u00e9 plus tard sur les m\u00eames sources, expliquait que Rey-Herme avait un peu \u00ab\u00a0corrig\u00e9\u00a0\u00bb certaines archives). Pour les livres introuvables, en neuf comme en occasion, nous avions utilis\u00e9 le pr\u00eat inter-biblioth\u00e8ques afin de lire ces livres.<\/p>\n<p style=\"text-align: justify;\">Mais depuis le mois dernier, nous avons enfin regroup\u00e9 l&rsquo;essentiel (8 livres) :<\/p>\n<p style=\"text-align: justify;\">&#8211; le premier (par ordre d&rsquo;int\u00e9r\u00eat, pour nous) traite des origines des colonies de vacances<\/p>\n<p style=\"text-align: center;\"><a href=\"https:\/\/lemuseedelacolo.fr\/wp-content\/uploads\/2013\/02\/img187.jpg\"><img loading=\"lazy\" decoding=\"async\" class=\"size-medium wp-image-325 aligncenter\" title=\"img187\" src=\"https:\/\/lemuseedelacolo.fr\/wp-content\/uploads\/2013\/02\/img187-183x300.jpg\" alt=\"\" width=\"183\" height=\"300\" srcset=\"https:\/\/lemuseedelacolo.fr\/wp-content\/uploads\/2013\/02\/img187-183x300.jpg 183w, https:\/\/lemuseedelacolo.fr\/wp-content\/uploads\/2013\/02\/img187-625x1024.jpg 625w, https:\/\/lemuseedelacolo.fr\/wp-content\/uploads\/2013\/02\/img187.jpg 788w\" sizes=\"auto, (max-width: 183px) 100vw, 183px\" \/><\/a><\/p>\n<p>&#8211; les trois suivants concernent le d\u00e9veloppement des colonies de vacances<\/p>\n<p><a href=\"https:\/\/lemuseedelacolo.fr\/wp-content\/uploads\/2013\/02\/img188.jpg\"><img loading=\"lazy\" decoding=\"async\" class=\"alignleft size-medium wp-image-326\" title=\"img188\" src=\"https:\/\/lemuseedelacolo.fr\/wp-content\/uploads\/2013\/02\/img188-183x300.jpg\" alt=\"\" width=\"183\" height=\"300\" srcset=\"https:\/\/lemuseedelacolo.fr\/wp-content\/uploads\/2013\/02\/img188-183x300.jpg 183w, https:\/\/lemuseedelacolo.fr\/wp-content\/uploads\/2013\/02\/img188-625x1024.jpg 625w, https:\/\/lemuseedelacolo.fr\/wp-content\/uploads\/2013\/02\/img188.jpg 788w\" sizes=\"auto, (max-width: 183px) 100vw, 183px\" \/><\/a><a href=\"https:\/\/lemuseedelacolo.fr\/wp-content\/uploads\/2013\/02\/img189.jpg\"><img loading=\"lazy\" decoding=\"async\" class=\"aligncenter size-medium wp-image-328\" title=\"img189\" src=\"https:\/\/lemuseedelacolo.fr\/wp-content\/uploads\/2013\/02\/img189-183x300.jpg\" alt=\"\" width=\"183\" height=\"300\" srcset=\"https:\/\/lemuseedelacolo.fr\/wp-content\/uploads\/2013\/02\/img189-183x300.jpg 183w, https:\/\/lemuseedelacolo.fr\/wp-content\/uploads\/2013\/02\/img189-625x1024.jpg 625w, https:\/\/lemuseedelacolo.fr\/wp-content\/uploads\/2013\/02\/img189.jpg 788w\" sizes=\"auto, (max-width: 183px) 100vw, 183px\" \/><\/a><a href=\"https:\/\/lemuseedelacolo.fr\/wp-content\/uploads\/2013\/02\/img190.jpg\"><img loading=\"lazy\" decoding=\"async\" class=\"alignright size-medium wp-image-329\" title=\"img190\" src=\"https:\/\/lemuseedelacolo.fr\/wp-content\/uploads\/2013\/02\/img190-183x300.jpg\" alt=\"\" width=\"183\" height=\"300\" srcset=\"https:\/\/lemuseedelacolo.fr\/wp-content\/uploads\/2013\/02\/img190-183x300.jpg 183w, https:\/\/lemuseedelacolo.fr\/wp-content\/uploads\/2013\/02\/img190-625x1024.jpg 625w, https:\/\/lemuseedelacolo.fr\/wp-content\/uploads\/2013\/02\/img190.jpg 788w\" sizes=\"auto, (max-width: 183px) 100vw, 183px\" \/><\/a><\/p>\n<p>&nbsp;<\/p>\n<p>&nbsp;<\/p>\n<p>&nbsp;<\/p>\n<p>&nbsp;<\/p>\n<p>&nbsp;<\/p>\n<p>&nbsp;<\/p>\n<p>&#8211; nous avons enfin l&rsquo;actualit\u00e9 des colos (en 1955)<\/p>\n<p><a href=\"https:\/\/lemuseedelacolo.fr\/wp-content\/uploads\/2013\/02\/img185.jpg\"><img loading=\"lazy\" decoding=\"async\" class=\"alignleft size-medium wp-image-330\" title=\"img185\" src=\"https:\/\/lemuseedelacolo.fr\/wp-content\/uploads\/2013\/02\/img185-196x300.jpg\" alt=\"\" width=\"196\" height=\"300\" srcset=\"https:\/\/lemuseedelacolo.fr\/wp-content\/uploads\/2013\/02\/img185-196x300.jpg 196w, https:\/\/lemuseedelacolo.fr\/wp-content\/uploads\/2013\/02\/img185.jpg 660w\" sizes=\"auto, (max-width: 196px) 100vw, 196px\" \/><\/a><a href=\"https:\/\/lemuseedelacolo.fr\/wp-content\/uploads\/2013\/02\/img186.jpg\"><img loading=\"lazy\" decoding=\"async\" class=\"alignright size-medium wp-image-331\" title=\"img186\" src=\"https:\/\/lemuseedelacolo.fr\/wp-content\/uploads\/2013\/02\/img186-196x300.jpg\" alt=\"\" width=\"196\" height=\"300\" srcset=\"https:\/\/lemuseedelacolo.fr\/wp-content\/uploads\/2013\/02\/img186-196x300.jpg 196w, https:\/\/lemuseedelacolo.fr\/wp-content\/uploads\/2013\/02\/img186.jpg 660w\" sizes=\"auto, (max-width: 196px) 100vw, 196px\" \/><\/a><\/p>\n<p>&nbsp;<\/p>\n<p>&nbsp;<\/p>\n<p>&nbsp;<\/p>\n<p>&nbsp;<\/p>\n<p>&nbsp;<\/p>\n<p>&nbsp;<\/p>\n<p>&nbsp;<\/p>\n<p style=\"text-align: justify;\">&#8211; en compl\u00e9ment \u00e0 ces 5 livres sur les colos, Rey-Herme a \u00e9crit deux livres sur le d\u00e9veloppement de l&rsquo;enfant et un sur la r\u00e9\u00e9ducation de la jeunesse d\u00e9linquante (et un sur la mentalit\u00e9 religieuse, que nous n&rsquo;avons pas)<\/p>\n<p style=\"text-align: justify;\"><a href=\"https:\/\/lemuseedelacolo.fr\/wp-content\/uploads\/2013\/02\/img179.jpg\"><img loading=\"lazy\" decoding=\"async\" class=\"alignleft size-medium wp-image-332\" title=\"img179\" src=\"https:\/\/lemuseedelacolo.fr\/wp-content\/uploads\/2013\/02\/img179-191x300.jpg\" alt=\"\" width=\"191\" height=\"300\" srcset=\"https:\/\/lemuseedelacolo.fr\/wp-content\/uploads\/2013\/02\/img179-191x300.jpg 191w, https:\/\/lemuseedelacolo.fr\/wp-content\/uploads\/2013\/02\/img179-653x1024.jpg 653w, https:\/\/lemuseedelacolo.fr\/wp-content\/uploads\/2013\/02\/img179.jpg 679w\" sizes=\"auto, (max-width: 191px) 100vw, 191px\" \/><\/a><a href=\"https:\/\/lemuseedelacolo.fr\/wp-content\/uploads\/2013\/02\/img181.jpg\"><img loading=\"lazy\" decoding=\"async\" class=\"aligncenter size-medium wp-image-333\" title=\"img181\" src=\"https:\/\/lemuseedelacolo.fr\/wp-content\/uploads\/2013\/02\/img181-191x300.jpg\" alt=\"\" width=\"191\" height=\"300\" srcset=\"https:\/\/lemuseedelacolo.fr\/wp-content\/uploads\/2013\/02\/img181-191x300.jpg 191w, https:\/\/lemuseedelacolo.fr\/wp-content\/uploads\/2013\/02\/img181-653x1024.jpg 653w, https:\/\/lemuseedelacolo.fr\/wp-content\/uploads\/2013\/02\/img181.jpg 679w\" sizes=\"auto, (max-width: 191px) 100vw, 191px\" \/><\/a><a href=\"https:\/\/lemuseedelacolo.fr\/wp-content\/uploads\/2013\/02\/img183.jpg\"><img loading=\"lazy\" decoding=\"async\" class=\"alignright size-medium wp-image-334\" title=\"img183\" src=\"https:\/\/lemuseedelacolo.fr\/wp-content\/uploads\/2013\/02\/img183-187x300.jpg\" alt=\"\" width=\"187\" height=\"300\" srcset=\"https:\/\/lemuseedelacolo.fr\/wp-content\/uploads\/2013\/02\/img183-187x300.jpg 187w, https:\/\/lemuseedelacolo.fr\/wp-content\/uploads\/2013\/02\/img183-639x1024.jpg 639w, https:\/\/lemuseedelacolo.fr\/wp-content\/uploads\/2013\/02\/img183.jpg 806w\" sizes=\"auto, (max-width: 187px) 100vw, 187px\" \/><\/a><\/p>\n","protected":false},"excerpt":{"rendered":"<p>Ils sont enfin r\u00e9unis ! Depuis de nombreuses ann\u00e9es, nous recherchons les diff\u00e9rents livres de Rey-Herme. Ce pr\u00eatre, proche de l&rsquo;Ufcv, a \u00e9crit, dans les ann\u00e9es 50, plusieurs livres qui font r\u00e9f\u00e9rence dans l&rsquo;histoire des colonies de vacances (m\u00eame si Fran\u00e7oise T\u00e9tard, qui a travaill\u00e9 plus tard sur les m\u00eames sources, expliquait que Rey-Herme avait [&hellip;]<\/p>\n","protected":false},"author":3,"featured_media":0,"parent":915,"menu_order":0,"comment_status":"open","ping_status":"open","template":"","meta":{"footnotes":""},"class_list":["post-324","page","type-page","status-publish","hentry"],"_links":{"self":[{"href":"https:\/\/lemuseedelacolo.fr\/index.php?rest_route=\/wp\/v2\/pages\/324","targetHints":{"allow":["GET"]}}],"collection":[{"href":"https:\/\/lemuseedelacolo.fr\/index.php?rest_route=\/wp\/v2\/pages"}],"about":[{"href":"https:\/\/lemuseedelacolo.fr\/index.php?rest_route=\/wp\/v2\/types\/page"}],"author":[{"embeddable":true,"href":"https:\/\/lemuseedelacolo.fr\/index.php?rest_route=\/wp\/v2\/users\/3"}],"replies":[{"embeddable":true,"href":"https:\/\/lemuseedelacolo.fr\/index.php?rest_route=%2Fwp%2Fv2%2Fcomments&post=324"}],"version-history":[{"count":12,"href":"https:\/\/lemuseedelacolo.fr\/index.php?rest_route=\/wp\/v2\/pages\/324\/revisions"}],"predecessor-version":[{"id":745,"href":"https:\/\/lemuseedelacolo.fr\/index.php?rest_route=\/wp\/v2\/pages\/324\/revisions\/745"}],"up":[{"embeddable":true,"href":"https:\/\/lemuseedelacolo.fr\/index.php?rest_route=\/wp\/v2\/pages\/915"}],"wp:attachment":[{"href":"https:\/\/lemuseedelacolo.fr\/index.php?rest_route=%2Fwp%2Fv2%2Fmedia&parent=324"}],"curies":[{"name":"wp","href":"https:\/\/api.w.org\/{rel}","templated":true}]}}