{"id":305,"date":"2013-01-07T16:35:02","date_gmt":"2013-01-07T15:35:02","guid":{"rendered":"http:\/\/lemuseedelacolo.fr\/?page_id=305"},"modified":"2017-09-06T16:50:52","modified_gmt":"2017-09-06T15:50:52","slug":"janvier-2013","status":"publish","type":"page","link":"https:\/\/lemuseedelacolo.fr\/?page_id=305","title":{"rendered":"2013-1 Janvier : les buvards"},"content":{"rendered":"<p style=\"text-align: justify;\">Bonjour \u00e0 tous,<\/p>\n<p style=\"text-align: justify;\">Tout d&rsquo;abord, nous souhaitons une<span style=\"color: #ff0000;\"> bonne ann\u00e9e 2013<\/span> \u00e0 tous nos visiteurs. En esp\u00e9rant que cette ann\u00e9e, il y ait un peu plus d&rsquo;enfants qui puissent partir en colo&#8230;<\/p>\n<p style=\"text-align: justify;\">Plusieurs colloques devraient avoir lieu cette ann\u00e9e. Il devrait en avoir un \u00e0 Menton en mars (sur les liens entre le scoutisme et l&rsquo;animation), un \u00e0 Bordeaux en mai (sur la fabrique des gar\u00e7ons) et un \u00e0 Paris en octobre (animation socioculturelle et intervention sociale : pour quel projet de soci\u00e9t\u00e9 ?).<\/p>\n<p style=\"text-align: justify;\">L&rsquo;objet du mois est <span style=\"color: #ff0000;\">un buvard<\/span>. Quand les enfants \u00e9crivaient \u00e0 la plume, ils utilisaient un buvard pour faire s\u00e9cher l&rsquo;encre. Et les buvards sont vite devenus des objets publicitaires. Utilis\u00e9s par le commerce, ils ont aussi \u00e9t\u00e9 utilis\u00e9s par les mouvements de jeunesse pour se faire connaitre ou pour diffuser leurs revues.<\/p>\n<p style=\"text-align: justify;\"><a href=\"https:\/\/lemuseedelacolo.fr\/wp-content\/uploads\/2013\/01\/img0501.jpg\"><img loading=\"lazy\" decoding=\"async\" class=\"alignright size-medium wp-image-311\" title=\"img050\" src=\"https:\/\/lemuseedelacolo.fr\/wp-content\/uploads\/2013\/01\/img0501-189x300.jpg\" alt=\"\" width=\"189\" height=\"300\" srcset=\"https:\/\/lemuseedelacolo.fr\/wp-content\/uploads\/2013\/01\/img0501-189x300.jpg 189w, https:\/\/lemuseedelacolo.fr\/wp-content\/uploads\/2013\/01\/img0501-647x1024.jpg 647w, https:\/\/lemuseedelacolo.fr\/wp-content\/uploads\/2013\/01\/img0501.jpg 1524w\" sizes=\"auto, (max-width: 189px) 100vw, 189px\" \/><\/a><br \/>\n<span style=\"color: #ff0000;\">Les buvards<\/span> pouvaients concerner les colos en g\u00e9n\u00e9ral, ou comme ci-dessous les coeurs vaillants, le scoutisme&#8230;<\/p>\n<p style=\"text-align: justify;\"><a href=\"https:\/\/lemuseedelacolo.fr\/wp-content\/uploads\/2013\/01\/img5861.jpg\"><img loading=\"lazy\" decoding=\"async\" class=\"alignleft size-medium wp-image-312\" title=\"img586\" src=\"https:\/\/lemuseedelacolo.fr\/wp-content\/uploads\/2013\/01\/img5861-300x228.jpg\" alt=\"\" width=\"300\" height=\"228\" srcset=\"https:\/\/lemuseedelacolo.fr\/wp-content\/uploads\/2013\/01\/img5861-300x228.jpg 300w, https:\/\/lemuseedelacolo.fr\/wp-content\/uploads\/2013\/01\/img5861-1024x779.jpg 1024w, https:\/\/lemuseedelacolo.fr\/wp-content\/uploads\/2013\/01\/img5861.jpg 1709w\" sizes=\"auto, (max-width: 300px) 100vw, 300px\" \/><\/a><\/p>\n<p style=\"text-align: justify;\"><a href=\"https:\/\/lemuseedelacolo.fr\/wp-content\/uploads\/2013\/01\/img0511.jpg\"><img loading=\"lazy\" decoding=\"async\" class=\"aligncenter size-medium wp-image-313\" title=\"img051\" src=\"https:\/\/lemuseedelacolo.fr\/wp-content\/uploads\/2013\/01\/img0511-300x186.jpg\" alt=\"\" width=\"300\" height=\"186\" srcset=\"https:\/\/lemuseedelacolo.fr\/wp-content\/uploads\/2013\/01\/img0511-300x186.jpg 300w, https:\/\/lemuseedelacolo.fr\/wp-content\/uploads\/2013\/01\/img0511-1024x638.jpg 1024w\" sizes=\"auto, (max-width: 300px) 100vw, 300px\" \/><\/a><\/p>\n","protected":false},"excerpt":{"rendered":"<p>Bonjour \u00e0 tous, Tout d&rsquo;abord, nous souhaitons une bonne ann\u00e9e 2013 \u00e0 tous nos visiteurs. En esp\u00e9rant que cette ann\u00e9e, il y ait un peu plus d&rsquo;enfants qui puissent partir en colo&#8230; Plusieurs colloques devraient avoir lieu cette ann\u00e9e. Il devrait en avoir un \u00e0 Menton en mars (sur les liens entre le scoutisme et [&hellip;]<\/p>\n","protected":false},"author":3,"featured_media":0,"parent":915,"menu_order":0,"comment_status":"open","ping_status":"open","template":"","meta":{"footnotes":""},"class_list":["post-305","page","type-page","status-publish","hentry"],"_links":{"self":[{"href":"https:\/\/lemuseedelacolo.fr\/index.php?rest_route=\/wp\/v2\/pages\/305","targetHints":{"allow":["GET"]}}],"collection":[{"href":"https:\/\/lemuseedelacolo.fr\/index.php?rest_route=\/wp\/v2\/pages"}],"about":[{"href":"https:\/\/lemuseedelacolo.fr\/index.php?rest_route=\/wp\/v2\/types\/page"}],"author":[{"embeddable":true,"href":"https:\/\/lemuseedelacolo.fr\/index.php?rest_route=\/wp\/v2\/users\/3"}],"replies":[{"embeddable":true,"href":"https:\/\/lemuseedelacolo.fr\/index.php?rest_route=%2Fwp%2Fv2%2Fcomments&post=305"}],"version-history":[{"count":7,"href":"https:\/\/lemuseedelacolo.fr\/index.php?rest_route=\/wp\/v2\/pages\/305\/revisions"}],"predecessor-version":[{"id":917,"href":"https:\/\/lemuseedelacolo.fr\/index.php?rest_route=\/wp\/v2\/pages\/305\/revisions\/917"}],"up":[{"embeddable":true,"href":"https:\/\/lemuseedelacolo.fr\/index.php?rest_route=\/wp\/v2\/pages\/915"}],"wp:attachment":[{"href":"https:\/\/lemuseedelacolo.fr\/index.php?rest_route=%2Fwp%2Fv2%2Fmedia&parent=305"}],"curies":[{"name":"wp","href":"https:\/\/api.w.org\/{rel}","templated":true}]}}