{"id":290,"date":"2010-10-11T12:27:53","date_gmt":"2010-10-11T11:27:53","guid":{"rendered":"http:\/\/lemuseedelacolo.fr\/?page_id=290"},"modified":"2017-01-21T19:31:23","modified_gmt":"2017-01-21T18:31:23","slug":"accueil-test","status":"publish","type":"page","link":"https:\/\/lemuseedelacolo.fr\/","title":{"rendered":"Accueil"},"content":{"rendered":"<p>Bonjour, et bienvenue sur le site du <span style=\"color: #ff0000;\">Mus\u00e9e de la colo<\/span>.<\/p>\n<p style=\"text-align: justify;\">Sur ce site, nous vous proposons des informations sur ce que l\u2019on appelait les colonies de vacances, devenues centres de vacances et aujourd\u2019hui accueils collectifs de mineurs.<\/p>\n<p style=\"text-align: justify;\"><a href=\"https:\/\/lemuseedelacolo.fr\/wp-content\/uploads\/2012\/12\/logo-mus\u00e9e-de-la-colo.jpg\"><img loading=\"lazy\" decoding=\"async\" class=\"aligncenter size-medium wp-image-301\" title=\"logo mus\u00e9e de la colo\" src=\"https:\/\/lemuseedelacolo.fr\/wp-content\/uploads\/2012\/12\/logo-mus\u00e9e-de-la-colo-167x300.jpg\" alt=\"\" width=\"167\" height=\"300\" srcset=\"https:\/\/lemuseedelacolo.fr\/wp-content\/uploads\/2012\/12\/logo-mus\u00e9e-de-la-colo-167x300.jpg 167w, https:\/\/lemuseedelacolo.fr\/wp-content\/uploads\/2012\/12\/logo-mus\u00e9e-de-la-colo.jpg 329w\" sizes=\"auto, (max-width: 167px) 100vw, 167px\" \/><\/a><\/p>\n<p style=\"text-align: justify;\">Vous trouverez sur le site des fiches d\u2019activit\u00e9s (qui sont toujours valables aujourd\u2019hui), des infos sur l\u2019histoire, des photos\u2026 Nous vous proposons aussi chaque mois un objet particulier.<\/p>\n<p>Vous trouverez aussi des informations sur l\u2019actualit\u00e9 des colos (onglet actualit\u00e9). Pour les chercheurs, vous trouverez aussi la liste des fonds que nous avons num\u00e9ris\u00e9s. Ces fonds sont \u00e0 votre disposition. N\u2019h\u00e9sitez pas \u00e0 nous contacter.<\/p>\n<p style=\"text-align: justify;\">Si vous voulez nous aider \u00e0 regrouper des informations et des objets, n\u2019h\u00e9sitez pas non plus \u00e0 nous contacter.<\/p>\n<p style=\"text-align: justify;\">Notre travail porte sur l&rsquo;ensemble des colonies de vacances, mais nous travaillons plus particuli\u00e8rement sur<span style=\"color: #ff0000;\"> les colonies de vacances des Alpes-Maritimes. <\/span>Nous sommes \u00e0 la recherche de tout document (catalogue, photos, cartes postales, lettres, films, comptes-rendus&#8230;) surtout dans les ann\u00e9es 1960 \u00e0 2000 (il est parfois plus facile de retrouver des documents plus anciens !).<span style=\"color: #ff0000;\"> Si vous en avez, n&rsquo;h\u00e9sitez pas \u00e0 nous contacter.<\/span><\/p>\n<p style=\"text-align: justify;\">Bonne promenade sur notre site\u2026<\/p>\n<p style=\"text-align: justify;\">L\u2019\u00e9quipe du Mus\u00e9e de la Colo.<\/p>\n","protected":false},"excerpt":{"rendered":"<p>Bonjour, et bienvenue sur le site du Mus\u00e9e de la colo. Sur ce site, nous vous proposons des informations sur ce que l\u2019on appelait les colonies de vacances, devenues centres de vacances et aujourd\u2019hui accueils collectifs de mineurs. Vous trouverez sur le site des fiches d\u2019activit\u00e9s (qui sont toujours valables aujourd\u2019hui), des infos sur l\u2019histoire, [&hellip;]<\/p>\n","protected":false},"author":3,"featured_media":0,"parent":0,"menu_order":0,"comment_status":"open","ping_status":"open","template":"page-templates\/front-page.php","meta":{"footnotes":""},"class_list":["post-290","page","type-page","status-publish","hentry"],"_links":{"self":[{"href":"https:\/\/lemuseedelacolo.fr\/index.php?rest_route=\/wp\/v2\/pages\/290","targetHints":{"allow":["GET"]}}],"collection":[{"href":"https:\/\/lemuseedelacolo.fr\/index.php?rest_route=\/wp\/v2\/pages"}],"about":[{"href":"https:\/\/lemuseedelacolo.fr\/index.php?rest_route=\/wp\/v2\/types\/page"}],"author":[{"embeddable":true,"href":"https:\/\/lemuseedelacolo.fr\/index.php?rest_route=\/wp\/v2\/users\/3"}],"replies":[{"embeddable":true,"href":"https:\/\/lemuseedelacolo.fr\/index.php?rest_route=%2Fwp%2Fv2%2Fcomments&post=290"}],"version-history":[{"count":9,"href":"https:\/\/lemuseedelacolo.fr\/index.php?rest_route=\/wp\/v2\/pages\/290\/revisions"}],"predecessor-version":[{"id":870,"href":"https:\/\/lemuseedelacolo.fr\/index.php?rest_route=\/wp\/v2\/pages\/290\/revisions\/870"}],"wp:attachment":[{"href":"https:\/\/lemuseedelacolo.fr\/index.php?rest_route=%2Fwp%2Fv2%2Fmedia&parent=290"}],"curies":[{"name":"wp","href":"https:\/\/api.w.org\/{rel}","templated":true}]}}