{"id":282,"date":"2012-12-09T18:40:13","date_gmt":"2012-12-09T17:40:13","guid":{"rendered":"http:\/\/lemuseedelacolo.fr\/?page_id=282"},"modified":"2014-08-30T14:52:04","modified_gmt":"2014-08-30T13:52:04","slug":"les-mois-precedents","status":"publish","type":"page","link":"https:\/\/lemuseedelacolo.fr\/?page_id=282","title":{"rendered":"les mois pr\u00e9c\u00e9dents"},"content":{"rendered":"<p>Vous trouverez dans cette partie les diff\u00e9rents objets que nos avons s\u00e9lectionn\u00e9 chaque mois<\/p>\n","protected":false},"excerpt":{"rendered":"<p>Vous trouverez dans cette partie les diff\u00e9rents objets que nos avons s\u00e9lectionn\u00e9 chaque mois<\/p>\n","protected":false},"author":3,"featured_media":0,"parent":0,"menu_order":0,"comment_status":"open","ping_status":"open","template":"","meta":{"footnotes":""},"class_list":["post-282","page","type-page","status-publish","hentry"],"_links":{"self":[{"href":"https:\/\/lemuseedelacolo.fr\/index.php?rest_route=\/wp\/v2\/pages\/282","targetHints":{"allow":["GET"]}}],"collection":[{"href":"https:\/\/lemuseedelacolo.fr\/index.php?rest_route=\/wp\/v2\/pages"}],"about":[{"href":"https:\/\/lemuseedelacolo.fr\/index.php?rest_route=\/wp\/v2\/types\/page"}],"author":[{"embeddable":true,"href":"https:\/\/lemuseedelacolo.fr\/index.php?rest_route=\/wp\/v2\/users\/3"}],"replies":[{"embeddable":true,"href":"https:\/\/lemuseedelacolo.fr\/index.php?rest_route=%2Fwp%2Fv2%2Fcomments&post=282"}],"version-history":[{"count":3,"href":"https:\/\/lemuseedelacolo.fr\/index.php?rest_route=\/wp\/v2\/pages\/282\/revisions"}],"predecessor-version":[{"id":743,"href":"https:\/\/lemuseedelacolo.fr\/index.php?rest_route=\/wp\/v2\/pages\/282\/revisions\/743"}],"wp:attachment":[{"href":"https:\/\/lemuseedelacolo.fr\/index.php?rest_route=%2Fwp%2Fv2%2Fmedia&parent=282"}],"curies":[{"name":"wp","href":"https:\/\/api.w.org\/{rel}","templated":true}]}}