{"id":255,"date":"2012-12-02T19:15:53","date_gmt":"2012-12-02T18:15:53","guid":{"rendered":"http:\/\/lemuseedelacolo.fr\/?page_id=255"},"modified":"2017-09-06T16:49:35","modified_gmt":"2017-09-06T15:49:35","slug":"les-actualites-du-musee","status":"publish","type":"page","link":"https:\/\/lemuseedelacolo.fr\/?page_id=255","title":{"rendered":"2012-12 d\u00e9cembre : carnet de ch\u00e8ques"},"content":{"rendered":"<p>Pour le mois de d\u00e9cembre, nous vous annon\u00e7ons un colloque qui aura lieu \u00e0 Marseille le\u00a0 5 d\u00e9cembre et qui porte sur les classes de d\u00e9couvertes. Il est organis\u00e9 par l&rsquo;Unat Paca.<\/p>\n<p>L&rsquo;objet du mois de d\u00e9cembre 2012 est <span style=\"color: #ff0000;\">un carnet de ch\u00e8que<\/span>.<\/p>\n<p>Les enfants pouvaient, dans certaines colos, r\u00e9gler leurs achats avec des ch\u00e8ques. Plusieurs banques offraient aux associations un carnet de ch\u00e8que par enfant. Les enfants pouvaient acheter dans le centre ou dans certains magasins (complices ?). Ensuite l&rsquo;animateur ou le directeur r\u00e9glait les achats avec l&rsquo;argent de poche que les enfants avaient confi\u00e9. L&rsquo;exemple ici est un carnet de ch\u00e8que de la Poste. les conseils de la banque sont en 4\u00e8me de couverture.<\/p>\n<p><a href=\"https:\/\/lemuseedelacolo.fr\/wp-content\/uploads\/2012\/12\/img707.jpg\"><img loading=\"lazy\" decoding=\"async\" class=\"alignleft size-medium wp-image-256\" title=\"img707\" src=\"https:\/\/lemuseedelacolo.fr\/wp-content\/uploads\/2012\/12\/img707-300x121.jpg\" alt=\"\" width=\"300\" height=\"121\" srcset=\"https:\/\/lemuseedelacolo.fr\/wp-content\/uploads\/2012\/12\/img707-300x121.jpg 300w, https:\/\/lemuseedelacolo.fr\/wp-content\/uploads\/2012\/12\/img707-1024x413.jpg 1024w\" sizes=\"auto, (max-width: 300px) 100vw, 300px\" \/><\/a><a href=\"https:\/\/lemuseedelacolo.fr\/wp-content\/uploads\/2012\/12\/img708.jpg\"><img loading=\"lazy\" decoding=\"async\" class=\"alignright size-medium wp-image-257\" title=\"img708\" src=\"https:\/\/lemuseedelacolo.fr\/wp-content\/uploads\/2012\/12\/img708-300x121.jpg\" alt=\"\" width=\"300\" height=\"121\" srcset=\"https:\/\/lemuseedelacolo.fr\/wp-content\/uploads\/2012\/12\/img708-300x121.jpg 300w, https:\/\/lemuseedelacolo.fr\/wp-content\/uploads\/2012\/12\/img708-1024x414.jpg 1024w\" sizes=\"auto, (max-width: 300px) 100vw, 300px\" \/><\/a><a href=\"https:\/\/lemuseedelacolo.fr\/wp-content\/uploads\/2012\/12\/img709.jpg\"><img loading=\"lazy\" decoding=\"async\" class=\"alignleft size-medium wp-image-258\" title=\"img709\" src=\"https:\/\/lemuseedelacolo.fr\/wp-content\/uploads\/2012\/12\/img709-300x118.jpg\" alt=\"\" width=\"300\" height=\"118\" srcset=\"https:\/\/lemuseedelacolo.fr\/wp-content\/uploads\/2012\/12\/img709-300x118.jpg 300w, https:\/\/lemuseedelacolo.fr\/wp-content\/uploads\/2012\/12\/img709-1024x403.jpg 1024w\" sizes=\"auto, (max-width: 300px) 100vw, 300px\" \/><\/a><a href=\"https:\/\/lemuseedelacolo.fr\/wp-content\/uploads\/2012\/12\/img710.jpg\"><img loading=\"lazy\" decoding=\"async\" class=\"alignright size-medium wp-image-259\" title=\"img710\" src=\"https:\/\/lemuseedelacolo.fr\/wp-content\/uploads\/2012\/12\/img710-300x127.jpg\" alt=\"\" width=\"300\" height=\"127\" srcset=\"https:\/\/lemuseedelacolo.fr\/wp-content\/uploads\/2012\/12\/img710-300x127.jpg 300w, https:\/\/lemuseedelacolo.fr\/wp-content\/uploads\/2012\/12\/img710-1024x434.jpg 1024w\" sizes=\"auto, (max-width: 300px) 100vw, 300px\" \/><\/a><\/p>\n","protected":false},"excerpt":{"rendered":"<p>Pour le mois de d\u00e9cembre, nous vous annon\u00e7ons un colloque qui aura lieu \u00e0 Marseille le\u00a0 5 d\u00e9cembre et qui porte sur les classes de d\u00e9couvertes. Il est organis\u00e9 par l&rsquo;Unat Paca. L&rsquo;objet du mois de d\u00e9cembre 2012 est un carnet de ch\u00e8que. Les enfants pouvaient, dans certaines colos, r\u00e9gler leurs achats avec des ch\u00e8ques. [&hellip;]<\/p>\n","protected":false},"author":3,"featured_media":0,"parent":911,"menu_order":0,"comment_status":"open","ping_status":"closed","template":"","meta":{"footnotes":""},"class_list":["post-255","page","type-page","status-publish","hentry"],"_links":{"self":[{"href":"https:\/\/lemuseedelacolo.fr\/index.php?rest_route=\/wp\/v2\/pages\/255","targetHints":{"allow":["GET"]}}],"collection":[{"href":"https:\/\/lemuseedelacolo.fr\/index.php?rest_route=\/wp\/v2\/pages"}],"about":[{"href":"https:\/\/lemuseedelacolo.fr\/index.php?rest_route=\/wp\/v2\/types\/page"}],"author":[{"embeddable":true,"href":"https:\/\/lemuseedelacolo.fr\/index.php?rest_route=\/wp\/v2\/users\/3"}],"replies":[{"embeddable":true,"href":"https:\/\/lemuseedelacolo.fr\/index.php?rest_route=%2Fwp%2Fv2%2Fcomments&post=255"}],"version-history":[{"count":9,"href":"https:\/\/lemuseedelacolo.fr\/index.php?rest_route=\/wp\/v2\/pages\/255\/revisions"}],"predecessor-version":[{"id":914,"href":"https:\/\/lemuseedelacolo.fr\/index.php?rest_route=\/wp\/v2\/pages\/255\/revisions\/914"}],"up":[{"embeddable":true,"href":"https:\/\/lemuseedelacolo.fr\/index.php?rest_route=\/wp\/v2\/pages\/911"}],"wp:attachment":[{"href":"https:\/\/lemuseedelacolo.fr\/index.php?rest_route=%2Fwp%2Fv2%2Fmedia&parent=255"}],"curies":[{"name":"wp","href":"https:\/\/api.w.org\/{rel}","templated":true}]}}