{"id":218,"date":"2012-11-25T16:19:54","date_gmt":"2012-11-25T15:19:54","guid":{"rendered":"http:\/\/lemuseedelacolo.fr\/?page_id=218"},"modified":"2013-02-09T11:53:44","modified_gmt":"2013-02-09T10:53:44","slug":"les-romans-des-colos","status":"publish","type":"page","link":"https:\/\/lemuseedelacolo.fr\/?page_id=218","title":{"rendered":"Les romans des colos"},"content":{"rendered":"<p style=\"text-align: justify;\">Des romans pour enfants se d\u00e9roulent en \u00ab\u00a0colos\u00a0\u00bb. Nous avons pu en trouver quelques uns\u00a0:<\/p>\n<p style=\"text-align: justify;\"><span style=\"color: #000000;\"><span style=\"font-family: Times New Roman;\">&#8211;\u00a0\u00a0\u00a0\u00a0\u00a0\u00a0\u00a0\u00a0\u00a0 <\/span><span style=\"font-family: Times New Roman;\">\u00ab\u00a0<em><span style=\"color: #ff0000;\">Dr\u00f4le<\/span> <span style=\"color: #ff0000;\">de colo<\/span><\/em><\/span><\/span><a title=\"\" href=\"https:\/\/lemuseedelacolo.fr\/wp-includes\/js\/tinymce\/plugins\/paste\/pasteword.htm?ver=349-21274#_ftn1\"><span style=\"color: #0066cc; font-family: Times New Roman;\">[1]<\/span><\/a><span style=\"color: #000000; font-family: Times New Roman;\">\u00a0\u00bb est paru chez Bayard poche, dans la collection \u00ab\u00a0j\u2019aime lire\u00a0\u00bb de six \u00e0 dix ans. Il s\u2019agit de l\u2019histoire d\u2019une petite fille qui va en colo pour la premi\u00e8re fois. Le moins que l\u2019on puisse dire est que cette colo n\u2019est pas classique. Elle sert juste \u00e0 expliquer que la petite fille est en lien avec un adulte, diff\u00e9rent de ses parents\u00a0; <\/span><\/p>\n<p style=\"text-align: justify;\"><span style=\"color: #000000;\"><span style=\"font-family: Times New Roman;\">&#8211;\u00a0\u00a0\u00a0\u00a0\u00a0\u00a0\u00a0\u00a0\u00a0 <\/span><span style=\"font-family: Times New Roman;\">\u00ab\u00a0<\/span><\/span><em><span style=\"color: #000000; font-family: Times New Roman;\"><span style=\"color: #ff0000;\">Enl\u00e8vement \u00e0 la colo<\/span><\/span><a title=\"\" href=\"https:\/\/lemuseedelacolo.fr\/wp-includes\/js\/tinymce\/plugins\/paste\/pasteword.htm?ver=349-21274#_ftn2\"><strong><span style=\"color: #0066cc; font-family: Times New Roman;\">[2]<\/span><\/strong><\/a><\/em><span style=\"color: #000000; font-family: Times New Roman;\">\u00a0\u00bb est \u00e9dit\u00e9 dans la collection \u00ab\u00a0<em>Myst\u00e8re<\/em>\u00a0\u00bb chez Disney Hachette Edition. Alors qu\u2019il pourrait s\u2019agir d\u2019un camp scout (24 enfants divis\u00e9s en 4 \u00e9quipes de 6 (p5), qui font une chasse au tr\u00e9sor (p6, 12, 19), qui logent sous tentes (p 15, 36) et qui font des feux de camps (p12, 25-26, 31)), il n\u2019est fait mention que de \u00ab\u00a0camp de vacances\u00a0\u00bb (p5, 9, 17) ou plus simplement de camp. Ce qui laisse \u00e0 penser qu\u2019il s\u2019agit l\u00e0 d\u2019une traduction d\u2019une histoire am\u00e9ricaine, sans rapport avec nos centres de vacances. Le mot \u00ab\u00a0Colo\u00a0\u00bb n\u2019est utilis\u00e9 que dans le titre et le terme \u00ab\u00a0moniteur\u00a0\u00bb est utilis\u00e9 2 fois (p23 et31) alors qu\u2019il n\u2019est pas fait mention d\u2019animateurs. Au cours d\u2019une chasse au tr\u00e9sor, des enfants du \u00ab\u00a0camp\u00a0\u00bb sont enlev\u00e9s par un bandit qui veut r\u00e9cup\u00e9rer un \u00ab\u00a0vrai\u00a0\u00bb tr\u00e9sor. Mickey arr\u00eate le bandit et lib\u00e8re les enfants. La collection \u00ab\u00a0<em>Myst\u00e8re<\/em>\u00a0\u00bb comprend une trentaine d\u2019ouvrages. Un seul fait r\u00e9f\u00e9rence aux \u00ab\u00a0Colos\u00a0\u00bb.<\/span><\/p>\n<p style=\"text-align: justify;\"><span style=\"color: #000000; font-family: Times New Roman;\">&#8211; \u00ab\u00a0<em><span style=\"color: #ff0000;\">Enqu\u00eate<\/span> <span style=\"color: #ff0000;\">\u00e0 la colo<\/span><\/em>\u00a0\u00bb ( M. Piquemal et D Maja, \u00e9d Epigones, 1994) raconte l&rsquo;arriv\u00e9e d&rsquo;une soucoupe volante pr\u00e8s d&rsquo;une colonie de vacances. Le directeur va devoir \u00e9couter les enfants et trouver comment expliquer ce ph\u00e9nom\u00e8ne.<a href=\"https:\/\/lemuseedelacolo.fr\/wp-content\/uploads\/2012\/11\/img705.jpg\"><img loading=\"lazy\" decoding=\"async\" class=\"aligncenter  wp-image-222\" title=\"img705\" src=\"https:\/\/lemuseedelacolo.fr\/wp-content\/uploads\/2012\/11\/img705.jpg\" alt=\"\" width=\"157\" height=\"289\" \/><\/a><\/span><\/p>\n<p style=\"text-align: justify;\"><span style=\"color: #000000;\"><span style=\"font-family: Times New Roman;\">&#8211;\u00a0\u00a0\u00a0\u00a0\u00a0\u00a0\u00a0\u00a0\u00a0 <\/span><span style=\"font-family: Times New Roman;\">d\u2019autres romans pour enfants existent. Dans la collection \u00ab<span style=\"color: #ff0000;\">\u00a0<\/span><\/span><\/span><span style=\"font-family: Times New Roman;\"><em>Chair <\/em><em>de<\/em><em> <\/em><em>poule<\/em><\/span><span style=\"font-family: Times New Roman;\">\u00a0<\/span><span style=\"color: #000000;\"><span style=\"font-family: Times New Roman;\">\u00bb Bayard Edition), trois histoires ont le mot colo dans le titres. Ce sont des traductions de romans am\u00e9ricains\u00a0: la colo de la peur (n\u00b010)\u00a0; les fant\u00f4mes de la colo (n\u00b032)\u00a0; la colo de tous les dangers (n\u00b042). Si les histoires se passent en colo, elles ne ressemblent pas aux centres de vacances fran\u00e7ais, malgr\u00e9 les efforts des traducteurs.<a href=\"https:\/\/lemuseedelacolo.fr\/wp-content\/uploads\/2012\/11\/img252.jpg\"><img loading=\"lazy\" decoding=\"async\" class=\"aligncenter size-medium wp-image-223\" title=\"img252\" src=\"https:\/\/lemuseedelacolo.fr\/wp-content\/uploads\/2012\/11\/img252-196x300.jpg\" alt=\"\" width=\"196\" height=\"300\" srcset=\"https:\/\/lemuseedelacolo.fr\/wp-content\/uploads\/2012\/11\/img252-196x300.jpg 196w, https:\/\/lemuseedelacolo.fr\/wp-content\/uploads\/2012\/11\/img252-670x1024.jpg 670w, https:\/\/lemuseedelacolo.fr\/wp-content\/uploads\/2012\/11\/img252.jpg 1344w\" sizes=\"auto, (max-width: 196px) 100vw, 196px\" \/><\/a><\/span><\/span><\/p>\n<div><br clear=\"all\" \/><\/p>\n<hr align=\"left\" size=\"1\" width=\"33%\" \/>\n<div>\n<p><a title=\"\" href=\"https:\/\/lemuseedelacolo.fr\/wp-includes\/js\/tinymce\/plugins\/paste\/pasteword.htm?ver=349-21274#_ftnref1\"><span style=\"color: #0066cc; font-family: Times New Roman;\">[1]<\/span><\/a><span style=\"color: #000000; font-family: Times New Roman; font-size: small;\"> Joly Fanny, Capdevila Roser, <em>Dr\u00f4le de colo<\/em>, Paris, \u00e9d Bayard, 1995, 48p.<\/span><\/p>\n<\/div>\n<div>\n<p><a title=\"\" href=\"https:\/\/lemuseedelacolo.fr\/wp-includes\/js\/tinymce\/plugins\/paste\/pasteword.htm?ver=349-21274#_ftnref2\"><span style=\"color: #0066cc; font-family: Times New Roman;\">[2]<\/span><\/a><span style=\"color: #000000; font-family: Times New Roman; font-size: small;\"> Collectif, <em>Enl\u00e8vement \u00e0 la colo<\/em>, Paris, Disney Hachette Edition, 2000, 94p.<\/span><\/p>\n<p>&nbsp;<\/p>\n<\/div>\n<\/div>\n","protected":false},"excerpt":{"rendered":"<p>Des romans pour enfants se d\u00e9roulent en \u00ab\u00a0colos\u00a0\u00bb. Nous avons pu en trouver quelques uns\u00a0: &#8211;\u00a0\u00a0\u00a0\u00a0\u00a0\u00a0\u00a0\u00a0\u00a0 \u00ab\u00a0Dr\u00f4le de colo[1]\u00a0\u00bb est paru chez Bayard poche, dans la collection \u00ab\u00a0j\u2019aime lire\u00a0\u00bb de six \u00e0 dix ans. Il s\u2019agit de l\u2019histoire d\u2019une petite fille qui va en colo pour la premi\u00e8re fois. Le moins que l\u2019on puisse dire [&hellip;]<\/p>\n","protected":false},"author":3,"featured_media":0,"parent":202,"menu_order":0,"comment_status":"open","ping_status":"open","template":"","meta":{"footnotes":""},"class_list":["post-218","page","type-page","status-publish","hentry"],"_links":{"self":[{"href":"https:\/\/lemuseedelacolo.fr\/index.php?rest_route=\/wp\/v2\/pages\/218","targetHints":{"allow":["GET"]}}],"collection":[{"href":"https:\/\/lemuseedelacolo.fr\/index.php?rest_route=\/wp\/v2\/pages"}],"about":[{"href":"https:\/\/lemuseedelacolo.fr\/index.php?rest_route=\/wp\/v2\/types\/page"}],"author":[{"embeddable":true,"href":"https:\/\/lemuseedelacolo.fr\/index.php?rest_route=\/wp\/v2\/users\/3"}],"replies":[{"embeddable":true,"href":"https:\/\/lemuseedelacolo.fr\/index.php?rest_route=%2Fwp%2Fv2%2Fcomments&post=218"}],"version-history":[{"count":10,"href":"https:\/\/lemuseedelacolo.fr\/index.php?rest_route=\/wp\/v2\/pages\/218\/revisions"}],"predecessor-version":[{"id":221,"href":"https:\/\/lemuseedelacolo.fr\/index.php?rest_route=\/wp\/v2\/pages\/218\/revisions\/221"}],"up":[{"embeddable":true,"href":"https:\/\/lemuseedelacolo.fr\/index.php?rest_route=\/wp\/v2\/pages\/202"}],"wp:attachment":[{"href":"https:\/\/lemuseedelacolo.fr\/index.php?rest_route=%2Fwp%2Fv2%2Fmedia&parent=218"}],"curies":[{"name":"wp","href":"https:\/\/api.w.org\/{rel}","templated":true}]}}