{"id":215,"date":"2012-11-25T16:16:46","date_gmt":"2012-11-25T15:16:46","guid":{"rendered":"http:\/\/lemuseedelacolo.fr\/?page_id=215"},"modified":"2013-02-09T11:52:05","modified_gmt":"2013-02-09T10:52:05","slug":"les-colos-en-bd","status":"publish","type":"page","link":"https:\/\/lemuseedelacolo.fr\/?page_id=215","title":{"rendered":"Les colos en BD"},"content":{"rendered":"<p style=\"text-align: justify;\">Aujourd\u2019hui,\u00a0 la BD\u00a0est un outil de communication appr\u00e9ci\u00e9e. Par exemple,\u00a0 \u00ab\u00a0<span style=\"color: #ff0000;\">La bd des colos\u00a0<\/span>\u00bb<a title=\"\" href=\"https:\/\/lemuseedelacolo.fr\/wp-includes\/js\/tinymce\/plugins\/paste\/pasteword.htm?ver=349-21274#_ftn1\">[1]<\/a> permet de d\u00e9couvrir les centres de vacances des ann\u00e9es 2000. Cr\u00e9\u00e9e pour informer les enfants avant le s\u00e9jour, elle raconte l&rsquo;histoire d&rsquo;un enfant qui part pour la 1\u00e8re fois en centre de vacances. Elle est offerte \u00e0 chaque enfant pour sa premi\u00e8re inscription \u00e0 un s\u00e9jour de l\u2019association Temps Jeunes<a title=\"\" href=\"https:\/\/lemuseedelacolo.fr\/wp-includes\/js\/tinymce\/plugins\/paste\/pasteword.htm?ver=349-21274#_ftn2\">[2]<\/a>.<\/p>\n<p style=\"text-align: justify;\"><a href=\"https:\/\/lemuseedelacolo.fr\/wp-content\/uploads\/2012\/11\/088.jpg\"><img loading=\"lazy\" decoding=\"async\" class=\"aligncenter size-medium wp-image-231\" title=\"088\" src=\"https:\/\/lemuseedelacolo.fr\/wp-content\/uploads\/2012\/11\/088-225x300.jpg\" alt=\"\" width=\"225\" height=\"300\" srcset=\"https:\/\/lemuseedelacolo.fr\/wp-content\/uploads\/2012\/11\/088-225x300.jpg 225w, https:\/\/lemuseedelacolo.fr\/wp-content\/uploads\/2012\/11\/088-768x1024.jpg 768w\" sizes=\"auto, (max-width: 225px) 100vw, 225px\" \/><\/a><\/p>\n<p style=\"text-align: justify;\">\u00a0Autre exemple\u00a0: \u00ab\u00a0<span style=\"color: #ff0000;\">A nous les vacances<\/span> ! \u00bb<a title=\"\" href=\"https:\/\/lemuseedelacolo.fr\/wp-includes\/js\/tinymce\/plugins\/paste\/pasteword.htm?ver=349-21274#_ftn3\">[3]<\/a> raconte l\u2019histoire d\u2019un enfant qui part en colonie de vacances pour la premi\u00e8re fois. On y retrouve tous les clich\u00e9s des colos d\u2019autrefois\u00a0: batailles de polochons, discours de la directrice, groupe d\u2019enfants fixes\u2026<\/p>\n<div>\n<p style=\"text-align: justify;\">\u00a0<a href=\"https:\/\/lemuseedelacolo.fr\/wp-content\/uploads\/2012\/11\/090.jpg\"><img loading=\"lazy\" decoding=\"async\" class=\"aligncenter size-medium wp-image-232\" title=\"090\" src=\"https:\/\/lemuseedelacolo.fr\/wp-content\/uploads\/2012\/11\/090-225x300.jpg\" alt=\"\" width=\"225\" height=\"300\" srcset=\"https:\/\/lemuseedelacolo.fr\/wp-content\/uploads\/2012\/11\/090-225x300.jpg 225w, https:\/\/lemuseedelacolo.fr\/wp-content\/uploads\/2012\/11\/090-768x1024.jpg 768w\" sizes=\"auto, (max-width: 225px) 100vw, 225px\" \/><\/a><\/p>\n<hr align=\"left\" size=\"1\" width=\"33%\" \/>\n<div style=\"text-align: justify;\">\n<p><a title=\"\" href=\"https:\/\/lemuseedelacolo.fr\/wp-includes\/js\/tinymce\/plugins\/paste\/pasteword.htm?ver=349-21274#_ftnref1\">[1]<\/a> Glesser Pierre, <em>Le temps des colos<\/em>, Lyon, \u00e9d temps jeunes, 2001, 64p.<\/p>\n<\/div>\n<div style=\"text-align: justify;\">\n<p><a title=\"\" href=\"https:\/\/lemuseedelacolo.fr\/wp-includes\/js\/tinymce\/plugins\/paste\/pasteword.htm?ver=349-21274#_ftnref2\">[2]<\/a> Temps Jeunes 99 rue de Merlo &#8211; 69600 Oullins &#8211; Cette initiative de l&rsquo;Association Nationale Temps Jeunes a \u00e9t\u00e9 soutenue par le Minist\u00e8re de la Jeunesse et des Sports.<\/p>\n<\/div>\n<div>\n<p style=\"text-align: justify;\"><a title=\"\" href=\"https:\/\/lemuseedelacolo.fr\/wp-includes\/js\/tinymce\/plugins\/paste\/pasteword.htm?ver=349-21274#_ftnref3\">[3]<\/a> Ferr\u00e9 Benjamin, Grelin, <em>La colo, le temps des vacances<\/em>, Toulon, Soleil production, 2008, 38p. Un tome 2 est paru en 2009.<\/p>\n<\/div>\n<\/div>\n","protected":false},"excerpt":{"rendered":"<p>Aujourd\u2019hui,\u00a0 la BD\u00a0est un outil de communication appr\u00e9ci\u00e9e. Par exemple,\u00a0 \u00ab\u00a0La bd des colos\u00a0\u00bb[1] permet de d\u00e9couvrir les centres de vacances des ann\u00e9es 2000. Cr\u00e9\u00e9e pour informer les enfants avant le s\u00e9jour, elle raconte l&rsquo;histoire d&rsquo;un enfant qui part pour la 1\u00e8re fois en centre de vacances. Elle est offerte \u00e0 chaque enfant pour sa [&hellip;]<\/p>\n","protected":false},"author":3,"featured_media":0,"parent":202,"menu_order":0,"comment_status":"open","ping_status":"open","template":"","meta":{"footnotes":""},"class_list":["post-215","page","type-page","status-publish","hentry"],"_links":{"self":[{"href":"https:\/\/lemuseedelacolo.fr\/index.php?rest_route=\/wp\/v2\/pages\/215","targetHints":{"allow":["GET"]}}],"collection":[{"href":"https:\/\/lemuseedelacolo.fr\/index.php?rest_route=\/wp\/v2\/pages"}],"about":[{"href":"https:\/\/lemuseedelacolo.fr\/index.php?rest_route=\/wp\/v2\/types\/page"}],"author":[{"embeddable":true,"href":"https:\/\/lemuseedelacolo.fr\/index.php?rest_route=\/wp\/v2\/users\/3"}],"replies":[{"embeddable":true,"href":"https:\/\/lemuseedelacolo.fr\/index.php?rest_route=%2Fwp%2Fv2%2Fcomments&post=215"}],"version-history":[{"count":5,"href":"https:\/\/lemuseedelacolo.fr\/index.php?rest_route=\/wp\/v2\/pages\/215\/revisions"}],"predecessor-version":[{"id":342,"href":"https:\/\/lemuseedelacolo.fr\/index.php?rest_route=\/wp\/v2\/pages\/215\/revisions\/342"}],"up":[{"embeddable":true,"href":"https:\/\/lemuseedelacolo.fr\/index.php?rest_route=\/wp\/v2\/pages\/202"}],"wp:attachment":[{"href":"https:\/\/lemuseedelacolo.fr\/index.php?rest_route=%2Fwp%2Fv2%2Fmedia&parent=215"}],"curies":[{"name":"wp","href":"https:\/\/api.w.org\/{rel}","templated":true}]}}