{"id":212,"date":"2012-11-25T16:06:34","date_gmt":"2012-11-25T15:06:34","guid":{"rendered":"http:\/\/lemuseedelacolo.fr\/?page_id=212"},"modified":"2013-02-09T11:50:45","modified_gmt":"2013-02-09T10:50:45","slug":"les-colos-au-cinema","status":"publish","type":"page","link":"https:\/\/lemuseedelacolo.fr\/?page_id=212","title":{"rendered":"Les colos au cin\u00e9ma"},"content":{"rendered":"<p style=\"text-align: justify;\"><span style=\"color: #000000;\"><span style=\"font-family: Times New Roman;\">\u00a0\u00a0\u00a0\u00a0\u00a0\u00a0<\/span><\/span>\u00a0\u00a0\u00a0\u00a0\u00a0 Nous avons identifi\u00e9 trois films dont l\u2019action principale se d\u00e9roule dans un centre de vacances et un dans un camp de scoutisme. En voici une pr\u00e9sentation.<\/p>\n<p style=\"text-align: justify;\">\u00a0\u2013 \u00ab\u00a0<span style=\"color: #ff0000;\">Les joyeuses colonies de vacances<\/span>\u00a0\u00bb<\/p>\n<p style=\"text-align: justify;\">\u00a0\u00a0\u00a0\u00a0\u00a0\u00a0\u00a0\u00a0\u00a0\u00a0\u00a0 Il s\u2019agit d\u2019une com\u00e9die produite en 1979. Ce film n\u2019a pas eu un grand succ\u00e8s et est peu connu. Il raconte la vie dans un centre de vacances\u00a0:<\/p>\n<p style=\"text-align: justify;\">&#8211;\u00a0\u00a0\u00a0\u00a0\u00a0\u00a0\u00a0\u00a0\u00a0 un propri\u00e9taire qui loue sa demeure par obligation (pour refaire la toiture)\u00a0;<\/p>\n<p style=\"text-align: justify;\">&#8211;\u00a0\u00a0\u00a0\u00a0\u00a0\u00a0\u00a0\u00a0\u00a0 des difficult\u00e9s financi\u00e8res pour nourrir tout le monde\u00a0;<\/p>\n<p style=\"text-align: justify;\">&#8211;\u00a0\u00a0\u00a0\u00a0\u00a0\u00a0\u00a0\u00a0\u00a0 des activit\u00e9s jeux, promenades, veill\u00e9es\u00a0;<\/p>\n<p style=\"text-align: justify;\">&#8211;\u00a0\u00a0\u00a0\u00a0\u00a0\u00a0\u00a0\u00a0\u00a0 des relations bas\u00e9es sur la s\u00e9duction, tant pour les enfants que pour les adultes.<\/p>\n<p style=\"text-align: justify;\">\u00a0<a href=\"https:\/\/lemuseedelacolo.fr\/wp-content\/uploads\/2012\/11\/093.jpg\"><img loading=\"lazy\" decoding=\"async\" class=\"aligncenter size-medium wp-image-227\" title=\"093\" src=\"https:\/\/lemuseedelacolo.fr\/wp-content\/uploads\/2012\/11\/093-225x300.jpg\" alt=\"\" width=\"225\" height=\"300\" srcset=\"https:\/\/lemuseedelacolo.fr\/wp-content\/uploads\/2012\/11\/093-225x300.jpg 225w, https:\/\/lemuseedelacolo.fr\/wp-content\/uploads\/2012\/11\/093-768x1024.jpg 768w\" sizes=\"auto, (max-width: 225px) 100vw, 225px\" \/><\/a><\/p>\n<p style=\"text-align: justify;\">\u2013 \u00ab\u00a0<span style=\"color: #ff0000;\">La meilleure fa\u00e7on de marcher<\/span> \u00bb<\/p>\n<p style=\"text-align: justify;\">\u00a0\u00a0\u00a0\u00a0\u00a0\u00a0\u00a0\u00a0\u00a0\u00a0\u00a0 C\u2019est une com\u00e9die beaucoup plus proche de la r\u00e9alit\u00e9. Sortie en 1976, elle est jou\u00e9e par de nombreux acteurs connus comme Claude Pi\u00e9plu, Patrick Dewaere, Patrick Bouchitey. Michel Blanc joue le r\u00f4le d\u2019un animateur qui va craquer au cours du s\u00e9jour. Le th\u00e8me principal est celui des relations ambig\u00fces des jeunes encadrant le s\u00e9jour. L\u2019action se d\u00e9roule en 1960 et oppose un animateur braillard et sportif \u00e0 un animateur intellectuel et r\u00eaveur. En ce qui concerne le fonctionnement de la colonie de vacances, c\u2019est un film tr\u00e8s r\u00e9aliste. Nous avons utilis\u00e9 certaines sc\u00e8nes pour pr\u00e9senter l\u2019histoire des centres de vacances \u00e0 des groupes d\u2019animateurs en formation comme\u00a0:<\/p>\n<p style=\"text-align: justify;\">&#8211;\u00a0\u00a0\u00a0\u00a0\u00a0\u00a0\u00a0\u00a0\u00a0 la pr\u00e9sentation (et l\u2019accrochage) de la bo\u00eete \u00e0 id\u00e9e<a title=\"\" href=\"https:\/\/lemuseedelacolo.fr\/wp-includes\/js\/tinymce\/plugins\/paste\/pasteword.htm?ver=349-21274#_ftn1\">[1]<\/a>\u00a0;<\/p>\n<p style=\"text-align: justify;\">&#8211;\u00a0\u00a0\u00a0\u00a0\u00a0\u00a0\u00a0\u00a0\u00a0 le moment de la sieste, o\u00f9 les enfants doivent dormir sur le c\u00f4t\u00e9 droit<a title=\"\" href=\"https:\/\/lemuseedelacolo.fr\/wp-includes\/js\/tinymce\/plugins\/paste\/pasteword.htm?ver=349-21274#_ftn2\">[2]<\/a>\u00a0;<\/p>\n<p style=\"text-align: justify;\">&#8211;\u00a0\u00a0\u00a0\u00a0\u00a0\u00a0\u00a0\u00a0\u00a0 l\u2019ouverture de la boite \u00e0 id\u00e9e (et la lecture des messages)\u00a0;<\/p>\n<p style=\"text-align: justify;\">&#8211;\u00a0\u00a0\u00a0\u00a0\u00a0\u00a0\u00a0\u00a0\u00a0 la f\u00eate de fin de centre (une kermesse)\u00a0;<\/p>\n<p style=\"text-align: justify;\">&#8211;\u00a0\u00a0\u00a0\u00a0\u00a0\u00a0\u00a0\u00a0\u00a0 \u2026<\/p>\n<p style=\"text-align: justify;\">\u00a0\u2013 \u00ab\u00a0<span style=\"color: #ff0000;\">Nos jours heureux\u00a0: les colonies de vacances\u00a0<\/span>\u00bb<\/p>\n<p style=\"text-align: justify;\">\u00a0\u00a0\u00a0\u00a0\u00a0\u00a0\u00a0\u00a0\u00a0\u00a0\u00a0 Com\u00e9die plus r\u00e9cente (sortie en 2007), \u00ab\u00a0Nos jours heureux\u00a0\u00bb raconte aussi l\u2019histoire d\u2019un s\u00e9jour en centre de vacances. Cette fois-ci, le s\u00e9jour a lieu de nos jours. Plusieurs acteurs connus se partagent la vedette\u00a0: Jean-Paul Rouve est le directeur, Marilou Berry est animatrice, Jean Benguigui est cuisinier.<\/p>\n<p style=\"text-align: justify;\">\u00a0\u00a0\u00a0\u00a0\u00a0\u00a0\u00a0\u00a0\u00a0\u00a0\u00a0 L\u00e0 encore, le sujet porte plus sur les adultes qui encadrent que sur les enfants. Le \u00ab\u00a0suspens\u00a0\u00bb est d\u00fb principalement \u00e0 une inspection de la Jeunesse et des Sports et \u00e0 la venue du p\u00e8re du directeur. On y retrouve les flirts des adolescents, le racisme, les relations parents-enfant\u2026<\/p>\n<p style=\"text-align: justify;\"><a href=\"https:\/\/lemuseedelacolo.fr\/wp-content\/uploads\/2012\/11\/091.jpg\"><img loading=\"lazy\" decoding=\"async\" class=\"aligncenter size-medium wp-image-228\" title=\"091\" src=\"https:\/\/lemuseedelacolo.fr\/wp-content\/uploads\/2012\/11\/091-225x300.jpg\" alt=\"\" width=\"225\" height=\"300\" srcset=\"https:\/\/lemuseedelacolo.fr\/wp-content\/uploads\/2012\/11\/091-225x300.jpg 225w, https:\/\/lemuseedelacolo.fr\/wp-content\/uploads\/2012\/11\/091-768x1024.jpg 768w\" sizes=\"auto, (max-width: 225px) 100vw, 225px\" \/><\/a><\/p>\n<p style=\"text-align: justify;\">\u00a0\u2013 \u00ab\u00a0<span style=\"color: #ff0000;\">Scout toujours<\/span>\u00a0\u00bb<\/p>\n<p style=\"text-align: justify;\">\u00a0\u00a0\u00a0\u00a0\u00a0\u00a0\u00a0\u00a0\u00a0\u00a0\u00a0 Il serait difficile de ne pas aborder ce succ\u00e8s cin\u00e9matographique. Certes il ne s\u2019agit pas de colo, mais de scoutisme. Ceci \u00e9tant, les camps de scoutisme sont int\u00e9gr\u00e9s dans l\u2019appellation centres de vacances et de loisirs.<\/p>\n<p style=\"text-align: justify;\">\u00a0\u00a0\u00a0\u00a0\u00a0\u00a0\u00a0\u00a0\u00a0\u00a0\u00a0 Il s\u2019agit l\u00e0 encore d\u2019une com\u00e9die. Elle est sortie sur les \u00e9crans le 27 novembre 1985. G\u00e9rard Jugnot a assur\u00e9 la r\u00e9alisation et le premier r\u00f4le, celui du chef scout maladroit.<\/p>\n<p style=\"text-align: justify;\">L\u2019histoire est simple. G\u00e9rard Jugnot s\u2019est servi du m\u00eame principe \u00e0 plusieurs reprises. Maladroit, il a du mal \u00e0 remplacer son p\u00e8re. Suite \u00e0 un incident, on lui demande de diriger un camp scout (ce que son p\u00e8re aurait pu faire). Il lui arrive alors de nombreux probl\u00e8mes, on se moque de lui, on le ridiculise. Puis, arrive le gros probl\u00e8me. Il devient assez fort pour le d\u00e9passer et devenir un h\u00e9ros. Il est en fin de film, le complice de ses anciens bourreaux.<\/p>\n<p style=\"text-align: justify;\">\u00a0<a href=\"https:\/\/lemuseedelacolo.fr\/wp-content\/uploads\/2012\/11\/092.jpg\"><img loading=\"lazy\" decoding=\"async\" class=\"aligncenter size-medium wp-image-229\" title=\"092\" src=\"https:\/\/lemuseedelacolo.fr\/wp-content\/uploads\/2012\/11\/092-225x300.jpg\" alt=\"\" width=\"225\" height=\"300\" srcset=\"https:\/\/lemuseedelacolo.fr\/wp-content\/uploads\/2012\/11\/092-225x300.jpg 225w, https:\/\/lemuseedelacolo.fr\/wp-content\/uploads\/2012\/11\/092-768x1024.jpg 768w\" sizes=\"auto, (max-width: 225px) 100vw, 225px\" \/><\/a><\/p>\n<p style=\"text-align: justify;\">\u00a0\u00a0\u00a0\u00a0\u00a0\u00a0\u00a0\u00a0\u00a0\u00a0\u00a0 Les \u00ab\u00a0colos\u00a0\u00bb sont donc un sujet peu employ\u00e9 par le cin\u00e9ma. Les films sur ce th\u00e8me n\u2019ont pas \u00e9t\u00e9 de grands succ\u00e8s, except\u00e9 pour le scoutisme. Nous manquons d\u2019\u00e9l\u00e9ments pour analyser les raisons. Nous devons donc nous contenter des faits.<\/p>\n<div><br clear=\"all\" \/><\/p>\n<hr align=\"left\" size=\"1\" width=\"33%\" \/>\n<div style=\"text-align: justify;\">\n<p><a title=\"\" href=\"https:\/\/lemuseedelacolo.fr\/wp-includes\/js\/tinymce\/plugins\/paste\/pasteword.htm?ver=349-21274#_ftnref1\">[1]<\/a> C\u2019est \u00e0 partir des ann\u00e9es 50 que Jean Houssaye fait na\u00eetre \u00ab\u00a0l\u2019\u00e8re psychop\u00e9dagogique\u00a0\u00bb o\u00f9 les adultes commencent \u00e0 prendre en compte les besoins, les attentes de l\u2019enfant. La \u00ab\u00a0bo\u00eete \u00e0 id\u00e9e\u00a0\u00bb en est une tr\u00e8s belle illustration.<\/p>\n<\/div>\n<div>\n<p style=\"text-align: justify;\"><a title=\"\" href=\"https:\/\/lemuseedelacolo.fr\/wp-includes\/js\/tinymce\/plugins\/paste\/pasteword.htm?ver=349-21274#_ftnref2\">[2]<\/a> Cela peut sembler une anecdote, mais ce d\u00e9tail est tr\u00e8s pr\u00e9cis. Il donne une indication pr\u00e9cieuse sur l\u2019organisateur de la colonie. Ce sont des m\u00e9decins russes qui ont, \u00e0 l\u2019\u00e9poque, \u00e9crit que si l\u2019on dormait du c\u00f4t\u00e9 droit, on dig\u00e9rait mieux. Et comme l\u2019\u00e9valuation des colos passait par \u00ab\u00a0grandir et grossir\u00a0\u00bb, bien dig\u00e9rer \u00e9tait essentiel. Il est probable que si le centre avait des origines catholiques, les enfants auraient d\u00fb dormir sur le dos\u00a0!<\/p>\n<\/div>\n<\/div>\n","protected":false},"excerpt":{"rendered":"<p>\u00a0\u00a0\u00a0\u00a0\u00a0\u00a0\u00a0\u00a0\u00a0\u00a0\u00a0 Nous avons identifi\u00e9 trois films dont l\u2019action principale se d\u00e9roule dans un centre de vacances et un dans un camp de scoutisme. En voici une pr\u00e9sentation. \u00a0\u2013 \u00ab\u00a0Les joyeuses colonies de vacances\u00a0\u00bb \u00a0\u00a0\u00a0\u00a0\u00a0\u00a0\u00a0\u00a0\u00a0\u00a0\u00a0 Il s\u2019agit d\u2019une com\u00e9die produite en 1979. Ce film n\u2019a pas eu un grand succ\u00e8s et est peu connu. Il raconte [&hellip;]<\/p>\n","protected":false},"author":3,"featured_media":0,"parent":202,"menu_order":0,"comment_status":"open","ping_status":"open","template":"","meta":{"footnotes":""},"class_list":["post-212","page","type-page","status-publish","hentry"],"_links":{"self":[{"href":"https:\/\/lemuseedelacolo.fr\/index.php?rest_route=\/wp\/v2\/pages\/212","targetHints":{"allow":["GET"]}}],"collection":[{"href":"https:\/\/lemuseedelacolo.fr\/index.php?rest_route=\/wp\/v2\/pages"}],"about":[{"href":"https:\/\/lemuseedelacolo.fr\/index.php?rest_route=\/wp\/v2\/types\/page"}],"author":[{"embeddable":true,"href":"https:\/\/lemuseedelacolo.fr\/index.php?rest_route=\/wp\/v2\/users\/3"}],"replies":[{"embeddable":true,"href":"https:\/\/lemuseedelacolo.fr\/index.php?rest_route=%2Fwp%2Fv2%2Fcomments&post=212"}],"version-history":[{"count":5,"href":"https:\/\/lemuseedelacolo.fr\/index.php?rest_route=\/wp\/v2\/pages\/212\/revisions"}],"predecessor-version":[{"id":226,"href":"https:\/\/lemuseedelacolo.fr\/index.php?rest_route=\/wp\/v2\/pages\/212\/revisions\/226"}],"up":[{"embeddable":true,"href":"https:\/\/lemuseedelacolo.fr\/index.php?rest_route=\/wp\/v2\/pages\/202"}],"wp:attachment":[{"href":"https:\/\/lemuseedelacolo.fr\/index.php?rest_route=%2Fwp%2Fv2%2Fmedia&parent=212"}],"curies":[{"name":"wp","href":"https:\/\/api.w.org\/{rel}","templated":true}]}}