{"id":206,"date":"2012-11-25T15:55:04","date_gmt":"2012-11-25T14:55:04","guid":{"rendered":"http:\/\/lemuseedelacolo.fr\/?page_id=206"},"modified":"2015-08-18T18:27:44","modified_gmt":"2015-08-18T17:27:44","slug":"les-colos-a-la-television","status":"publish","type":"page","link":"https:\/\/lemuseedelacolo.fr\/?page_id=206","title":{"rendered":"Les colos \u00e0 la t\u00e9l\u00e9vision"},"content":{"rendered":"<p style=\"text-align: justify;\">La place des m\u00e9dias dans l\u2019image d\u2019une profession pouvant \u00eatre importante, la mode veut que de nombreuses professions aient leur s\u00e9rie. C\u2019est le cas des policiers, des juges, des gendarmes, des brocanteurs, des instituteurs, des avocats, des m\u00e9decins et m\u00eame des pr\u00eatres.<\/p>\n<p style=\"text-align: justify;\">La t\u00e9l\u00e9vision a r\u00e9alis\u00e9 des t\u00e9l\u00e9films, voire des s\u00e9ries sur de nombreuses professions. A premi\u00e8re vue, il n\u2019y en a pas sur les animateurs (nous reviendrons sur ce point). Dans l\u2019histoire de ces t\u00e9l\u00e9films, une s\u00e9rie \u00e0 marqu\u00e9 les travailleurs sociaux. Il s\u2019agit de l\u2019histoire de Jo\u00eblle Mazart, une assistante sociale en milieu scolaire. La premi\u00e8re s\u00e9rie, intitul\u00e9e \u00ab\u00a0Pause Caf\u00e9\u00a0\u00bb, de 6 \u00e9pisodes, a \u00e9t\u00e9 diffus\u00e9e \u00e0 partir du 12 f\u00e9vrier 1981. La deuxi\u00e8me, intitul\u00e9e \u00ab\u00a0Jo\u00eblle Mazart\u00a0\u00bb, \u00e0 nouveau de 6 \u00e9pisodes, a \u00e9t\u00e9 diffus\u00e9e \u00e0 partir du 16 avril 1982. Une troisi\u00e8me s\u00e9rie de 8 \u00e9pisodes plus longs (90 minutes au lieu des 52 minutes des deux s\u00e9ries pr\u00e9c\u00e9dentes) a \u00e9t\u00e9 diffus\u00e9e \u00e0 partir du 12 janvier 1989 sous le titre \u00ab\u00a0Pause caf\u00e9, pause tendresse\u00a0\u00bb. Bien \u00e9videmment, l\u2019assistante sociale travaille en banlieue, puis dans un lyc\u00e9e d\u2019enseignement professionnel. Les huit ann\u00e9es qui s\u00e9parent les s\u00e9ries ont permis aussi \u00e0 l\u2019h\u00e9ro\u00efne de vieillir. La jeune assistante sociale devient mari\u00e9e et m\u00e8re de famille. Cette s\u00e9rie a marqu\u00e9 au moins une g\u00e9n\u00e9ration d\u2019assistantes de service social<a title=\"\" href=\"https:\/\/lemuseedelacolo.fr\/wp-includes\/js\/tinymce\/plugins\/paste\/pasteword.htm?ver=349-21274#_ftn1\">[1]<\/a>. Il n\u2019est pas rare d\u2019entendre des professionnelles dire que c\u2019est cette s\u00e9rie qui a leur donn\u00e9 l\u2019id\u00e9e, l\u2019envie, la motivation pour entrer dans la profession. En ce qui concerne l\u2019impact de cette s\u00e9rie, on peut toujours se rappeler les \u00ab\u00a0ah \u00e7a, c\u2019est s\u00fbr, ah \u00e7a, c\u2019est s\u00fbr\u00a0\u00bb repris dans toutes les cours d\u2019\u00e9coles (expression utilis\u00e9e par un \u00e9l\u00e8ve du lyc\u00e9e o\u00f9 exer\u00e7ait Jo\u00eblle Mazart).<\/p>\n<p style=\"text-align: justify;\">Voyons maintenant le cas des colonies de vacances<\/p>\n<p style=\"text-align: justify;\"><span style=\"color: #ff0000;\">\u00a0Un t\u00e9l\u00e9film :\u00a0<\/span>\u00a0\u00ab\u00a0<span style=\"color: #ff0000;\">Nos jolies colonies de vacances\u00a0<\/span>\u00bb<\/p>\n<p style=\"text-align: justify;\">Ce t\u00e9l\u00e9film date de 1998 et a \u00e9t\u00e9 interpr\u00e9t\u00e9 notamment par Jean-Claude Brialy. Ce dernier est directeur d\u2019une colonie de vacances, install\u00e9e sur une \u00eele de m\u00e9diterran\u00e9e (le cas est plut\u00f4t rare). Ag\u00e9 et malade, il cherche un successeur qui pourra continuer son \u0153uvre. Il fait alors venir 8 anciens \u00ab\u00a0colons\u00a0\u00bb. Ce t\u00e9l\u00e9film traite de nombreux probl\u00e8mes, mais pas de ceux de l\u2019animation. Peu r\u00e9aliste en ce qui concerne la vie d\u2019un centre de vacances, il comprend de nombreuses situations incoh\u00e9rentes. C\u2019est par exemple, le cas des inspections de la Direction D\u00e9partementale de la Jeunesse et des Sports.<\/p>\n<p style=\"text-align: justify;\">\u00a0<span style=\"color: #ff0000;\">Deux s\u00e9ries<\/span><\/p>\n<p style=\"text-align: justify;\"><span style=\"color: #ff0000;\">La s\u00e9rie \u00ab\u00a0les monos\u00a0\u00bb<\/span><\/p>\n<p style=\"text-align: justify;\">\u00a0Cette s\u00e9rie pr\u00e9sente un travail \u00e9ducatif proche d\u2019un travail de pr\u00e9vention. Mais les \u00e9ducateurs sont appel\u00e9s \u00ab\u00a0monos\u00a0\u00bb au lieu d\u2019\u00e9ducateurs sp\u00e9cialis\u00e9s. Le nom \u00ab\u00a0Mono\u00a0\u00bb est un diminutif de \u00ab\u00a0moniteur\u00a0\u00bb, il rappelle donc plus les \u00ab\u00a0moniteurs de colos\u00a0\u00bb devenus animateurs que les \u00e9ducateurs.<\/p>\n<p style=\"text-align: justify;\">La s\u00e9rie t\u00e9l\u00e9vis\u00e9e \u00ab\u00a0les monos\u00a0\u00bb a \u00e9t\u00e9 diffus\u00e9e pour la premi\u00e8re fois en 1999. Le dernier l\u2019a \u00e9t\u00e9 en 2002. Neuf \u00e9pisodes ont \u00e9t\u00e9 r\u00e9alis\u00e9s et diffus\u00e9s. A chaque \u00e9pisode, un s\u00e9jour<a title=\"\" href=\"https:\/\/lemuseedelacolo.fr\/wp-includes\/js\/tinymce\/plugins\/paste\/pasteword.htm?ver=349-21274#_ftn2\">[2]<\/a> particulier permet d\u2019aborder un th\u00e8me nouveau. Les deux acteurs principaux (qui sont \u00e0 l\u2019origine de l\u2019id\u00e9e de la s\u00e9rie) \u00e9taient aussi acteurs dans une autre s\u00e9rie diffus\u00e9e sur TF1\u00a0: \u00ab\u00a0Navarro\u00a0\u00bb o\u00f9 ils ont, chacun, un r\u00f4le de policier. Ces deux acteurs ont quitt\u00e9 la s\u00e9rie apr\u00e8s le 8<sup>\u00e8me<\/sup> \u00e9pisode. Ils ont lanc\u00e9 une autre s\u00e9rie\u00a0: \u00ab\u00a0P\u00e8re et Maire\u00a0\u00bb. Un autre \u00e9pisode a cl\u00f4tur\u00e9 l\u2019aventure.<\/p>\n<p style=\"text-align: justify;\">Les \u00e9pisodes durent entre 1h20 et 1h30.<\/p>\n<p style=\"text-align: justify;\">Les g\u00e9n\u00e9riques des \u00e9pisodes quatre et cinq pr\u00e9cisent que la s\u00e9rie a b\u00e9n\u00e9fici\u00e9 de la collaboration du Minist\u00e8re de l\u2019Emploi et de la Solidarit\u00e9.<\/p>\n<p style=\"text-align: justify;\">\u00a0\u00a0\u00a0\u00a0\u00a0\u00a0\u00a0\u00a0\u00a0\u00a0\u00a0\u00a0 On a peu d\u2019informations sur les deux personnages principaux. Ils travaillent au moins pendant les vacances pour une association ayant pour objet d\u2019aider les jeunes en difficult\u00e9. Ils seraient enseignants dans un lyc\u00e9e technique.<\/p>\n<p>\u00a0\u00a0\u00a0\u00a0\u00a0\u00a0\u00a0\u00a0\u00a0\u00a0\u00a0 Le premier, qui est aussi le chauffeur du bus, est \u00e0 la recherche d\u2019une femme afin d\u2019avoir des enfants (ce qui arrivera au 8<sup>\u00e8me<\/sup> \u00e9pisode). Le deuxi\u00e8me, mieux implant\u00e9 dans l\u2019association (c\u2019est lui qui aurait amen\u00e9 son \u00ab\u00a0coll\u00e8gue\u00a0\u00bb) est confront\u00e9 en permanence aux probl\u00e8mes de ses enfants, de son ex-\u00e9pouse. Il a pour caract\u00e9ristiques d\u2019avoir toujours une bo\u00eete de bonbons et est surnomm\u00e9 parfois \u00ab\u00a0P\u00e8re Castor\u00a0\u00bb, ce qui pourrait faire penser \u00e0 un totem scout (\u00ab\u00a0vieux castor\u00a0\u00bb est le totem d\u2019Andr\u00e9 Lef\u00e8bvre, directeur de MJC, chef \u00e9claireur et un des fondateurs des C.E.M.E.A.) ou \u00e0 la collection de livres pour enfants du \u00ab\u00a0P\u00e8re Castor\u00a0\u00bb. Les deux \u00ab\u00a0h\u00e9ros\u00a0\u00bb dorment toujours dans la m\u00eame chambre. Un rideau s\u00e9pare les 2 lits (m\u00eame sous une tente\u00a0!).<\/p>\n<div style=\"text-align: justify;\"><span style=\"color: #ff0000;\">La s\u00e9rie \u00ab\u00a0vive la colo\u00a0\u00bb<\/span><\/div>\n<div style=\"text-align: justify;\"><br clear=\"all\" \/>Il s&rsquo;agit d&rsquo;une s\u00e9rie franco-belge qui a \u00e9t\u00e9 diffus\u00e9e sur Tf1 en avril 2012. Il y a eu 6 \u00e9pisodes d&rsquo;un peu moins d&rsquo;une heure.<\/div>\n<div style=\"text-align: justify;\">Une fois encore, ce sont plus les probl\u00e8mes des encadrants qui sont au centre du t\u00e9l\u00e9film. On a un peu l&rsquo;impression que les enfants servent d&rsquo;alibi.<\/div>\n<div style=\"text-align: justify;\">On retrouve tous les standarts du genre : les chahuts, le directeur malade, le manque d&rsquo;animateurs, l&rsquo;inspection jeunesse et sports&#8230;<\/div>\n<div style=\"text-align: justify;\">Les animateurs sont plus pr\u00e9occup\u00e9s par les probl\u00e8mes personnels que par ceux des enfants.<\/div>\n<div style=\"text-align: justify;\"><\/div>\n<div style=\"text-align: justify;\">Une deuxi\u00e8me s\u00e9rie a \u00e9t\u00e9 r\u00e9alis\u00e9e et diffus\u00e9e sur TF1, mais le r\u00e9sultat n&rsquo;est pas meilleur.<\/div>\n<hr align=\"left\" size=\"1\" width=\"33%\" \/>\n<div style=\"text-align: justify;\">\n<p><a title=\"\" href=\"https:\/\/lemuseedelacolo.fr\/wp-includes\/js\/tinymce\/plugins\/paste\/pasteword.htm?ver=349-21274#_ftnref1\">[1]<\/a> C\u2019est le nom qui est donn\u00e9 actuellement aux assistantes sociales.<\/p>\n<\/div>\n<div>\n<p style=\"text-align: justify;\"><a title=\"\" href=\"https:\/\/lemuseedelacolo.fr\/wp-includes\/js\/tinymce\/plugins\/paste\/pasteword.htm?ver=349-21274#_ftnref2\">[2]<\/a> Le fait qu\u2019il s\u2019agisse de s\u00e9jours fait davantage penser \u00e0 de l\u2019animation, bien que les \u00e9ducateurs puissent aussi organiser des s\u00e9jours qui sont alors appel\u00e9s \u00ab\u00a0transferts\u00a0\u00bb.<\/p>\n<\/div>\n","protected":false},"excerpt":{"rendered":"<p>La place des m\u00e9dias dans l\u2019image d\u2019une profession pouvant \u00eatre importante, la mode veut que de nombreuses professions aient leur s\u00e9rie. C\u2019est le cas des policiers, des juges, des gendarmes, des brocanteurs, des instituteurs, des avocats, des m\u00e9decins et m\u00eame des pr\u00eatres. La t\u00e9l\u00e9vision a r\u00e9alis\u00e9 des t\u00e9l\u00e9films, voire des s\u00e9ries sur de nombreuses professions. [&hellip;]<\/p>\n","protected":false},"author":3,"featured_media":0,"parent":202,"menu_order":0,"comment_status":"open","ping_status":"open","template":"","meta":{"footnotes":""},"class_list":["post-206","page","type-page","status-publish","hentry"],"_links":{"self":[{"href":"https:\/\/lemuseedelacolo.fr\/index.php?rest_route=\/wp\/v2\/pages\/206","targetHints":{"allow":["GET"]}}],"collection":[{"href":"https:\/\/lemuseedelacolo.fr\/index.php?rest_route=\/wp\/v2\/pages"}],"about":[{"href":"https:\/\/lemuseedelacolo.fr\/index.php?rest_route=\/wp\/v2\/types\/page"}],"author":[{"embeddable":true,"href":"https:\/\/lemuseedelacolo.fr\/index.php?rest_route=\/wp\/v2\/users\/3"}],"replies":[{"embeddable":true,"href":"https:\/\/lemuseedelacolo.fr\/index.php?rest_route=%2Fwp%2Fv2%2Fcomments&post=206"}],"version-history":[{"count":7,"href":"https:\/\/lemuseedelacolo.fr\/index.php?rest_route=\/wp\/v2\/pages\/206\/revisions"}],"predecessor-version":[{"id":830,"href":"https:\/\/lemuseedelacolo.fr\/index.php?rest_route=\/wp\/v2\/pages\/206\/revisions\/830"}],"up":[{"embeddable":true,"href":"https:\/\/lemuseedelacolo.fr\/index.php?rest_route=\/wp\/v2\/pages\/202"}],"wp:attachment":[{"href":"https:\/\/lemuseedelacolo.fr\/index.php?rest_route=%2Fwp%2Fv2%2Fmedia&parent=206"}],"curies":[{"name":"wp","href":"https:\/\/api.w.org\/{rel}","templated":true}]}}