{"id":202,"date":"2012-11-25T15:42:23","date_gmt":"2012-11-25T14:42:23","guid":{"rendered":"http:\/\/lemuseedelacolo.fr\/?page_id=202"},"modified":"2012-11-25T15:42:27","modified_gmt":"2012-11-25T14:42:27","slug":"les-colos-vues-par-les-medias","status":"publish","type":"page","link":"https:\/\/lemuseedelacolo.fr\/?page_id=202","title":{"rendered":"Les colos vues par les m\u00e9dias"},"content":{"rendered":"<p><span style=\"color: #000000; font-family: Times New Roman;\">Les m\u00e9dias n\u2019ont pas pour fonction de traiter sp\u00e9cifiquement des m\u00e9tiers. Ils les abordent au fur et \u00e0 mesure de l\u2019actualit\u00e9.\u00a0 C\u2019est \u00e0 partir de l\u00e0 que le public se fait une id\u00e9e des professions partiellement pr\u00e9sent\u00e9es. Nous pensons que parfois, ils parlent des colonies de vacances, comme ils traitent de la police, des enseignants&#8230; Il faut pr\u00e9ciser de suite que les animateurs\u00a0utilisent les m\u00e9dias tant en tant qu\u2019outil p\u00e9dagogique \u2013\u00a0ils sont souvent friands de techniques \u2013 que pour se faire conna\u00eetre, voire reconna\u00eetre.<\/span><\/p>\n<p><span style=\"color: #000000; font-family: Times New Roman;\">Dans la relation aux m\u00e9dias, on peut parfois se demander qui a invent\u00e9 quoi\u00a0? Les veill\u00e9es, les jeux, les chants qui ont fait les beaux jours (et les belles soir\u00e9es) des \u00ab\u00a0colos\u00a0\u00bb ont souvent \u00e9t\u00e9 repris par la t\u00e9l\u00e9vision\u2026qui aujourd\u2019hui inspire les centres de vacances.<\/span><\/p>\n<p><span style=\"color: #000000; font-family: Times New Roman;\">Les mouvements de jeunesse ont organis\u00e9 des projections (vues fixes, films, t\u00e9l\u00e9vision) qui ont fait conna\u00eetre les m\u00e9dias. L\u2019initiation par la pratique aux nouvelles technologies a aussi \u00e9t\u00e9 fr\u00e9quente.<\/span><\/p>\n<p><span style=\"color: #000000; font-family: Times New Roman;\">Notre objectif est de montrer que les colos\u00a0sont partiellement abord\u00e9es par les m\u00e9dias. Mais comme c\u2019est \u00e0 partir de ceux-ci que le \u00ab\u00a0grand public\u00a0\u00bb s\u2019informe, ce point est essentiel pour avoir une lecture ext\u00e9rieure\u00a0des centres de vacances\u00a0et pour comprendre \u00e0 partir de quels \u00e9l\u00e9ments les animateurs\u00a0sont per\u00e7us par ceux qui les connaissent, mais qui ne les fr\u00e9quentent pas forc\u00e9ment.<\/span><\/p>\n","protected":false},"excerpt":{"rendered":"<p>Les m\u00e9dias n\u2019ont pas pour fonction de traiter sp\u00e9cifiquement des m\u00e9tiers. Ils les abordent au fur et \u00e0 mesure de l\u2019actualit\u00e9.\u00a0 C\u2019est \u00e0 partir de l\u00e0 que le public se fait une id\u00e9e des professions partiellement pr\u00e9sent\u00e9es. Nous pensons que parfois, ils parlent des colonies de vacances, comme ils traitent de la police, des enseignants&#8230; [&hellip;]<\/p>\n","protected":false},"author":3,"featured_media":0,"parent":0,"menu_order":0,"comment_status":"open","ping_status":"open","template":"","meta":{"footnotes":""},"class_list":["post-202","page","type-page","status-publish","hentry"],"_links":{"self":[{"href":"https:\/\/lemuseedelacolo.fr\/index.php?rest_route=\/wp\/v2\/pages\/202","targetHints":{"allow":["GET"]}}],"collection":[{"href":"https:\/\/lemuseedelacolo.fr\/index.php?rest_route=\/wp\/v2\/pages"}],"about":[{"href":"https:\/\/lemuseedelacolo.fr\/index.php?rest_route=\/wp\/v2\/types\/page"}],"author":[{"embeddable":true,"href":"https:\/\/lemuseedelacolo.fr\/index.php?rest_route=\/wp\/v2\/users\/3"}],"replies":[{"embeddable":true,"href":"https:\/\/lemuseedelacolo.fr\/index.php?rest_route=%2Fwp%2Fv2%2Fcomments&post=202"}],"version-history":[{"count":3,"href":"https:\/\/lemuseedelacolo.fr\/index.php?rest_route=\/wp\/v2\/pages\/202\/revisions"}],"predecessor-version":[{"id":204,"href":"https:\/\/lemuseedelacolo.fr\/index.php?rest_route=\/wp\/v2\/pages\/202\/revisions\/204"}],"wp:attachment":[{"href":"https:\/\/lemuseedelacolo.fr\/index.php?rest_route=%2Fwp%2Fv2%2Fmedia&parent=202"}],"curies":[{"name":"wp","href":"https:\/\/api.w.org\/{rel}","templated":true}]}}