{"id":171,"date":"2012-11-11T15:38:18","date_gmt":"2012-11-11T14:38:18","guid":{"rendered":"http:\/\/lemuseedelacolo.fr\/?page_id=171"},"modified":"2013-05-08T16:31:05","modified_gmt":"2013-05-08T15:31:05","slug":"les-activites-des-colos","status":"publish","type":"page","link":"https:\/\/lemuseedelacolo.fr\/?page_id=171","title":{"rendered":"Les activit\u00e9s des colos"},"content":{"rendered":"<p>Dans ces pages en construction, nous proposerons des activit\u00e9s qui se faisaient dans les colos.<\/p>\n<p>Nous aurons au moins : des chants, des activit\u00e9s manuelles, des jeux. Pour l&rsquo;instant c&rsquo;est une trentaine de chansons qui sont accessibles en allant sur la page les chansons des colos.<\/p>\n<p>Nous remercions les \u00e9tudiants de l&rsquo;IUT de Menton qui nous ont aid\u00e9 \u00e0 cr\u00e9er ces pages.<\/p>\n<p>Si vous avez des id\u00e9es d&rsquo;activit\u00e9s, n&rsquo;h\u00e9sitez pas \u00e0 nous contacter&#8230;<\/p>\n","protected":false},"excerpt":{"rendered":"<p>Dans ces pages en construction, nous proposerons des activit\u00e9s qui se faisaient dans les colos. Nous aurons au moins : des chants, des activit\u00e9s manuelles, des jeux. Pour l&rsquo;instant c&rsquo;est une trentaine de chansons qui sont accessibles en allant sur la page les chansons des colos. Nous remercions les \u00e9tudiants de l&rsquo;IUT de Menton qui [&hellip;]<\/p>\n","protected":false},"author":3,"featured_media":0,"parent":0,"menu_order":0,"comment_status":"open","ping_status":"closed","template":"onecolumn-page.php","meta":{"footnotes":""},"class_list":["post-171","page","type-page","status-publish","hentry"],"_links":{"self":[{"href":"https:\/\/lemuseedelacolo.fr\/index.php?rest_route=\/wp\/v2\/pages\/171","targetHints":{"allow":["GET"]}}],"collection":[{"href":"https:\/\/lemuseedelacolo.fr\/index.php?rest_route=\/wp\/v2\/pages"}],"about":[{"href":"https:\/\/lemuseedelacolo.fr\/index.php?rest_route=\/wp\/v2\/types\/page"}],"author":[{"embeddable":true,"href":"https:\/\/lemuseedelacolo.fr\/index.php?rest_route=\/wp\/v2\/users\/3"}],"replies":[{"embeddable":true,"href":"https:\/\/lemuseedelacolo.fr\/index.php?rest_route=%2Fwp%2Fv2%2Fcomments&post=171"}],"version-history":[{"count":5,"href":"https:\/\/lemuseedelacolo.fr\/index.php?rest_route=\/wp\/v2\/pages\/171\/revisions"}],"predecessor-version":[{"id":498,"href":"https:\/\/lemuseedelacolo.fr\/index.php?rest_route=\/wp\/v2\/pages\/171\/revisions\/498"}],"wp:attachment":[{"href":"https:\/\/lemuseedelacolo.fr\/index.php?rest_route=%2Fwp%2Fv2%2Fmedia&parent=171"}],"curies":[{"name":"wp","href":"https:\/\/api.w.org\/{rel}","templated":true}]}}