{"id":154,"date":"2010-10-11T12:27:53","date_gmt":"2010-10-11T11:27:53","guid":{"rendered":"http:\/\/lemuseedelacolo.fr\/?page_id=154"},"modified":"2014-08-13T18:27:26","modified_gmt":"2014-08-13T17:27:26","slug":"les-nouveautes","status":"publish","type":"page","link":"https:\/\/lemuseedelacolo.fr\/?page_id=154","title":{"rendered":"Les plus r\u00e9cents"},"content":{"rendered":"<p><b><span style=\"font-size: x-large;\">L\u2019ANIMATION , <\/span><\/b>PARCOURS DE PROFESSIONNELS<\/p>\n<p>Sous la direction de Eric Carton et Elise Daragon<\/p>\n<p>Ce livre veut combler un manque dans la litt\u00e9rature sur les professionnels de l\u2019animation. Il existe peu d\u2019\u00e9tudes sur ceux qui exercent ce m\u00e9tier. Les auteurs ont rencontr\u00e9 de nombreux animateurs et ils ont propos\u00e9 \u00e0 une vingtaine d\u2019entre eux de pr\u00e9senter leurs parcours professionnels ainsi que leurs conceptions du m\u00e9tier.<\/p>\n<p>Ce sont donc 20 animateurs qui ont exerc\u00e9 dans un ou plusieurs secteurs : socioculturel, social, tourisme, culturel et formation.<\/p>\n<p>Les auteurs nous proposent une approche anthropologique de proximit\u00e9 o\u00f9 les personnes faisant partie du corps des animateurs ont pris elles-m\u00eames la plume (except\u00e9 pour trois).<\/p>\n<p>Ce livre donne une vue transversale des m\u00e9tiers qu\u2019exercent les animateurs.<\/p>\n<p><a href=\"https:\/\/lemuseedelacolo.fr\/wp-content\/uploads\/2012\/11\/img176.jpg\"><img loading=\"lazy\" decoding=\"async\" class=\"size-medium wp-image-694 aligncenter\" src=\"https:\/\/lemuseedelacolo.fr\/wp-content\/uploads\/2012\/11\/img176-178x300.jpg\" alt=\"img176\" width=\"178\" height=\"300\" srcset=\"https:\/\/lemuseedelacolo.fr\/wp-content\/uploads\/2012\/11\/img176-178x300.jpg 178w, https:\/\/lemuseedelacolo.fr\/wp-content\/uploads\/2012\/11\/img176-608x1024.jpg 608w, https:\/\/lemuseedelacolo.fr\/wp-content\/uploads\/2012\/11\/img176.jpg 1462w\" sizes=\"auto, (max-width: 178px) 100vw, 178px\" \/><\/a><\/p>\n<p><a href=\"https:\/\/lemuseedelacolo.fr\/wp-content\/uploads\/2012\/11\/img631.jpg\"><img loading=\"lazy\" decoding=\"async\" class=\"alignleft size-medium wp-image-155\" title=\"img631\" src=\"https:\/\/lemuseedelacolo.fr\/wp-content\/uploads\/2012\/11\/img631-209x300.jpg\" alt=\"\" width=\"209\" height=\"300\" srcset=\"https:\/\/lemuseedelacolo.fr\/wp-content\/uploads\/2012\/11\/img631-209x300.jpg 209w, https:\/\/lemuseedelacolo.fr\/wp-content\/uploads\/2012\/11\/img631-714x1024.jpg 714w, https:\/\/lemuseedelacolo.fr\/wp-content\/uploads\/2012\/11\/img631.jpg 1815w\" sizes=\"auto, (max-width: 209px) 100vw, 209px\" \/><\/a>Le 3\u00e8me symposium sur les CVL vient de para\u00eetre\u00a0 \u00a0\u00bb <em>Accueil collectifs de mineurs : recherches<\/em>\u00ab\u00a0, dirig\u00e9 par Jean Houssaye aux \u00e9ditions Matrice en septembre 2012.<img loading=\"lazy\" decoding=\"async\" class=\"alignright size-medium wp-image-156\" title=\"img632\" src=\"https:\/\/lemuseedelacolo.fr\/wp-content\/uploads\/2012\/11\/img632-204x300.jpg\" alt=\"\" width=\"204\" height=\"300\" srcset=\"https:\/\/lemuseedelacolo.fr\/wp-content\/uploads\/2012\/11\/img632-204x300.jpg 204w, https:\/\/lemuseedelacolo.fr\/wp-content\/uploads\/2012\/11\/img632-696x1024.jpg 696w, https:\/\/lemuseedelacolo.fr\/wp-content\/uploads\/2012\/11\/img632.jpg 1792w\" sizes=\"auto, (max-width: 204px) 100vw, 204px\" \/><\/p>\n<p>Parmi les auteurs on retrouve : Jean Houssaye, Jean-Gabriel Busy, Pierre Rosset, Cyril Dheilly, Pierre Marty, J\u00e9r\u00f4me Camus, Judit Vari, Alexandra Ferreira, J\u00e9r\u00e9mie Saunier, Jean-Marie Bataille et Eric Carton.<\/p>\n<p><a href=\"https:\/\/lemuseedelacolo.fr\/wp-content\/uploads\/2012\/11\/img8701.jpg\"><img loading=\"lazy\" decoding=\"async\" class=\"alignleft size-medium wp-image-158\" title=\"img870\" src=\"https:\/\/lemuseedelacolo.fr\/wp-content\/uploads\/2012\/11\/img8701-211x300.jpg\" alt=\"\" width=\"211\" height=\"300\" srcset=\"https:\/\/lemuseedelacolo.fr\/wp-content\/uploads\/2012\/11\/img8701-211x300.jpg 211w, https:\/\/lemuseedelacolo.fr\/wp-content\/uploads\/2012\/11\/img8701-723x1024.jpg 723w, https:\/\/lemuseedelacolo.fr\/wp-content\/uploads\/2012\/11\/img8701.jpg 1970w\" sizes=\"auto, (max-width: 211px) 100vw, 211px\" \/><\/a>Jean-Marie Mignon vient de publier un nouvel ouvrage sur les animateurs. Il s&rsquo;agit de \u00ab\u00a0<em>Les m\u00e9tiers de l&rsquo;animation<\/em>\u00a0\u00bb aux \u00e9ditions Dunod en 2012. On y trouve tous les \u00e9l\u00e9ments utiles pour un<a href=\"https:\/\/lemuseedelacolo.fr\/wp-content\/uploads\/2012\/11\/img871.jpg\"><img loading=\"lazy\" decoding=\"async\" class=\"alignright size-medium wp-image-159\" title=\"img871\" src=\"https:\/\/lemuseedelacolo.fr\/wp-content\/uploads\/2012\/11\/img871-210x300.jpg\" alt=\"\" width=\"210\" height=\"300\" srcset=\"https:\/\/lemuseedelacolo.fr\/wp-content\/uploads\/2012\/11\/img871-210x300.jpg 210w, https:\/\/lemuseedelacolo.fr\/wp-content\/uploads\/2012\/11\/img871-717x1024.jpg 717w, https:\/\/lemuseedelacolo.fr\/wp-content\/uploads\/2012\/11\/img871.jpg 1934w\" sizes=\"auto, (max-width: 210px) 100vw, 210px\" \/><\/a> animateur ou pour celui qui s&rsquo;int\u00e9resse \u00e0 ce m\u00e9tier : quelques r\u00e9p\u00e8res, les formations, les m\u00e9tiers, l&rsquo;apport \u00e9ducatif des projets, l&#8217;emploi, la l\u00e9gislation&#8230;<\/p>\n","protected":false},"excerpt":{"rendered":"<p>L\u2019ANIMATION , PARCOURS DE PROFESSIONNELS Sous la direction de Eric Carton et Elise Daragon Ce livre veut combler un manque dans la litt\u00e9rature sur les professionnels de l\u2019animation. Il existe peu d\u2019\u00e9tudes sur ceux qui exercent ce m\u00e9tier. Les auteurs ont rencontr\u00e9 de nombreux animateurs et ils ont propos\u00e9 \u00e0 une vingtaine d\u2019entre eux de [&hellip;]<\/p>\n","protected":false},"author":3,"featured_media":0,"parent":63,"menu_order":0,"comment_status":"open","ping_status":"open","template":"onecolumn-page.php","meta":{"footnotes":""},"class_list":["post-154","page","type-page","status-publish","hentry"],"_links":{"self":[{"href":"https:\/\/lemuseedelacolo.fr\/index.php?rest_route=\/wp\/v2\/pages\/154","targetHints":{"allow":["GET"]}}],"collection":[{"href":"https:\/\/lemuseedelacolo.fr\/index.php?rest_route=\/wp\/v2\/pages"}],"about":[{"href":"https:\/\/lemuseedelacolo.fr\/index.php?rest_route=\/wp\/v2\/types\/page"}],"author":[{"embeddable":true,"href":"https:\/\/lemuseedelacolo.fr\/index.php?rest_route=\/wp\/v2\/users\/3"}],"replies":[{"embeddable":true,"href":"https:\/\/lemuseedelacolo.fr\/index.php?rest_route=%2Fwp%2Fv2%2Fcomments&post=154"}],"version-history":[{"count":8,"href":"https:\/\/lemuseedelacolo.fr\/index.php?rest_route=\/wp\/v2\/pages\/154\/revisions"}],"predecessor-version":[{"id":736,"href":"https:\/\/lemuseedelacolo.fr\/index.php?rest_route=\/wp\/v2\/pages\/154\/revisions\/736"}],"up":[{"embeddable":true,"href":"https:\/\/lemuseedelacolo.fr\/index.php?rest_route=\/wp\/v2\/pages\/63"}],"wp:attachment":[{"href":"https:\/\/lemuseedelacolo.fr\/index.php?rest_route=%2Fwp%2Fv2%2Fmedia&parent=154"}],"curies":[{"name":"wp","href":"https:\/\/api.w.org\/{rel}","templated":true}]}}